{"id":8638,"date":"2025-08-21T22:25:27","date_gmt":"2025-08-21T22:25:27","guid":{"rendered":"https:\/\/prodental.hu\/shop\/?post_type=product&#038;p=8638"},"modified":"2025-11-19T11:09:19","modified_gmt":"2025-11-19T11:09:19","slug":"clearfil-majesty-es-2-universal","status":"publish","type":"product","link":"https:\/\/prodental.hu\/shop\/product\/clearfil-majesty-es-2-universal\/","title":{"rendered":"CLEARFIL MAJESTY ES-2 Universal"},"content":{"rendered":"<p>EGY IGAZ\u00c1N UNIVERZ\u00c1LIS KOMPOZIT<\/p>\n<p>F\u0151 el\u0151ny\u00f6k:<br \/>\n&#8211; Blokker haszn\u00e1lata n\u00e9lk\u00fcl, mind\u00f6ssze 3 \u00e1rnyalattalteszi lehet\u0151v\u00e9 restaur\u00e1ci\u00f3k k\u00e9sz\u00edt\u00e9s\u00e9t anterior \u00e9s poszterior r\u00e9gi\u00f3ban egyar\u00e1nt.<br \/>\n&#8211; K\u00f6nnyen form\u00e1zhat\u00f3,\u00a0nem ragad \u00e9s hossz\u00fa a feldolgoz\u00e1si id\u0151.<br \/>\n&#8211; Kellemes kezelhet\u0151s\u00e9get\u00a0\u00e9s id\u0151t biztos\u00edt a restaur\u00e1ci\u00f3 m\u0171v\u00e9szi kivitelez\u00e9s\u00e9hez.<br \/>\n&#8211; Minim\u00e1lis zsugorod\u00e1s, kop\u00e1s\u00e1ll\u00f3s\u00e1g jellemezi, \u00e9s k\u00edm\u00e9letes a szemben\u00e1ll\u00f3s fogakkal.<br \/>\n&#8211; Tart\u00f3s, hossz\u00fa \u00e9let\u0171\u00a0restaur\u00e1ci\u00f3k k\u00e9sz\u00edts\u00e9t teszi lehet\u0151v\u00e9<\/p>\n","protected":false},"excerpt":{"rendered":"<p>EGY IGAZ\u00c1N UNIVERZ\u00c1LIS KOMPOZIT<\/p>\n<p>F\u0151 el\u0151ny\u00f6k:<br \/>\n&#8211; Blokker haszn\u00e1lata n\u00e9lk\u00fcl, mind\u00f6ssze 3 \u00e1rnyalattal teszi lehet\u0151v\u00e9 restaur\u00e1ci\u00f3k k\u00e9sz\u00edt\u00e9s\u00e9t anterior \u00e9s poszterior r\u00e9gi\u00f3ban egyar\u00e1nt. Egy extrafeh\u00e9r (UW) sz\u00edn is el\u00e9rhet\u0151 a feh\u00e9r\u00edtett fogak kezel\u00e9s\u00e9re.<br \/>\n&#8211; K\u00f6nnyen form\u00e1zhat\u00f3,\u00a0nem ragad \u00e9s hossz\u00fa a feldolgoz\u00e1si id\u0151.<br \/>\n&#8211; Kellemes kezelhet\u0151s\u00e9get\u00a0\u00e9s id\u0151t biztos\u00edt a restaur\u00e1ci\u00f3 m\u0171v\u00e9szi kivitelez\u00e9s\u00e9hez.<br \/>\n&#8211; Minim\u00e1lis zsugorod\u00e1s, kop\u00e1s\u00e1ll\u00f3s\u00e1g jellemezi, \u00e9s k\u00edm\u00e9letes a szemben\u00e1ll\u00f3 fogakkal.<br \/>\n&#8211; Tart\u00f3s, hossz\u00fa \u00e9let\u0171 restaur\u00e1ci\u00f3k k\u00e9sz\u00edt\u00e9s\u00e9t teszi lehet\u0151v\u00e9<\/p>\n<p>3,6 g (2 ml) vagy 20 x 0,25 g<\/p>\n","protected":false},"featured_media":8640,"comment_status":"open","ping_status":"closed","template":"","meta":{"inline_featured_image":false},"product_brand":[154],"product_cat":[263,130],"product_tag":[],"class_list":{"0":"post-8638","1":"product","2":"type-product","3":"status-publish","4":"has-post-thumbnail","6":"product_brand-kuraray","7":"product_cat-tomeskeszites","8":"product_cat-kompozitok","10":"first","11":"instock","12":"taxable","13":"shipping-taxable","14":"purchasable","15":"product-type-variable"},"_links":{"self":[{"href":"https:\/\/prodental.hu\/shop\/wp-json\/wp\/v2\/product\/8638","targetHints":{"allow":["GET"]}}],"collection":[{"href":"https:\/\/prodental.hu\/shop\/wp-json\/wp\/v2\/product"}],"about":[{"href":"https:\/\/prodental.hu\/shop\/wp-json\/wp\/v2\/types\/product"}],"replies":[{"embeddable":true,"href":"https:\/\/prodental.hu\/shop\/wp-json\/wp\/v2\/comments?post=8638"}],"wp:featuredmedia":[{"embeddable":true,"href":"https:\/\/prodental.hu\/shop\/wp-json\/wp\/v2\/media\/8640"}],"wp:attachment":[{"href":"https:\/\/prodental.hu\/shop\/wp-json\/wp\/v2\/media?parent=8638"}],"wp:term":[{"taxonomy":"product_brand","embeddable":true,"href":"https:\/\/prodental.hu\/shop\/wp-json\/wp\/v2\/product_brand?post=8638"},{"taxonomy":"product_cat","embeddable":true,"href":"https:\/\/prodental.hu\/shop\/wp-json\/wp\/v2\/product_cat?post=8638"},{"taxonomy":"product_tag","embeddable":true,"href":"https:\/\/prodental.hu\/shop\/wp-json\/wp\/v2\/product_tag?post=8638"}],"curies":[{"name":"wp","href":"https:\/\/api.w.org\/{rel}","templated":true}]}}