{"id":8618,"date":"2025-08-21T22:04:32","date_gmt":"2025-08-21T22:04:32","guid":{"rendered":"https:\/\/prodental.hu\/shop\/?post_type=product&#038;p=8618"},"modified":"2025-11-09T14:07:50","modified_gmt":"2025-11-09T14:07:50","slug":"clearfil-majesty-es-2-premium","status":"publish","type":"product","link":"https:\/\/prodental.hu\/shop\/product\/clearfil-majesty-es-2-premium\/","title":{"rendered":"CLEARFIL MAJESTY\u2122 ES-2 Premium"},"content":{"rendered":"<p>K\u00e9t sz\u00ednb\u0151l \u00e1ll\u00f3 meghat\u00e1rozott \u00e1rnyalatkombin\u00e1ci\u00f3kkal<br \/>\nA CLEARFIL MAJESTY\u2122 ES-2 Premium a meghat\u00e1rozott dentin-zom\u00e1nc \u00e1rnyalat-kombin\u00e1ci\u00f3inak k\u00f6sz\u00f6nhet\u0151en kisz\u00e1m\u00edthat\u00f3 v\u00e9geredm\u00e9nyt biztos\u00edt a restaur\u00e1ci\u00f3k sor\u00e1n.<\/p>\n<p>F\u0151 el\u0151ny\u00f6k:<br \/>\n&#8211; T\u00f6lt\u0151anyag-tartalom 66 t\u00e9rfogat% (78 t\u00f6meg%)<br \/>\n&#8211; Szavatoss\u00e1gi id\u0151: 4 \u00e9v<br \/>\n&#8211; VITA \u00e1ltal j\u00f3v\u00e1hagyott sz\u00ednek<br \/>\n&#8211; Egyszer\u0171 form\u00e1zhat\u0151s\u00e1g<br \/>\n&#8211; Nincs sz\u00ednv\u00e1ltoz\u00e1s a polimeriz\u00e1ci\u00f3 sor\u00e1n<br \/>\n&#8211; Munkaid\u0151: 4,5 perc (4,5 perc az oper\u00e1ci\u00f3s l\u00e1mpa f\u00e9ny\u00e9ben)<br \/>\n&#8211; Kiv\u00e1l\u00f3 pol\u00edrozhat\u00f3s\u00e1g<\/p>\n<p>&nbsp;<\/p>\n","protected":false},"excerpt":{"rendered":"<p>K\u00e9t sz\u00ednb\u0151l \u00e1ll\u00f3 meghat\u00e1rozott \u00e1rnyalat-kombin\u00e1ci\u00f3kkal k\u00e9sz\u00edthet\u00fcnk igaz\u00e1n eszt\u00e9tikus, a term\u00e9szetes \u00e1llapottal t\u00f6k\u00e9letesen megegyez\u0151 restaur\u00e1ci\u00f3t.<br \/>\nA CLEARFIL MAJESTY\u2122 ES-2 Premium a meghat\u00e1rozott dentin-zom\u00e1nc \u00e1rnyalat-kombin\u00e1ci\u00f3inak k\u00f6sz\u00f6nhet\u0151en kisz\u00e1m\u00edthat\u00f3 v\u00e9geredm\u00e9nyt biztos\u00edt a restaur\u00e1ci\u00f3k sor\u00e1n.<\/p>\n<p>F\u0151 el\u0151ny\u00f6k:<br \/>\n&#8211; T\u00f6lt\u0151anyag-tartalom 66 t\u00e9rfogat% (78 t\u00f6meg%)<br \/>\n&#8211; Szavatoss\u00e1gi id\u0151: 4 \u00e9v<br \/>\n&#8211; VITA \u00e1ltal j\u00f3v\u00e1hagyott sz\u00ednek<br \/>\n&#8211; Egyszer\u0171 form\u00e1zhat\u0151s\u00e1g<br \/>\n&#8211; Nincs sz\u00ednv\u00e1ltoz\u00e1s a polimeriz\u00e1ci\u00f3 sor\u00e1n<br \/>\n&#8211; Munkaid\u0151: 4,5 perc (4,5 perc az oper\u00e1ci\u00f3s l\u00e1mpa f\u00e9ny\u00e9ben)<br \/>\n&#8211; Kiv\u00e1l\u00f3 pol\u00edrozhat\u00f3s\u00e1g<\/p>\n<p>3,6 g (2 ml) vagy 1,8 g (0,9 ml) 20&#215;0,25 g vagy<\/p>\n","protected":false},"featured_media":11928,"comment_status":"open","ping_status":"closed","template":"","meta":{"inline_featured_image":false},"product_brand":[154],"product_cat":[130,263],"product_tag":[],"class_list":{"0":"post-8618","1":"product","2":"type-product","3":"status-publish","4":"has-post-thumbnail","6":"product_brand-kuraray","7":"product_cat-kompozitok","8":"product_cat-tomeskeszites","10":"first","11":"instock","12":"taxable","13":"shipping-taxable","14":"purchasable","15":"product-type-variable"},"_links":{"self":[{"href":"https:\/\/prodental.hu\/shop\/wp-json\/wp\/v2\/product\/8618","targetHints":{"allow":["GET"]}}],"collection":[{"href":"https:\/\/prodental.hu\/shop\/wp-json\/wp\/v2\/product"}],"about":[{"href":"https:\/\/prodental.hu\/shop\/wp-json\/wp\/v2\/types\/product"}],"replies":[{"embeddable":true,"href":"https:\/\/prodental.hu\/shop\/wp-json\/wp\/v2\/comments?post=8618"}],"wp:featuredmedia":[{"embeddable":true,"href":"https:\/\/prodental.hu\/shop\/wp-json\/wp\/v2\/media\/11928"}],"wp:attachment":[{"href":"https:\/\/prodental.hu\/shop\/wp-json\/wp\/v2\/media?parent=8618"}],"wp:term":[{"taxonomy":"product_brand","embeddable":true,"href":"https:\/\/prodental.hu\/shop\/wp-json\/wp\/v2\/product_brand?post=8618"},{"taxonomy":"product_cat","embeddable":true,"href":"https:\/\/prodental.hu\/shop\/wp-json\/wp\/v2\/product_cat?post=8618"},{"taxonomy":"product_tag","embeddable":true,"href":"https:\/\/prodental.hu\/shop\/wp-json\/wp\/v2\/product_tag?post=8618"}],"curies":[{"name":"wp","href":"https:\/\/api.w.org\/{rel}","templated":true}]}}