{"id":8555,"date":"2025-08-18T12:59:41","date_gmt":"2025-08-18T12:59:41","guid":{"rendered":"https:\/\/prodental.hu\/shop\/?post_type=product&#038;p=8555"},"modified":"2025-11-19T11:23:46","modified_gmt":"2025-11-19T11:23:46","slug":"clearfil-majesty-es-2-shade-guide","status":"publish","type":"product","link":"https:\/\/prodental.hu\/shop\/product\/clearfil-majesty-es-2-shade-guide\/","title":{"rendered":"CLEARFIL MAJESTY\u2122 ES-2 Classic ut\u00e1nt\u00f6lt\u0151"},"content":{"rendered":"<p>A CLEARFIL MAJESTY\u2122 ES-2 Classic Vita \u00e9s kieg\u00e9sz\u00edt\u0151 \u00e1rnyalatokban el\u00e9rhet\u0151 monokr\u00f3m kompozit t\u00f6m\u0151anyag anterior \u00e9s poszterior r\u00e9gi\u00f3hoz egyar\u00e1nt<\/p>\n<p>F\u0151 el\u0151ny\u00f6k<br \/>\n&#8211; VITA \u00e1ltal j\u00f3v\u00e1hagyott sz\u00ednek<br \/>\n&#8211; K\u00f6t\u00e9s el\u0151tti \u00e9s ut\u00e1ni sz\u00ednegyez\u00e9s<br \/>\n&#8211; Kiv\u00e1l\u00f3an form\u00e1zhat\u00f3 \u00e9s pol\u00edrozhat\u00f3<\/p>\n<p>Indik\u00e1ci\u00f3k<br \/>\n&#8211; Direkt restaur\u00e1ci\u00f3k k\u00e9sz\u00edt\u00e9se valamennyi t\u00f6m\u00e9soszt\u00e1lyban<br \/>\n&#8211; Direkt h\u00e9jak k\u00e9sz\u00edt\u00e9se<br \/>\n&#8211; A fog helyzet\u00e9nek \u00e9s alakj\u00e1nak korrekci\u00f3ja (pl. diaszt\u00e9ma z\u00e1r\u00e1s, microdontia).<br \/>\n&#8211; T\u00f6r\u00f6tt restaur\u00e1ci\u00f3k intraor\u00e1lis jav\u00edt\u00e1sa<\/p>\n<p>A CLEARFIL MAJESTY\u2122 ES-2 Classic a VITA\u2122 \u00e1ltal &#8222;j\u00f3v\u00e1hagyott&#8221; \u00e1rnyalatokat k\u00edn\u00e1l<br \/>\nA Clearfil Majesty ES-2 Classic 18 \u00e1rnyalatban kaphat\u00f3. Vita \u00e1rnyalatok A1-t\u0151l D3-ig, valamint tov\u00e1bbi kieg\u00e9sz\u00edt\u0151 \u00e1rnyalatok XW \u00e9s W \u00e9s az extra s\u00f6t\u00e9t KA6 \u00e1rnyalat.<\/p>\n","protected":false},"excerpt":{"rendered":"<p>A CLEARFIL MAJESTY\u2122 ES-2 Classic Vita \u00e9s kieg\u00e9sz\u00edt\u0151 \u00e1rnyalatokban el\u00e9rhet\u0151 monokr\u00f3m kompozit t\u00f6m\u0151anyag anterior \u00e9s poszterior r\u00e9gi\u00f3hoz egyar\u00e1nt<\/p>\n<p>F\u0151 el\u0151ny\u00f6k<br \/>\n&#8211; VITA \u00e1ltal j\u00f3v\u00e1hagyott sz\u00ednek<br \/>\n&#8211; K\u00f6t\u00e9s el\u0151tti \u00e9s ut\u00e1ni sz\u00ednegyez\u00e9s<br \/>\n&#8211; Kiv\u00e1l\u00f3an form\u00e1zhat\u00f3 \u00e9s pol\u00edrozhat\u00f3<\/p>\n<p>Indik\u00e1ci\u00f3k<br \/>\n&#8211; Direkt restaur\u00e1ci\u00f3k k\u00e9sz\u00edt\u00e9se valamennyi t\u00f6m\u00e9soszt\u00e1lyban<br \/>\n&#8211; Direkt h\u00e9jak k\u00e9sz\u00edt\u00e9se<br \/>\n&#8211; A fog helyzet\u00e9nek \u00e9s alakj\u00e1nak korrekci\u00f3ja (pl. diaszt\u00e9ma z\u00e1r\u00e1s, microdontia).<br \/>\n&#8211; T\u00f6r\u00f6tt restaur\u00e1ci\u00f3k intraor\u00e1lis jav\u00edt\u00e1sa<\/p>\n<p>A CLEARFIL MAJESTY\u2122 ES-2 Classic a VITA\u2122 \u00e1ltal &#8222;j\u00f3v\u00e1hagyott&#8221; \u00e1rnyalatokat k\u00edn\u00e1l<br \/>\nA Clearfil Majesty ES-2 Classic 18 \u00e1rnyalatban kaphat\u00f3. Vita \u00e1rnyalatok A1-t\u0151l D3-ig, valamint tov\u00e1bbi kieg\u00e9sz\u00edt\u0151 \u00e1rnyalatok XW \u00e9s W \u00e9s az extra s\u00f6t\u00e9t KA6 \u00e1rnyalat.<\/p>\n<p>3,6 g (2 ml) vagy 20&#215;0,25 g<\/p>\n","protected":false},"featured_media":8556,"comment_status":"open","ping_status":"closed","template":"","meta":{"inline_featured_image":false},"product_brand":[154],"product_cat":[130,263],"product_tag":[],"class_list":{"0":"post-8555","1":"product","2":"type-product","3":"status-publish","4":"has-post-thumbnail","6":"product_brand-kuraray","7":"product_cat-kompozitok","8":"product_cat-tomeskeszites","10":"first","11":"instock","12":"taxable","13":"shipping-taxable","14":"purchasable","15":"product-type-variable"},"_links":{"self":[{"href":"https:\/\/prodental.hu\/shop\/wp-json\/wp\/v2\/product\/8555","targetHints":{"allow":["GET"]}}],"collection":[{"href":"https:\/\/prodental.hu\/shop\/wp-json\/wp\/v2\/product"}],"about":[{"href":"https:\/\/prodental.hu\/shop\/wp-json\/wp\/v2\/types\/product"}],"replies":[{"embeddable":true,"href":"https:\/\/prodental.hu\/shop\/wp-json\/wp\/v2\/comments?post=8555"}],"wp:featuredmedia":[{"embeddable":true,"href":"https:\/\/prodental.hu\/shop\/wp-json\/wp\/v2\/media\/8556"}],"wp:attachment":[{"href":"https:\/\/prodental.hu\/shop\/wp-json\/wp\/v2\/media?parent=8555"}],"wp:term":[{"taxonomy":"product_brand","embeddable":true,"href":"https:\/\/prodental.hu\/shop\/wp-json\/wp\/v2\/product_brand?post=8555"},{"taxonomy":"product_cat","embeddable":true,"href":"https:\/\/prodental.hu\/shop\/wp-json\/wp\/v2\/product_cat?post=8555"},{"taxonomy":"product_tag","embeddable":true,"href":"https:\/\/prodental.hu\/shop\/wp-json\/wp\/v2\/product_tag?post=8555"}],"curies":[{"name":"wp","href":"https:\/\/api.w.org\/{rel}","templated":true}]}}