{"id":8542,"date":"2025-07-28T23:36:39","date_gmt":"2025-07-28T23:36:39","guid":{"rendered":"https:\/\/prodental.hu\/shop\/?post_type=product&#038;p=8542"},"modified":"2025-11-14T20:04:14","modified_gmt":"2025-11-14T20:04:14","slug":"i-pak-hurkolt-retrakcios-fonal","status":"publish","type":"product","link":"https:\/\/prodental.hu\/shop\/product\/i-pak-hurkolt-retrakcios-fonal\/","title":{"rendered":"i-PAK ULTRA"},"content":{"rendered":"<p><strong>i-PAK \u2013 Hurkolt retrakci\u00f3s fonal<\/strong><\/p>\n<p>Az i-PAK egy nem steril, nem impregn\u00e1lt fonal, amely 100% pamutb\u00f3l k\u00e9sz\u00fclt. Egyedi hurkolt szerkezete t\u00f6bb ezer apr\u00f3, egym\u00e1sba kapcsol\u00f3d\u00f3 hurkot alkot, biztos\u00edtva a gyeng\u00e9d, m\u00e9gis hat\u00e9kony \u00edny-retrakci\u00f3t a fog\u00e1szati \u200b\u200bbeavatkoz\u00e1sok sor\u00e1n. N\u00e9gy m\u00e9retben kaphat\u00f3 (#1, #0, #00 \u00e9s #000), mindegyik vastags\u00e1g szerint jel\u00f6lve, az i-PAK sz\u00e1mos klinikai ig\u00e9nyt kiel\u00e9g\u00edt. A zsin\u00f3r \u00e9l\u00e9nk, kontrasztos sz\u00ednei \u00e9s felhaszn\u00e1l\u00f3bar\u00e1t csomagol\u00e1sa fokozza a haszn\u00e1lhat\u00f3s\u00e1got, m\u00edg speci\u00e1lis kialak\u00edt\u00e1sa megakad\u00e1lyozza a gy\u00e9m\u00e1ntf\u00far\u00f3kba val\u00f3 belegabalyod\u00e1st, \u00edgy z\u00f6kken\u0151mentesen integr\u00e1lhat\u00f3 a fog\u00e1szati \u200b\u200bmunkafolyamatokba.<\/p>\n<p><strong>Indik\u00e1ci\u00f3k:<\/strong><\/p>\n<ul>\n<li>A sulcul\u00e1ris \u00edny retrakci\u00f3j\u00e1hoz<\/li>\n<li>#1 (K\u00e9k) az el\u00fcls\u0151 fogak el\u0151k\u00e9sz\u00edt\u00e9s\u00e9hez<\/li>\n<li>#0 (Lila) az el\u00fcls\u0151 fogakhoz; fels\u0151 fonalk\u00e9nt a \u201edupla fonalas\u201d technik\u00e1hoz<\/li>\n<li>#00 (s\u00e1rga) a h\u00e9jak el\u0151k\u00e9sz\u00edt\u00e9se \u00e9s cement\u00e1l\u00e1sa sor\u00e1n; v\u00e9kony, morzsal\u00e9kos sz\u00f6vetekkel kapcsolatos restaur\u00e1ci\u00f3s elj\u00e1r\u00e1sok.<\/li>\n<li>#000 (fekete) als\u00f3 frontfogakhoz; gingiv\u00e1lis \u00e9s subgingiv\u00e1lis h\u00e9jak k\u00f6zel\u00e9ben t\u00f6rt\u00e9n\u0151 ragaszt\u00e1shoz; III., IV., V. oszt\u00e1ly\u00fa restaur\u00e1ci\u00f3khoz; els\u0151 fonal \u201edupla fonalas\u201d technik\u00e1hoz.<\/li>\n<\/ul>\n<p><strong>F\u0151bb jellemz\u0151k<\/strong><\/p>\n<ul>\n<li>A fonal 100% pamutb\u00f3l k\u00e9sz\u00fclt<\/li>\n<li>Ezernyi apr\u00f3 hurokba k\u00f6t\u00f6tt, hossz\u00fa, egym\u00e1sba fon\u00f3d\u00f3 l\u00e1ncokat alkotva<\/li>\n<li>T\u00f6lt\u00e9skor \u00f6sszenyom\u00f3dik, majd kit\u00e1gul az optim\u00e1lis visszah\u00faz\u00e1s \u00e9rdek\u00e9ben.<\/li>\n<li>Felhelyez\u00e9s ut\u00e1n gyeng\u00e9d, folyamatos kifel\u00e9 ir\u00e1nyul\u00f3 er\u0151t fejt ki, mik\u00f6zben a hurkok kiny\u00edlni pr\u00f3b\u00e1lnak.<\/li>\n<li>A sz\u00ednk\u00f3dolt m\u00e9retek egy\u00e9rtelm\u0171 megk\u00fcl\u00f6nb\u00f6ztet\u00e9st biztos\u00edtanak<\/li>\n<li>Nem gubancol\u00f3dik \u00f6ssze<\/li>\n<li>Az \u00e9l\u00e9nk sz\u00ednek fokozz\u00e1k a kontrasztot, \u00edgy jobb l\u00e1that\u00f3s\u00e1got biztos\u00edtanak a szkennel\u00e9s sor\u00e1n.<\/li>\n<li>Gyors sz\u00f6vetelmozdul\u00e1st \u00e9s r\u00e9szletes sz\u00e9leket biztos\u00edt a min\u0151s\u00e9gi lenyomatokhoz.<\/li>\n<li>K\u00f6nny\u0171 behelyezni, \u00e9s a hely\u00e9n marad<\/li>\n<li>Hipoallerg\u00e9n anyag, amely puha \u00e9s nem reakt\u00edv, \u00edgy a legt\u00f6bb beteg sz\u00e1m\u00e1ra alkalmas, bele\u00e9rtve a cukorbetegeket is.<\/li>\n<li>A v\u00e1g\u00f3val ell\u00e1tott kupak id\u0151t takar\u00edt meg \u2013 nincs sz\u00fcks\u00e9g oll\u00f3ra<\/li>\n<li>A be\u00e9p\u00edtett rozsdamentes ac\u00e9l penge tiszt\u00e1n v\u00e1g \u00e9s minden alkalommal k\u00edm\u00e9li az ujjakat<\/li>\n<\/ul>\n","protected":false},"excerpt":{"rendered":"<p>Hurkolt retrakci\u00f3s fonal<\/p>\n<p>Az i-PAK egy nem steril, nem impregn\u00e1lt fonal, amely 100% pamutb\u00f3l k\u00e9sz\u00fclt. Egyedi hurkolt szerkezete t\u00f6bb ezer apr\u00f3, egym\u00e1sba kapcsol\u00f3d\u00f3 hurkot alkot, biztos\u00edtva a gyeng\u00e9d, m\u00e9gis hat\u00e9kony \u00edny-retrakci\u00f3t a fog\u00e1szati \u200b\u200bbeavatkoz\u00e1sok sor\u00e1n. N\u00e9gy m\u00e9retben kaphat\u00f3 (#1, #0, #00 \u00e9s #000), mindegyik vastags\u00e1g szerint jel\u00f6lve, az i-PAK sz\u00e1mos klinikai ig\u00e9nyt kiel\u00e9g\u00edt. A zsin\u00f3r \u00e9l\u00e9nk, kontrasztos sz\u00ednei \u00e9s felhaszn\u00e1l\u00f3bar\u00e1t csomagol\u00e1sa fokozza a haszn\u00e1lhat\u00f3s\u00e1got, m\u00edg speci\u00e1lis kialak\u00edt\u00e1sa megakad\u00e1lyozza a gy\u00e9m\u00e1ntf\u00far\u00f3kba val\u00f3 belegabalyod\u00e1st, \u00edgy z\u00f6kken\u0151mentesen integr\u00e1lhat\u00f3 a fog\u00e1szati \u200b\u200bmunkafolyamatokba.<\/p>\n<p><strong>Indik\u00e1ci\u00f3k:<\/strong><\/p>\n<ul>\n<li>A sulcul\u00e1ris \u00edny retrakci\u00f3j\u00e1hoz<\/li>\n<li>#1 (K\u00e9k) az el\u00fcls\u0151 fogak el\u0151k\u00e9sz\u00edt\u00e9s\u00e9hez<\/li>\n<li>#0 (Lila) az el\u00fcls\u0151 fogakhoz; fels\u0151 fonalk\u00e9nt a \u201edupla fonalas\u201d technik\u00e1hoz<\/li>\n<li>#00 (s\u00e1rga) a h\u00e9jak el\u0151k\u00e9sz\u00edt\u00e9se \u00e9s cement\u00e1l\u00e1sa sor\u00e1n; v\u00e9kony, morzsal\u00e9kos sz\u00f6vetekkel kapcsolatos restaur\u00e1ci\u00f3s elj\u00e1r\u00e1sok.<\/li>\n<li>#000 (fekete) als\u00f3 frontfogakhoz; gingiv\u00e1lis \u00e9s subgingiv\u00e1lis h\u00e9jak k\u00f6zel\u00e9ben t\u00f6rt\u00e9n\u0151 ragaszt\u00e1shoz; III., IV., V. oszt\u00e1ly\u00fa restaur\u00e1ci\u00f3khoz; els\u0151 fonal \u201edupla fonalas\u201d technik\u00e1hoz.<\/li>\n<\/ul>\n","protected":false},"featured_media":8543,"comment_status":"open","ping_status":"closed","template":"","meta":{"inline_featured_image":false},"product_brand":[88],"product_cat":[271,150],"product_tag":[153,151,152],"class_list":{"0":"post-8542","1":"product","2":"type-product","3":"status-publish","4":"has-post-thumbnail","6":"product_brand-i-dental","7":"product_cat-fogpotlas","8":"product_cat-retrakcios-fonal","9":"product_tag-fonal","10":"product_tag-hurkolt","11":"product_tag-retrakcios","13":"first","14":"instock","15":"taxable","16":"shipping-taxable","17":"purchasable","18":"product-type-variable"},"_links":{"self":[{"href":"https:\/\/prodental.hu\/shop\/wp-json\/wp\/v2\/product\/8542","targetHints":{"allow":["GET"]}}],"collection":[{"href":"https:\/\/prodental.hu\/shop\/wp-json\/wp\/v2\/product"}],"about":[{"href":"https:\/\/prodental.hu\/shop\/wp-json\/wp\/v2\/types\/product"}],"replies":[{"embeddable":true,"href":"https:\/\/prodental.hu\/shop\/wp-json\/wp\/v2\/comments?post=8542"}],"wp:featuredmedia":[{"embeddable":true,"href":"https:\/\/prodental.hu\/shop\/wp-json\/wp\/v2\/media\/8543"}],"wp:attachment":[{"href":"https:\/\/prodental.hu\/shop\/wp-json\/wp\/v2\/media?parent=8542"}],"wp:term":[{"taxonomy":"product_brand","embeddable":true,"href":"https:\/\/prodental.hu\/shop\/wp-json\/wp\/v2\/product_brand?post=8542"},{"taxonomy":"product_cat","embeddable":true,"href":"https:\/\/prodental.hu\/shop\/wp-json\/wp\/v2\/product_cat?post=8542"},{"taxonomy":"product_tag","embeddable":true,"href":"https:\/\/prodental.hu\/shop\/wp-json\/wp\/v2\/product_tag?post=8542"}],"curies":[{"name":"wp","href":"https:\/\/api.w.org\/{rel}","templated":true}]}}