{"id":8529,"date":"2025-07-28T23:20:53","date_gmt":"2025-07-28T23:20:53","guid":{"rendered":"https:\/\/prodental.hu\/shop\/?post_type=product&#038;p=8529"},"modified":"2025-11-14T20:13:01","modified_gmt":"2025-11-14T20:13:01","slug":"i-zoe-n-mugyantaval-megerositett-cink-oxid-eugenol-cement","status":"publish","type":"product","link":"https:\/\/prodental.hu\/shop\/product\/i-zoe-n-mugyantaval-megerositett-cink-oxid-eugenol-cement\/","title":{"rendered":"i-ZOE N \u2013 m\u0171gyant\u00e1val meger\u0151s\u00edtett cink-oxid-eugenol cement"},"content":{"rendered":"<p><strong>i-ZOE N \u2013 m\u0171gyant\u00e1val meger\u0151s\u00edtett cink-oxid-eugenol cement<\/strong><\/p>\n<p>Az i-ZOE N egy k\u00e9miailag k\u00f6t\u0151, m\u0171gyant\u00e1val m\u00f3dos\u00edtott cink-oxid-eugenol cementelyet ideiglenes restaur\u00e1ci\u00f3khoz, koron\u00e1k \u00e9s hidak r\u00f6gz\u00edt\u00e9s\u00e9re, valamint amalg\u00e1m vagy \u00fcvegionomerek al\u00e1 t\u00f6rt\u00e9n\u0151 al\u00e1b\u00e9lel\u00e9shez fejlesztettek ki. A gyantakomponensek hozz\u00e1ad\u00e1sa fokozza a mechanikai stabilit\u00e1st, a kezelhet\u0151s\u00e9gi tulajdons\u00e1gokat \u00e9s a t\u00f6m\u00edt\u0151teljes\u00edtm\u00e9nyt, \u00edgy kiv\u00e1l\u00f3an alkalmass\u00e1 teszi k\u00fcl\u00f6nf\u00e9le klinikai alkalmaz\u00e1sokhoz.<\/p>\n<p>A k\u00f6t\u00e9si reakci\u00f3 nedvess\u00e9g hat\u00e1s\u00e1ra aktiv\u00e1l\u00f3dik, a teljes kem\u00e9nyed\u00e9s 2-10 percen bel\u00fcl intraor\u00e1lisan, a sz\u00e1j h\u0151m\u00e9rs\u00e9klet\u00e9nek \u00e9s p\u00e1ratartalm\u00e1nak k\u00f6sz\u00f6nhet\u0151en \u00e9rhet\u0151 el. A pontos feldolgoz\u00e1si id\u0151 \u00e9s a tov\u00e1bbfejlesztett kezelhet\u0151s\u00e9g k\u00f6nny\u0171 haszn\u00e1latot biztos\u00edt az orvosok sz\u00e1m\u00e1ra.<\/p>\n<p><strong>Indik\u00e1ci\u00f3k<\/strong><\/p>\n<ul>\n<li>Amalg\u00e1m \u00e9s \u00fcvegionomerek al\u00e1b\u00e9l\u00e9s\u00e9hez.<\/li>\n<li>Ideiglenes t\u00f6m\u00e9sekhez; koron\u00e1k \u00e9s hidak ideiglenes r\u00f6gz\u00edt\u00e9s\u00e9re.<\/li>\n<\/ul>\n<p><strong>F\u0151bb jellemz\u0151k<\/strong><\/p>\n<ul>\n<li>A m\u0171gyanta jav\u00edtja a stabilit\u00e1st \u00e9s a kezelhet\u0151s\u00e9gi tulajdons\u00e1gokat.<\/li>\n<li>Optim\u00e1lis nyom\u00f3szil\u00e1rds\u00e1gra tervezve ideiglenes restaur\u00e1ci\u00f3khoz.<\/li>\n<li>Nedvess\u00e9gre aktiv\u00e1l\u00f3d\u00f3 intraor\u00e1lis k\u00f6t\u00e9s 2-10 percen bel\u00fcl.<\/li>\n<li>Megb\u00edzhat\u00f3 tapad\u00e1si \u00e9s t\u00f6m\u00edt\u0151 tulajdons\u00e1gok, biztos\u00edtva a biztons\u00e1gos r\u00f6gz\u00edt\u00e9st.<\/li>\n<li>A k\u00e9miailag k\u00f6t\u0151 formula szab\u00e1lyozott k\u00f6t\u00e9si id\u0151t biztos\u00edt.<\/li>\n<li>Az eugenol alap\u00fa \u00f6sszet\u00e9tel hozz\u00e1j\u00e1rul a pulpa megnyugtat\u00e1s\u00e1hoz.<\/li>\n<\/ul>\n<p>&nbsp;<\/p>\n","protected":false},"excerpt":{"rendered":"<p>Az i-ZOE N egy k\u00e9miailag k\u00f6t\u0151, m\u0171gyant\u00e1val m\u00f3dos\u00edtott cink-oxid-eugenol cementelyet ideiglenes restaur\u00e1ci\u00f3khoz, koron\u00e1k \u00e9s hidak r\u00f6gz\u00edt\u00e9s\u00e9re, valamint amalg\u00e1m vagy \u00fcvegionomerek al\u00e1 t\u00f6rt\u00e9n\u0151 al\u00e1b\u00e9lel\u00e9shez fejlesztettek ki. A gyantakomponensek hozz\u00e1ad\u00e1sa fokozza a mechanikai stabilit\u00e1st, a kezelhet\u0151s\u00e9gi tulajdons\u00e1gokat \u00e9s a t\u00f6m\u00edt\u0151teljes\u00edtm\u00e9nyt, \u00edgy kiv\u00e1l\u00f3an alkalmass\u00e1 teszi k\u00fcl\u00f6nf\u00e9le klinikai alkalmaz\u00e1sokhoz.<\/p>\n","protected":false},"featured_media":8530,"comment_status":"open","ping_status":"closed","template":"","meta":{"inline_featured_image":false},"product_brand":[88],"product_cat":[127,142,263],"product_tag":[149,146,148,145,147],"class_list":{"0":"post-8529","1":"product","2":"type-product","3":"status-publish","4":"has-post-thumbnail","6":"product_brand-i-dental","7":"product_cat-alabelelok","8":"product_cat-ideiglenes-anyagok","9":"product_cat-tomeskeszites","10":"product_tag-cement","11":"product_tag-cink","12":"product_tag-eugenol","13":"product_tag-mugyantaval","14":"product_tag-oxid","16":"first","17":"instock","18":"taxable","19":"shipping-taxable","20":"purchasable","21":"product-type-variable"},"_links":{"self":[{"href":"https:\/\/prodental.hu\/shop\/wp-json\/wp\/v2\/product\/8529","targetHints":{"allow":["GET"]}}],"collection":[{"href":"https:\/\/prodental.hu\/shop\/wp-json\/wp\/v2\/product"}],"about":[{"href":"https:\/\/prodental.hu\/shop\/wp-json\/wp\/v2\/types\/product"}],"replies":[{"embeddable":true,"href":"https:\/\/prodental.hu\/shop\/wp-json\/wp\/v2\/comments?post=8529"}],"wp:featuredmedia":[{"embeddable":true,"href":"https:\/\/prodental.hu\/shop\/wp-json\/wp\/v2\/media\/8530"}],"wp:attachment":[{"href":"https:\/\/prodental.hu\/shop\/wp-json\/wp\/v2\/media?parent=8529"}],"wp:term":[{"taxonomy":"product_brand","embeddable":true,"href":"https:\/\/prodental.hu\/shop\/wp-json\/wp\/v2\/product_brand?post=8529"},{"taxonomy":"product_cat","embeddable":true,"href":"https:\/\/prodental.hu\/shop\/wp-json\/wp\/v2\/product_cat?post=8529"},{"taxonomy":"product_tag","embeddable":true,"href":"https:\/\/prodental.hu\/shop\/wp-json\/wp\/v2\/product_tag?post=8529"}],"curies":[{"name":"wp","href":"https:\/\/api.w.org\/{rel}","templated":true}]}}