{"id":8512,"date":"2025-07-28T22:49:15","date_gmt":"2025-07-28T22:49:15","guid":{"rendered":"https:\/\/prodental.hu\/shop\/?post_type=product&#038;p=8512"},"modified":"2025-11-14T20:16:27","modified_gmt":"2025-11-14T20:16:27","slug":"i-shine-kompozit-polirozo-paszta-4-g-os-fecskendo","status":"publish","type":"product","link":"https:\/\/prodental.hu\/shop\/product\/i-shine-kompozit-polirozo-paszta-4-g-os-fecskendo\/","title":{"rendered":"i-SHINE \u2013 kompozit pol\u00edroz\u00f3 paszta 4 g-os fecskend\u0151"},"content":{"rendered":"<p><strong>i-SHINE \u2013 kompozit pol\u00edroz\u00f3 paszta<\/strong><\/p>\n<p>Az i-SHINE egy optim\u00e1lis viszkozit\u00e1s\u00fa, tixotr\u00f3p kompozit pol\u00edroz\u00f3 paszta, amelyet professzion\u00e1lis fog\u00e1szati \u200b\u200bhaszn\u00e1latra terveztek. A h\u0151elvezet\u0151 alum\u00ednium-oxid kiv\u00e1l\u00f3 h\u0151vezet\u0151 k\u00e9pess\u00e9ggel rendelkezik, ami seg\u00edt cs\u00f6kkenteni a h\u0151k\u00e9pz\u0151d\u00e9st a pol\u00edroz\u00e1s sor\u00e1n, v\u00e9dve mind a kompozit anyagot, mind a k\u00f6rnyez\u0151 sz\u00f6veteket. Ez a paszta ide\u00e1lis a kompozit restaur\u00e1ci\u00f3k v\u00e9gs\u0151 eszt\u00e9tik\u00e1j\u00e1nak \u00e9s tart\u00f3ss\u00e1g\u00e1nak jav\u00edt\u00e1s\u00e1ra az\u00e1ltal, hogy sima fel\u00fcletet \u00e9s term\u00e9szetes, f\u00e9nyes kidolgoz\u00e1st biztos\u00edt a mikro-egyenetlens\u00e9gek elt\u00e1vol\u00edt\u00e1s\u00e1val, jelent\u0151s anyagvesztes\u00e9g n\u00e9lk\u00fcl.<\/p>\n<p><strong>Indik\u00e1ci\u00f3k<\/strong><\/p>\n<ul>\n<li>Kompozit restaur\u00e1ci\u00f3k pol\u00edroz\u00e1s\u00e1hoz (a sima fel\u00fclet \u00e9s a term\u00e9szetes csillog\u00e1s vissza\u00e1ll\u00edt\u00e1s\u00e1hoz, a sz\u00e9lek elsim\u00edt\u00e1s\u00e1hoz, az \u00e1ltal\u00e1nos megjelen\u00e9s jav\u00edt\u00e1s\u00e1hoz \u00e9s a restaur\u00e1ci\u00f3 hossz\u00fa \u00e9lettartam\u00e1nak biztos\u00edt\u00e1s\u00e1hoz).<\/li>\n<\/ul>\n<p><strong>F\u0151bb jellemz\u0151k<\/strong><\/p>\n<ul>\n<li>Jelent\u0151sen jav\u00edtja a \u200b\u200bkompozit v\u00e9gs\u0151 pol\u00edroz\u00e1s\u00e1<\/li>\n<li>Az ultrafinom alum\u00ednium-oxid r\u00e9szecsk\u00e9k lehet\u0151v\u00e9 teszik a kontroll\u00e1lt, egyenletes pol\u00edroz\u00e1st a fel\u00fclet karcol\u00e1sa n\u00e9lk\u00fcl.<\/li>\n<li>Magasf\u00e9ny\u0171, t\u00fck\u00f6rsima fel\u00fcletet biztos\u00edt, amely nagyon hasonl\u00edt a term\u00e9szetes zom\u00e1nchoz.<\/li>\n<li>A glicerin s\u00edkos\u00edt\u00f3k\u00e9nt szolg\u00e1l, biztos\u00edtva a sima \u00e1llagot \u00e9s a k\u00f6nny\u0171 \u00f6bl\u00edt\u00e9st.<\/li>\n<li>Hat\u00e9kony alkalmaz\u00e1s a sz\u00e9kben t\u00f6lt\u00f6tt id\u0151 cs\u00f6kkent\u00e9s\u00e9re.<\/li>\n<li>Hosszan tart\u00f3, ragyog\u00f3 f\u00e9ny.<\/li>\n<li>Minden t\u00edpus\u00fa fog\u00e1szati \u200b\u200bkompozittal kompatibilis.<\/li>\n<\/ul>\n","protected":false},"excerpt":{"rendered":"<p>Az i-SHINE egy optim\u00e1lis viszkozit\u00e1s\u00fa, tixotr\u00f3p kompozit pol\u00edroz\u00f3 paszta, amelyet professzion\u00e1lis fog\u00e1szati \u200b\u200bhaszn\u00e1latra terveztek. A h\u0151elvezet\u0151 alum\u00ednium-oxid kiv\u00e1l\u00f3 h\u0151vezet\u0151 k\u00e9pess\u00e9ggel rendelkezik, ami seg\u00edt cs\u00f6kkenteni a h\u0151k\u00e9pz\u0151d\u00e9st a pol\u00edroz\u00e1s sor\u00e1n, v\u00e9dve mind a kompozit anyagot, mind a k\u00f6rnyez\u0151 sz\u00f6veteket. Ez a paszta ide\u00e1lis a kompozit restaur\u00e1ci\u00f3k v\u00e9gs\u0151 eszt\u00e9tik\u00e1j\u00e1nak \u00e9s tart\u00f3ss\u00e1g\u00e1nak jav\u00edt\u00e1s\u00e1ra az\u00e1ltal, hogy sima fel\u00fcletet \u00e9s term\u00e9szetes, f\u00e9nyes kidolgoz\u00e1st biztos\u00edt a mikro-egyenetlens\u00e9gek elt\u00e1vol\u00edt\u00e1s\u00e1val, jelent\u0151s anyagvesztes\u00e9g n\u00e9lk\u00fcl.<\/p>\n","protected":false},"featured_media":8515,"comment_status":"open","ping_status":"closed","template":"","meta":{"inline_featured_image":false},"product_brand":[88],"product_cat":[215,264,263],"product_tag":[135,137,136],"class_list":{"0":"post-8512","1":"product","2":"type-product","3":"status-publish","4":"has-post-thumbnail","6":"product_brand-i-dental","7":"product_cat-kiegeszitok","8":"product_cat-kiegeszitok-tomeshez","9":"product_cat-tomeskeszites","10":"product_tag-kompozit","11":"product_tag-paszta","12":"product_tag-polirozo","14":"first","15":"instock","16":"taxable","17":"shipping-taxable","18":"purchasable","19":"product-type-simple"},"_links":{"self":[{"href":"https:\/\/prodental.hu\/shop\/wp-json\/wp\/v2\/product\/8512","targetHints":{"allow":["GET"]}}],"collection":[{"href":"https:\/\/prodental.hu\/shop\/wp-json\/wp\/v2\/product"}],"about":[{"href":"https:\/\/prodental.hu\/shop\/wp-json\/wp\/v2\/types\/product"}],"replies":[{"embeddable":true,"href":"https:\/\/prodental.hu\/shop\/wp-json\/wp\/v2\/comments?post=8512"}],"wp:featuredmedia":[{"embeddable":true,"href":"https:\/\/prodental.hu\/shop\/wp-json\/wp\/v2\/media\/8515"}],"wp:attachment":[{"href":"https:\/\/prodental.hu\/shop\/wp-json\/wp\/v2\/media?parent=8512"}],"wp:term":[{"taxonomy":"product_brand","embeddable":true,"href":"https:\/\/prodental.hu\/shop\/wp-json\/wp\/v2\/product_brand?post=8512"},{"taxonomy":"product_cat","embeddable":true,"href":"https:\/\/prodental.hu\/shop\/wp-json\/wp\/v2\/product_cat?post=8512"},{"taxonomy":"product_tag","embeddable":true,"href":"https:\/\/prodental.hu\/shop\/wp-json\/wp\/v2\/product_tag?post=8512"}],"curies":[{"name":"wp","href":"https:\/\/api.w.org\/{rel}","templated":true}]}}