{"id":8477,"date":"2025-07-28T22:07:30","date_gmt":"2025-07-28T22:07:30","guid":{"rendered":"https:\/\/prodental.hu\/shop\/?post_type=product&#038;p=8477"},"modified":"2025-11-14T20:17:30","modified_gmt":"2025-11-14T20:17:30","slug":"i-light-n-fenyrekoto-nanokompozit-cirkoniummal","status":"publish","type":"product","link":"https:\/\/prodental.hu\/shop\/product\/i-light-n-fenyrekoto-nanokompozit-cirkoniummal\/","title":{"rendered":"i-LIGHT N \u2013 F\u00e9nyrek\u00f6t\u0151 nanokompozit cirk\u00f3niummal"},"content":{"rendered":"<p><strong>i-LIGHT N \u2013 F\u00e9nyrek\u00f6t\u0151 nanokompozit cirk\u00f3niummal<\/strong><\/p>\n<p>Az i-LIGHT N egy f\u00e9nyre k\u00f6t\u0151, bioinert, radiopak nanohibrid kompozit, amely a Vita\u00ae sz\u00ednkulcson alapul, \u00e9s sz\u00e9les k\u00f6r\u0171 restaur\u00e1ci\u00f3s alkalmaz\u00e1sokhoz k\u00e9sz\u00fclt, bele\u00e9rtve az anterior \u00e9s posterior restaur\u00e1ci\u00f3kat is. A kompozit kiv\u00e1l\u00f3 pol\u00edrozhat\u00f3s\u00e1got, sz\u00ednstabilit\u00e1st \u00e9s mechanikai tulajdons\u00e1gokat k\u00edn\u00e1l, \u00edgy biztos\u00edtva a tart\u00f3s eszt\u00e9tikai \u00e9s funkcion\u00e1lis restaur\u00e1ci\u00f3kat.<\/p>\n<p><strong>Indik\u00e1ci\u00f3k<\/strong><\/p>\n<ul>\n<li>I., II., III., IV. \u00e9s V. oszt\u00e1ly\u00fa \u00fcregek direkt restaur\u00e1ci\u00f3ihoz<\/li>\n<li>Indirekt restaur\u00e1ci\u00f3khoz, p\u00e9ld\u00e1ul inlay-khez, onlay-khez<\/li>\n<li>Csonkfel\u00e9p\u00edt\u00e9shez.<\/li>\n<\/ul>\n<p><strong>F\u0151bb jellemz\u0151k<\/strong><\/p>\n<ul>\n<li>Cirk\u00f3niummal meger\u0151s\u00edtve az er\u0151 \u00e9s az eszt\u00e9tika egyens\u00faly\u00e1nak el\u00e9r\u00e9se \u00e9rdek\u00e9ben<\/li>\n<li>Optimaliz\u00e1lt t\u00f6lt\u0151anyag-\u00f6sszet\u00e9tel szab\u00e1lytalan r\u00e9szecsk\u00e9kkel a nagy ig\u00e9nybev\u00e9tel\u0171 ter\u00fcleteken val\u00f3 tart\u00f3ss\u00e1g \u00e9rdek\u00e9ben<\/li>\n<li>A sima \u00e9s homog\u00e9n \u00e1llag k\u00f6nny\u0171 felvitelt \u00e9s k\u00f6nnyed form\u00e1z\u00e1st tesz lehet\u0151v\u00e9.<\/li>\n<li>A kiv\u00e1l\u00f3 pol\u00edrozhat\u00f3s\u00e1g magasf\u00e9ny\u0171, sima fel\u00fcletet biztos\u00edt<\/li>\n<li>A hosszan tart\u00f3 sz\u00ednstabilit\u00e1s biztos\u00edtja az id\u0151 m\u00fal\u00e1s\u00e1val konzisztens eszt\u00e9tikai eredm\u00e9nyt<\/li>\n<li>A radiopak fornula fokozza a r\u00f6ntgen-l\u00e1that\u00f3s\u00e1got a beavatkoz\u00e1s ut\u00e1ni \u00e9rt\u00e9kel\u00e9s sor\u00e1n<\/li>\n<li>Biztons\u00e1gos \u00e9s bioinert \u00f6sszet\u00e9tel, kompatibilis a zom\u00e1nccal \u00e9s a dentinnel<\/li>\n<li>Sokoldal\u00faan felhaszn\u00e1lhat\u00f3, alkalmas direkt \u00e9s indirekt restaur\u00e1ci\u00f3khoz, bele\u00e9rtve az inlay-ket, onlay-ket \u00e9s csonkfel\u00e9p\u00edt\u00e9st is<\/li>\n<\/ul>\n","protected":false},"excerpt":{"rendered":"<p>Az i-LIGHT N egy f\u00e9nyre k\u00f6t\u0151, bioinert, radiopak nanohibrid kompozit, amely a Vita\u00ae sz\u00ednkulcson alapul, \u00e9s sz\u00e9les k\u00f6r\u0171 restaur\u00e1ci\u00f3s alkalmaz\u00e1sokhoz k\u00e9sz\u00fclt, bele\u00e9rtve az anterior \u00e9s posterior restaur\u00e1ci\u00f3kat is. A kompozit kiv\u00e1l\u00f3 pol\u00edrozhat\u00f3s\u00e1got, sz\u00ednstabilit\u00e1st \u00e9s mechanikai tulajdons\u00e1gokat k\u00edn\u00e1l, \u00edgy biztos\u00edtva a tart\u00f3s eszt\u00e9tikai \u00e9s funkcion\u00e1lis restaur\u00e1ci\u00f3kat.<\/p>\n","protected":false},"featured_media":8478,"comment_status":"open","ping_status":"closed","template":"","meta":{"inline_featured_image":false},"product_brand":[88],"product_cat":[263,130],"product_tag":[134,106,132],"class_list":{"0":"post-8477","1":"product","2":"type-product","3":"status-publish","4":"has-post-thumbnail","6":"product_brand-i-dental","7":"product_cat-tomeskeszites","8":"product_cat-kompozitok","9":"product_tag-cirkonium","10":"product_tag-fenyrekoto","11":"product_tag-nanokompozit","13":"first","14":"instock","15":"taxable","16":"shipping-taxable","17":"purchasable","18":"product-type-variable"},"_links":{"self":[{"href":"https:\/\/prodental.hu\/shop\/wp-json\/wp\/v2\/product\/8477","targetHints":{"allow":["GET"]}}],"collection":[{"href":"https:\/\/prodental.hu\/shop\/wp-json\/wp\/v2\/product"}],"about":[{"href":"https:\/\/prodental.hu\/shop\/wp-json\/wp\/v2\/types\/product"}],"replies":[{"embeddable":true,"href":"https:\/\/prodental.hu\/shop\/wp-json\/wp\/v2\/comments?post=8477"}],"wp:featuredmedia":[{"embeddable":true,"href":"https:\/\/prodental.hu\/shop\/wp-json\/wp\/v2\/media\/8478"}],"wp:attachment":[{"href":"https:\/\/prodental.hu\/shop\/wp-json\/wp\/v2\/media?parent=8477"}],"wp:term":[{"taxonomy":"product_brand","embeddable":true,"href":"https:\/\/prodental.hu\/shop\/wp-json\/wp\/v2\/product_brand?post=8477"},{"taxonomy":"product_cat","embeddable":true,"href":"https:\/\/prodental.hu\/shop\/wp-json\/wp\/v2\/product_cat?post=8477"},{"taxonomy":"product_tag","embeddable":true,"href":"https:\/\/prodental.hu\/shop\/wp-json\/wp\/v2\/product_tag?post=8477"}],"curies":[{"name":"wp","href":"https:\/\/api.w.org\/{rel}","templated":true}]}}