{"id":8457,"date":"2025-07-28T21:32:05","date_gmt":"2025-07-28T21:32:05","guid":{"rendered":"https:\/\/prodental.hu\/shop\/?post_type=product&#038;p=8457"},"modified":"2025-11-14T21:10:17","modified_gmt":"2025-11-14T21:10:17","slug":"i-bonding-lc-n-5-generacios-bond-5ml","status":"publish","type":"product","link":"https:\/\/prodental.hu\/shop\/product\/i-bonding-lc-n-5-generacios-bond-5ml\/","title":{"rendered":"i-BONDING LC N &#8211; 5. gener\u00e1ci\u00f3s bond 5ml"},"content":{"rendered":"<p><strong>-BONDING LC N &#8211; 5. gener\u00e1ci\u00f3s bond<\/strong><\/p>\n<p>Az i-BONDING LC N egy 5. gener\u00e1ci\u00f3s, bioinert, f\u00e9nyre k\u00f6t\u0151, k\u00e9tl\u00e9p\u00e9ses (savaz\u00e1s \u00e9s \u00f6bl\u00edt\u00e9s) bond, amelyet dry-bonding technik\u00e1hoz terveztek. Er\u0151s tapad\u00e1st biztos\u00edt a zom\u00e1nchoz \u00e9s a dentinhez, jav\u00edtja a restaur\u00e1ci\u00f3k retenci\u00f3j\u00e1t \u00e9s z\u00e1r\u00e1s\u00e1t, mik\u00f6zben v\u00e9di a fogsz\u00f6veteket \u00e9s fenntartja a funkci\u00f3t.<\/p>\n<p><strong>Klinikai indik\u00e1ci\u00f3k<\/strong><\/p>\n<ul>\n<li>Dentin \u00e9s zom\u00e1nc polimer alap\u00fa t\u00f6m\u0151anyagokhoz, kompomerekhez \u00e9s ker\u00e1mia fel\u00fcletekhez val\u00f3 k\u00f6t\u00e9s\u00e9re szolg\u00e1l a t\u00f6m\u00e9s retenci\u00f3j\u00e1nak jav\u00edt\u00e1sa \u00e9rdek\u00e9ben.<\/li>\n<\/ul>\n<p><strong>F\u0151bb jellemz\u0151k<\/strong><\/p>\n<ul>\n<li>Er\u0151s k\u00f6t\u00e9s a zom\u00e1nchoz \u00e9s a dentinhez a megb\u00edzhat\u00f3 \u00e9s tart\u00f3s restaur\u00e1ci\u00f3k\u00e9rt.<\/li>\n<li>A k\u00e9tl\u00e9p\u00e9ses (marat\u00e1s \u00e9s \u00f6bl\u00edt\u00e9s) felvitel hat\u00e9kony k\u00f6t\u00e9st \u00e9s optim\u00e1lis tapad\u00e1st biztos\u00edt.<\/li>\n<li>A bioinert k\u00e9sz\u00edtm\u00e9ny kik\u00fcsz\u00f6b\u00f6li a k\u00e1ros \u00f6sszetev\u0151ket, biztos\u00edtva a beteg biztons\u00e1g\u00e1t.<\/li>\n<li>A 20 m\u00e1sodperces megvil\u00e1g\u00edt\u00e1s gyors \u00e9s hat\u00e9kony eredm\u00e9nyt garant\u00e1l.<\/li>\n<li>A dry-bondong technik\u00e1hoz tervezt\u00e9k, amely az optim\u00e1lis tapad\u00e1shoz teljesen megsz\u00e1radt zom\u00e1ncfel\u00fcletet ig\u00e9nyel.<\/li>\n<li>Az \u00e1lland\u00f3 foly\u00e9konys\u00e1g prec\u00edz elhelyez\u00e9st \u00e9s szab\u00e1lyozott alkalmaz\u00e1st tesz lehet\u0151v\u00e9.<\/li>\n<\/ul>\n","protected":false},"excerpt":{"rendered":"<p>Az i-BONDING LC N egy 5. gener\u00e1ci\u00f3s, bioinert, f\u00e9nyre k\u00f6t\u0151, k\u00e9tl\u00e9p\u00e9ses (savaz\u00e1s \u00e9s \u00f6bl\u00edt\u00e9s) bond, amelyet dry-bonding technik\u00e1hoz terveztek. Er\u0151s tapad\u00e1st biztos\u00edt a zom\u00e1nchoz \u00e9s a dentinhez, jav\u00edtja a restaur\u00e1ci\u00f3k retenci\u00f3j\u00e1t \u00e9s z\u00e1r\u00e1s\u00e1t, mik\u00f6zben v\u00e9di a fogsz\u00f6veteket \u00e9s fenntartja a funkci\u00f3t.<\/p>\n","protected":false},"featured_media":8458,"comment_status":"open","ping_status":"closed","template":"","meta":{"inline_featured_image":false},"product_brand":[88],"product_cat":[263,126],"product_tag":[],"class_list":{"0":"post-8457","1":"product","2":"type-product","3":"status-publish","4":"has-post-thumbnail","6":"product_brand-i-dental","7":"product_cat-tomeskeszites","8":"product_cat-bondok","10":"first","11":"instock","12":"taxable","13":"shipping-taxable","14":"purchasable","15":"product-type-simple"},"_links":{"self":[{"href":"https:\/\/prodental.hu\/shop\/wp-json\/wp\/v2\/product\/8457","targetHints":{"allow":["GET"]}}],"collection":[{"href":"https:\/\/prodental.hu\/shop\/wp-json\/wp\/v2\/product"}],"about":[{"href":"https:\/\/prodental.hu\/shop\/wp-json\/wp\/v2\/types\/product"}],"replies":[{"embeddable":true,"href":"https:\/\/prodental.hu\/shop\/wp-json\/wp\/v2\/comments?post=8457"}],"wp:featuredmedia":[{"embeddable":true,"href":"https:\/\/prodental.hu\/shop\/wp-json\/wp\/v2\/media\/8458"}],"wp:attachment":[{"href":"https:\/\/prodental.hu\/shop\/wp-json\/wp\/v2\/media?parent=8457"}],"wp:term":[{"taxonomy":"product_brand","embeddable":true,"href":"https:\/\/prodental.hu\/shop\/wp-json\/wp\/v2\/product_brand?post=8457"},{"taxonomy":"product_cat","embeddable":true,"href":"https:\/\/prodental.hu\/shop\/wp-json\/wp\/v2\/product_cat?post=8457"},{"taxonomy":"product_tag","embeddable":true,"href":"https:\/\/prodental.hu\/shop\/wp-json\/wp\/v2\/product_tag?post=8457"}],"curies":[{"name":"wp","href":"https:\/\/api.w.org\/{rel}","templated":true}]}}