{"id":8368,"date":"2025-07-28T01:29:33","date_gmt":"2025-07-28T01:29:33","guid":{"rendered":"https:\/\/prodental.hu\/shop\/?post_type=product&#038;p=8368"},"modified":"2025-11-14T21:13:06","modified_gmt":"2025-11-14T21:13:06","slug":"i-gel-n-35-os-foszforsav-gel","status":"publish","type":"product","link":"https:\/\/prodental.hu\/shop\/product\/i-gel-n-35-os-foszforsav-gel\/","title":{"rendered":"i-GEL N \u2013 35%-os foszforsav g\u00e9l"},"content":{"rendered":"<p><strong>i-GEL N \u2013 35%-os foszforsav g\u00e9l<\/strong><\/p>\n<p><strong>Indik\u00e1ci\u00f3k<\/strong><\/p>\n<ul>\n<li>Fogzom\u00e1nc \u00e9s\/vagy dentin marat\u00e1s.<\/li>\n<\/ul>\n<p><strong>F\u0151bb jellemz\u0151k<\/strong><\/p>\n<ul>\n<li>A 37%-os foszforsav hat\u00e9konyan elt\u00e1vol\u00edtja a smear layert \u00e9s megnyitja a dentintubulusokat az optim\u00e1lis k\u00f6t\u00e9s \u00e9rdek\u00e9ben.<\/li>\n<li>Tixotr\u00f3p, \u00f6nter\u00fcl\u0151 formul\u00e1ja megakad\u00e1lyozza a cs\u00f6p\u00f6g\u00e9st \u00e9s k\u00f6nny\u0171 felvitelt biztos\u00edt.<\/li>\n<li>A kontrasztos k\u00e9k sz\u00edn k\u00f6nnyen l\u00e1that\u00f3v\u00e1 \u00e9s le\u00f6bl\u00edthet\u0151v\u00e9 teszi.<\/li>\n<li>Tiszt\u00e1n lemoshat\u00f3, maradv\u00e1nyok n\u00e9lk\u00fcl, optimaliz\u00e1lva a ragaszt\u00f3k\u00f6t\u00e9st.<\/li>\n<li>Gyors applik\u00e1ci\u00f3, 15 m\u00e1sodperc a dentin \u00e9s 30 m\u00e1sodperc a zom\u00e1nc eset\u00e9ben.<\/li>\n<li>A felhaszn\u00e1l\u00f3bar\u00e1t fecskend\u0151 \u00e9s hegyek biztos\u00edtj\u00e1k a pontos felvitelt \u00e9s a minim\u00e1lis anyagvesztes\u00e9get.<\/li>\n<\/ul>\n","protected":false},"excerpt":{"rendered":"<p>Fogzom\u00e1nc \u00e9s\/vagy dentin marat\u00e1s.<\/p>\n","protected":false},"featured_media":8376,"comment_status":"open","ping_status":"closed","template":"","meta":{"inline_featured_image":false},"product_brand":[88],"product_cat":[114,263],"product_tag":[120,119,121],"class_list":{"0":"post-8368","1":"product","2":"type-product","3":"status-publish","4":"has-post-thumbnail","6":"product_brand-i-dental","7":"product_cat-savak","8":"product_cat-tomeskeszites","9":"product_tag-fogzomanc","10":"product_tag-foszforsav","11":"product_tag-maratas","13":"first","14":"instock","15":"taxable","16":"shipping-taxable","17":"purchasable","18":"product-type-variable"},"_links":{"self":[{"href":"https:\/\/prodental.hu\/shop\/wp-json\/wp\/v2\/product\/8368","targetHints":{"allow":["GET"]}}],"collection":[{"href":"https:\/\/prodental.hu\/shop\/wp-json\/wp\/v2\/product"}],"about":[{"href":"https:\/\/prodental.hu\/shop\/wp-json\/wp\/v2\/types\/product"}],"replies":[{"embeddable":true,"href":"https:\/\/prodental.hu\/shop\/wp-json\/wp\/v2\/comments?post=8368"}],"wp:featuredmedia":[{"embeddable":true,"href":"https:\/\/prodental.hu\/shop\/wp-json\/wp\/v2\/media\/8376"}],"wp:attachment":[{"href":"https:\/\/prodental.hu\/shop\/wp-json\/wp\/v2\/media?parent=8368"}],"wp:term":[{"taxonomy":"product_brand","embeddable":true,"href":"https:\/\/prodental.hu\/shop\/wp-json\/wp\/v2\/product_brand?post=8368"},{"taxonomy":"product_cat","embeddable":true,"href":"https:\/\/prodental.hu\/shop\/wp-json\/wp\/v2\/product_cat?post=8368"},{"taxonomy":"product_tag","embeddable":true,"href":"https:\/\/prodental.hu\/shop\/wp-json\/wp\/v2\/product_tag?post=8368"}],"curies":[{"name":"wp","href":"https:\/\/api.w.org\/{rel}","templated":true}]}}