{"id":8358,"date":"2025-07-28T01:05:40","date_gmt":"2025-07-28T01:05:40","guid":{"rendered":"https:\/\/prodental.hu\/shop\/?post_type=product&#038;p=8358"},"modified":"2025-11-14T21:15:45","modified_gmt":"2025-11-14T21:15:45","slug":"i-dam-fenyre-koto-folyekony-kofferdam","status":"publish","type":"product","link":"https:\/\/prodental.hu\/shop\/product\/i-dam-fenyre-koto-folyekony-kofferdam\/","title":{"rendered":"i-DAM &#8211; F\u00e9nyrek\u00f6t\u0151 foly\u00e9kony kofferdam"},"content":{"rendered":"<p><strong>I-DAM \u2013 f\u00e9nyrek\u00f6t\u0151 foly\u00e9kony kofferdam<\/strong><\/p>\n<p>Az i-DAM egy f\u00e9nyrek\u00f6t\u0151 foly\u00e9kony kofferdam, amelyet az \u00ednysz\u00f6vetek \u00e9s a szomsz\u00e9dos ter\u00fcletek elk\u00fcl\u00f6n\u00edt\u00e9s\u00e9re terveztek fog\u00e1szati \u200b\u200bbeavatkoz\u00e1sok sor\u00e1n. V\u00e9d\u0151g\u00e1tk\u00e9nt szolg\u00e1l, megakad\u00e1lyozva az \u00ednysz\u00f6vetekkel \u00e9s a szomsz\u00e9dos ter\u00fcletekkel val\u00f3 \u00e9rintkez\u00e9st a nagy koncentr\u00e1ci\u00f3j\u00fa hidrog\u00e9n-peroxidot vagy m\u00e1s feh\u00e9r\u00edt\u0151szereket ig\u00e9nyl\u0151 elj\u00e1r\u00e1sok sor\u00e1n. Ezenk\u00edv\u00fcl hat\u00e9kony a kofferdam reped\u00e9seinek helyre\u00e1ll\u00edt\u00e1s\u00e1ban \u00e9s a fogak ny\u00e1l- vagy nedvess\u00e9gszennyez\u0151d\u00e9st\u0151l val\u00f3 elk\u00fcl\u00f6n\u00edt\u00e9s\u00e9ben restaur\u00e1ci\u00f3s alkalmaz\u00e1sok sor\u00e1n. K\u00e9k \u00e1rnyalatban kaphat\u00f3, tiszta kontrasztot biztos\u00edt az \u00ednysz\u00f6vettel \u00e9s a fogakkal, biztos\u00edtva a prec\u00edz felvitelt \u00e9s kontrollt.<\/p>\n<p><strong>Klinikai indik\u00e1ci\u00f3k<\/strong><\/p>\n<ul>\n<li>Az \u00edny \u00e9s\/vagy a szomsz\u00e9dos fog v\u00e9delme \u00e9rdek\u00e9ben, restaur\u00e1ci\u00f3k eset\u00e9n klinikai beavatkoz\u00e1sok, p\u00e9ld\u00e1ul fogfeh\u00e9r\u00edt\u00e9s, magas koncentr\u00e1ci\u00f3j\u00fa hidrog\u00e9n-peroxiddal t\u00f6rt\u00e9n\u0151 feh\u00e9r\u00edt\u00e9s, homokf\u00fav\u00e1s vagy er\u0151s savakkal t\u00f6rt\u00e9n\u0151 marat\u00e1s sor\u00e1n.<\/li>\n<li>Az \u00ednysz\u00f6vet teljes izol\u00e1l\u00e1s\u00e1ra \u00fcregel\u0151k\u00e9sz\u00edt\u00e9s vagy endodonciai kezel\u00e9s sor\u00e1n.<\/li>\n<\/ul>\n<p><strong>F\u0151bb jellemz\u0151k<\/strong><\/p>\n<ul>\n<li>V\u00e9d\u0151r\u00e9tegk\u00e9nt m\u0171k\u00f6dik az \u00ednysz\u00f6vetek sz\u00e1m\u00e1ra a fogfeh\u00e9r\u00edt\u00e9s \u00e9s az \u00fcreg el\u0151k\u00e9sz\u00edt\u00e9se sor\u00e1n, kiv\u00e1l\u00f3 tapad\u00e1st biztos\u00edt az \u00ednysz\u00f6vetekhez, \u00e9s biztons\u00e1gosan a hely\u00e9n marad cs\u00f6p\u00f6g\u00e9s n\u00e9lk\u00fcl.<\/li>\n<li>F\u00e9nyre kem\u00e9nyedik mind\u00f6ssze 20 m\u00e1sodperc alatt, a kem\u00e9nyed\u00e9s sor\u00e1n h\u0171v\u00f6s h\u0151m\u00e9rs\u00e9kletet tartva a fokozott betegk\u00e9nyelem \u00e9rdek\u00e9ben.<\/li>\n<li>A beavatkoz\u00e1s ut\u00e1n k\u00f6nnyen elt\u00e1vol\u00edthat\u00f3, nem hagy maradv\u00e1nyokat \u00e9s nem irrit\u00e1lja az \u00ednysz\u00f6vetet.<\/li>\n<li>Kikem\u00e9nyed\u00e9s ut\u00e1n rugalmas \u00e9s szakad\u00e1s\u00e1ll\u00f3 marad, \u00edgy tart\u00f3s \u00e9s alkalmazkod\u00f3k\u00e9pes az elj\u00e1r\u00e1sok sor\u00e1n.<\/li>\n<li>Nedvess\u00e9gbar\u00e1t k\u00e9miai \u00f6sszet\u00e9tel\u00e9nek k\u00f6sz\u00f6nhet\u0151en alkalmas p\u00e1r\u00e1s k\u00f6r\u00fclm\u00e9nyekre, \u00e9s megb\u00edzhat\u00f3an haszn\u00e1lhat\u00f3 feh\u00e9r\u00edt\u0151 s\u00ednek k\u00e9sz\u00edt\u00e9s\u00e9hez.<\/li>\n<\/ul>\n<p>J\u00f3l l\u00e1that\u00f3 k\u00e9k \u00e1rnyalatban kaphat\u00f3 a prec\u00edz felvitel \u00e9rdek\u00e9ben.<\/p>\n","protected":false},"excerpt":{"rendered":"<p>Az i-DAM egy f\u00e9nyrek\u00f6t\u0151 foly\u00e9kony kofferdam, amelyet az \u00ednysz\u00f6vetek \u00e9s a szomsz\u00e9dos ter\u00fcletek elk\u00fcl\u00f6n\u00edt\u00e9s\u00e9re terveztek fog\u00e1szati \u200b\u200bbeavatkoz\u00e1sok sor\u00e1n. V\u00e9d\u0151g\u00e1tk\u00e9nt szolg\u00e1l, megakad\u00e1lyozva az \u00ednysz\u00f6vetekkel \u00e9s a szomsz\u00e9dos ter\u00fcletekkel val\u00f3 \u00e9rintkez\u00e9st a nagy koncentr\u00e1ci\u00f3j\u00fa hidrog\u00e9n-peroxidot vagy m\u00e1s feh\u00e9r\u00edt\u0151szereket ig\u00e9nyl\u0151 elj\u00e1r\u00e1sok sor\u00e1n. Ezenk\u00edv\u00fcl hat\u00e9kony a kofferdam reped\u00e9seinek helyre\u00e1ll\u00edt\u00e1s\u00e1ban \u00e9s a fogak ny\u00e1l- vagy nedvess\u00e9gszennyez\u0151d\u00e9st\u0151l val\u00f3 elk\u00fcl\u00f6n\u00edt\u00e9s\u00e9ben restaur\u00e1ci\u00f3s alkalmaz\u00e1sok sor\u00e1n. K\u00e9k \u00e1rnyalatban kaphat\u00f3, tiszta kontrasztot biztos\u00edt az \u00ednysz\u00f6vettel \u00e9s a fogakkal, biztos\u00edtva a prec\u00edz felvitelt \u00e9s kontrollt.<\/p>\n","protected":false},"featured_media":8359,"comment_status":"open","ping_status":"closed","template":"","meta":{"inline_featured_image":false},"product_brand":[88],"product_cat":[98],"product_tag":[106,108,107],"class_list":{"0":"post-8358","1":"product","2":"type-product","3":"status-publish","4":"has-post-thumbnail","6":"product_brand-i-dental","7":"product_cat-fogfeherites","8":"product_tag-fenyrekoto","9":"product_tag-i-dam","10":"product_tag-kofferdam","12":"first","13":"instock","14":"taxable","15":"shipping-taxable","16":"purchasable","17":"product-type-variable"},"_links":{"self":[{"href":"https:\/\/prodental.hu\/shop\/wp-json\/wp\/v2\/product\/8358","targetHints":{"allow":["GET"]}}],"collection":[{"href":"https:\/\/prodental.hu\/shop\/wp-json\/wp\/v2\/product"}],"about":[{"href":"https:\/\/prodental.hu\/shop\/wp-json\/wp\/v2\/types\/product"}],"replies":[{"embeddable":true,"href":"https:\/\/prodental.hu\/shop\/wp-json\/wp\/v2\/comments?post=8358"}],"wp:featuredmedia":[{"embeddable":true,"href":"https:\/\/prodental.hu\/shop\/wp-json\/wp\/v2\/media\/8359"}],"wp:attachment":[{"href":"https:\/\/prodental.hu\/shop\/wp-json\/wp\/v2\/media?parent=8358"}],"wp:term":[{"taxonomy":"product_brand","embeddable":true,"href":"https:\/\/prodental.hu\/shop\/wp-json\/wp\/v2\/product_brand?post=8358"},{"taxonomy":"product_cat","embeddable":true,"href":"https:\/\/prodental.hu\/shop\/wp-json\/wp\/v2\/product_cat?post=8358"},{"taxonomy":"product_tag","embeddable":true,"href":"https:\/\/prodental.hu\/shop\/wp-json\/wp\/v2\/product_tag?post=8358"}],"curies":[{"name":"wp","href":"https:\/\/api.w.org\/{rel}","templated":true}]}}