{"id":8344,"date":"2025-07-28T00:51:16","date_gmt":"2025-07-28T00:51:16","guid":{"rendered":"https:\/\/prodental.hu\/shop\/?post_type=product&#038;p=8344"},"modified":"2025-11-14T21:18:18","modified_gmt":"2025-11-14T21:18:18","slug":"i-smile-fogfeherito-gel","status":"publish","type":"product","link":"https:\/\/prodental.hu\/shop\/product\/i-smile-fogfeherito-gel\/","title":{"rendered":"i-SMILE &#8211; Fogfeh\u00e9r\u00edt\u0151 g\u00e9l"},"content":{"rendered":"<p><strong>i-SMILE \u2013 fogfeh\u00e9r\u00edt\u0151 g\u00e9l<\/strong><\/p>\n<p>Az i-SMILE egy fluoridos feh\u00e9r\u00edt\u0151 g\u00e9l az \u00e9l\u0151 \u00e9s nem \u00e9l\u0151 fogak feh\u00e9r\u00edt\u00e9s\u00e9re. Minim\u00e1lisan invaz\u00edv beavatkoz\u00e1sokhoz alkalmas, egy\u00e9nileg elk\u00e9sz\u00edtett s\u00edn seg\u00edts\u00e9g\u00e9vel, otthoni feh\u00e9r\u00edt\u00e9sre, fogorvos fel\u00fcgyelete mellett. A fogorvos szab\u00e1lyozza a kezel\u00e9st \u00e9s hat\u00e1rozza meg annak id\u0151tartam\u00e1t.<\/p>\n<p><strong>Indik\u00e1ci\u00f3k<\/strong><\/p>\n<ul>\n<li>\u00c9l\u0151 fogak otthoni feh\u00e9r\u00edt\u00e9s\u00e9re fogorvos fel\u00fcgyelete mellett.<\/li>\n<li>Elhalt fogak otthoni feh\u00e9r\u00edt\u00e9s\u00e9re fogorvos fel\u00fcgyelete mellett.<\/li>\n<li>Elsz\u00ednez\u0151d\u00f6tt fogak otthoni feh\u00e9r\u00edt\u00e9s\u00e9re fogorvos fel\u00fcgyelete mellett.<\/li>\n<\/ul>\n<p><strong>F\u0151bb jellemz\u0151k<\/strong><\/p>\n<ul>\n<li><strong>10%-os karbamid-peroxid g\u00e9l<\/strong><\/li>\n<li>Hidrog\u00e9n-peroxid koncentr\u00e1ci\u00f3ja: 3,3%.<\/li>\n<li>Fluoriddal d\u00fas\u00edtott.<\/li>\n<li>Narancs \u00edz a kellemes beteg\u00e9lm\u00e9ny\u00e9rt.<\/li>\n<li>Fokozatos \u00e9s gyeng\u00e9d feh\u00e9r\u00edt\u0151 kezel\u00e9sekhez alkalmas, ide\u00e1lis enyhe elsz\u00ednez\u0151d\u00e9sben vagy \u00e9rz\u00e9kenys\u00e9gben szenved\u0151 p\u00e1ciensek sz\u00e1m\u00e1ra.<\/li>\n<\/ul>\n<p>&nbsp;<\/p>\n<ul>\n<li><strong>16%-os karbamid-peroxid g\u00e9l<\/strong><\/li>\n<li>Hidrog\u00e9n-peroxid koncentr\u00e1ci\u00f3ja: 5,3%<\/li>\n<li>Fluoriddal d\u00fas\u00edtott.<\/li>\n<li>Alm\u00e1s \u00edz a friss\u00edt\u0151 alkalmaz\u00e1shoz.<\/li>\n<li>Intenz\u00edvebb feh\u00e9r\u00edt\u0151 kezel\u00e9sekhez tervezt\u00e9k, r\u00f6videbb id\u0151 alatt \u00e9rnek el eredm\u00e9nyeket.<\/li>\n<\/ul>\n","protected":false},"excerpt":{"rendered":"<p>Az i-SMILE egy fluoridos feh\u00e9r\u00edt\u0151 g\u00e9l az \u00e9l\u0151 \u00e9s nem \u00e9l\u0151 fogak feh\u00e9r\u00edt\u00e9s\u00e9re. Minim\u00e1lisan invaz\u00edv beavatkoz\u00e1sokhoz alkalmas, egy\u00e9nileg elk\u00e9sz\u00edtett s\u00edn seg\u00edts\u00e9g\u00e9vel, otthoni feh\u00e9r\u00edt\u00e9sre, fogorvos fel\u00fcgyelete mellett. A fogorvos szab\u00e1lyozza a kezel\u00e9st \u00e9s hat\u00e1rozza meg annak id\u0151tartam\u00e1t.<\/p>\n","protected":false},"featured_media":8357,"comment_status":"open","ping_status":"closed","template":"","meta":{"inline_featured_image":false},"product_brand":[88],"product_cat":[98],"product_tag":[101,102],"class_list":{"0":"post-8344","1":"product","2":"type-product","3":"status-publish","4":"has-post-thumbnail","6":"product_brand-i-dental","7":"product_cat-fogfeherites","8":"product_tag-fogfeherito-gel","9":"product_tag-i-smile","11":"first","12":"instock","13":"taxable","14":"shipping-taxable","15":"purchasable","16":"product-type-simple"},"_links":{"self":[{"href":"https:\/\/prodental.hu\/shop\/wp-json\/wp\/v2\/product\/8344","targetHints":{"allow":["GET"]}}],"collection":[{"href":"https:\/\/prodental.hu\/shop\/wp-json\/wp\/v2\/product"}],"about":[{"href":"https:\/\/prodental.hu\/shop\/wp-json\/wp\/v2\/types\/product"}],"replies":[{"embeddable":true,"href":"https:\/\/prodental.hu\/shop\/wp-json\/wp\/v2\/comments?post=8344"}],"wp:featuredmedia":[{"embeddable":true,"href":"https:\/\/prodental.hu\/shop\/wp-json\/wp\/v2\/media\/8357"}],"wp:attachment":[{"href":"https:\/\/prodental.hu\/shop\/wp-json\/wp\/v2\/media?parent=8344"}],"wp:term":[{"taxonomy":"product_brand","embeddable":true,"href":"https:\/\/prodental.hu\/shop\/wp-json\/wp\/v2\/product_brand?post=8344"},{"taxonomy":"product_cat","embeddable":true,"href":"https:\/\/prodental.hu\/shop\/wp-json\/wp\/v2\/product_cat?post=8344"},{"taxonomy":"product_tag","embeddable":true,"href":"https:\/\/prodental.hu\/shop\/wp-json\/wp\/v2\/product_tag?post=8344"}],"curies":[{"name":"wp","href":"https:\/\/api.w.org\/{rel}","templated":true}]}}