{"id":8317,"date":"2025-07-27T23:05:55","date_gmt":"2025-07-27T23:05:55","guid":{"rendered":"https:\/\/prodental.hu\/shop\/?post_type=product&#038;p=8317"},"modified":"2025-11-14T21:18:48","modified_gmt":"2025-11-14T21:18:48","slug":"i-faste-prophy-paste-without-oil","status":"publish","type":"product","link":"https:\/\/prodental.hu\/shop\/product\/i-faste-prophy-paste-without-oil\/","title":{"rendered":"i-FASTE &#8211; olajmentes profilaxis-paszta"},"content":{"rendered":"<p><strong>i-FASTE \u2013 profilaxis-paszta<\/strong><\/p>\n<p>Az i-FASTE egy olajmentes profilaxis-paszta, amelyet professzion\u00e1lis fogtiszt\u00edt\u00e1shoz \u00e9s pol\u00edroz\u00e1shoz fejlesztettek ki. A fog\u00e1szati \u200b\u200b\u200b\u200brendel\u0151k sokf\u00e9le ig\u00e9ny\u00e9t kiel\u00e9g\u00edtve h\u00e1rom szemcsem\u00e9retben \u2013 finom, k\u00f6zepes \u00e9s durva \u2013 kaphat\u00f3, \u00edgy optim\u00e1lis teljes\u00edtm\u00e9nyt biztos\u00edt a k\u00fcl\u00f6nf\u00e9le elj\u00e1r\u00e1sokhoz, a gyeng\u00e9d zom\u00e1ncpol\u00edroz\u00e1st\u00f3l az intenz\u00edv foltelt\u00e1vol\u00edt\u00e1sig \u00e9s fogk\u0151elt\u00e1vol\u00edt\u00e1sig. Kellemes \u00edzei \u00e9s sima text\u00far\u00e1ja fokozza mind a funkcionalit\u00e1st, mind a p\u00e1ciens k\u00e9nyelm\u00e9t, \u00edgy megb\u00edzhat\u00f3 v\u00e1laszt\u00e1s a mindennapi gyakorlatban.<\/p>\n<p><strong>Indik\u00e1ci\u00f3k<\/strong><\/p>\n<ul>\n<li>Fogleped\u00e9k, fogk\u0151, foltok \u00e9s egy\u00e9b lerak\u00f3d\u00e1sok elt\u00e1vol\u00edt\u00e1sa a fogakr\u00f3l;<\/li>\n<li>A fogak felsz\u00edn\u00e9nek el\u0151k\u00e9sz\u00edt\u00e9se (tiszt\u00edt\u00e1s \u00e9s pol\u00edroz\u00e1s) restaur\u00e1ci\u00f3k \u00e9s fluoridos kezel\u00e9sek el\u0151tt;<\/li>\n<li>A restaur\u00e1ci\u00f3 ut\u00e1ni fel\u00fclet \u00fajrakont\u00faroz\u00e1sa, fin\u00edroz\u00e1sa \u00e9s pol\u00edroz\u00e1sa a norm\u00e1l kont\u00farok vissza\u00e1ll\u00edt\u00e1s\u00e1hoz, a sz\u00e9lek sim\u00edt\u00e1s\u00e1hoz, valamint a magas csillog\u00e1s el\u00e9r\u00e9s\u00e9re, a restaur\u00e1ci\u00f3 \u00f6sszk\u00e9p\u00e9nek \u00e9s tart\u00f3ss\u00e1g\u00e1nak jav\u00edt\u00e1s\u00e1hoz.<\/li>\n<\/ul>\n<p><strong>\u00a0F\u0151bb jellemz\u0151k<\/strong><\/p>\n<ul>\n<li>Testreszabott opci\u00f3k minden elj\u00e1r\u00e1shoz<\/li>\n<li>H\u00e1rom szemcsem\u00e9ret az adott klinikai ig\u00e9nyeknek megfelel\u0151en<\/li>\n<li>Fine (Finom): ide\u00e1lis a v\u00e9gs\u0151 pol\u00edroz\u00e1shoz, sima \u00e9s f\u00e9nyes zom\u00e1ncfel\u00fclet l\u00e9trehoz\u00e1s\u00e1hoz.<\/li>\n<li>Medium (K\u00f6zepes): alkalmas tiszt\u00edt\u00e1sra \u00e9s pol\u00edroz\u00e1sra a szok\u00e1sos \u00e1pol\u00e1s sor\u00e1n.<\/li>\n<li>Coarse (Durva): a makacs foltok, leped\u00e9k \u00e9s fogk\u0151 elt\u00e1vol\u00edt\u00e1s\u00e1hoz.<\/li>\n<\/ul>\n","protected":false},"excerpt":{"rendered":"<p><strong>i-FASTE \u2013 profilaxis-paszta<\/strong><\/p>\n<p>Az i-FASTE egy olajmentes profilaxis-paszta, amelyet professzion\u00e1lis fogtiszt\u00edt\u00e1shoz \u00e9s pol\u00edroz\u00e1shoz fejlesztettek ki. A fog\u00e1szati \u200b\u200b\u200b\u200brendel\u0151k sokf\u00e9le ig\u00e9ny\u00e9t kiel\u00e9g\u00edtve h\u00e1rom szemcsem\u00e9retben \u2013 finom, k\u00f6zepes \u00e9s durva \u2013 kaphat\u00f3, \u00edgy optim\u00e1lis teljes\u00edtm\u00e9nyt biztos\u00edt a k\u00fcl\u00f6nf\u00e9le elj\u00e1r\u00e1sokhoz, a gyeng\u00e9d zom\u00e1ncpol\u00edroz\u00e1st\u00f3l az intenz\u00edv foltelt\u00e1vol\u00edt\u00e1sig \u00e9s fogk\u0151elt\u00e1vol\u00edt\u00e1sig. Kellemes \u00edzei \u00e9s sima text\u00far\u00e1ja fokozza mind a funkcionalit\u00e1st, mind a p\u00e1ciens k\u00e9nyelm\u00e9t, \u00edgy megb\u00edzhat\u00f3 v\u00e1laszt\u00e1s a mindennapi gyakorlatban.<\/p>\n","protected":false},"featured_media":8341,"comment_status":"open","ping_status":"closed","template":"","meta":{"inline_featured_image":false},"product_brand":[88],"product_cat":[89],"product_tag":[96,93,97,95,94],"class_list":{"0":"post-8317","1":"product","2":"type-product","3":"status-publish","4":"has-post-thumbnail","6":"product_brand-i-dental","7":"product_cat-profilaxis","8":"product_tag-fogtisztitas","9":"product_tag-i-faste","10":"product_tag-polirozas","11":"product_tag-profilaxis-paszta","12":"product_tag-prophy-paste","14":"first","15":"instock","16":"taxable","17":"shipping-taxable","18":"purchasable","19":"product-type-variable"},"_links":{"self":[{"href":"https:\/\/prodental.hu\/shop\/wp-json\/wp\/v2\/product\/8317","targetHints":{"allow":["GET"]}}],"collection":[{"href":"https:\/\/prodental.hu\/shop\/wp-json\/wp\/v2\/product"}],"about":[{"href":"https:\/\/prodental.hu\/shop\/wp-json\/wp\/v2\/types\/product"}],"replies":[{"embeddable":true,"href":"https:\/\/prodental.hu\/shop\/wp-json\/wp\/v2\/comments?post=8317"}],"wp:featuredmedia":[{"embeddable":true,"href":"https:\/\/prodental.hu\/shop\/wp-json\/wp\/v2\/media\/8341"}],"wp:attachment":[{"href":"https:\/\/prodental.hu\/shop\/wp-json\/wp\/v2\/media?parent=8317"}],"wp:term":[{"taxonomy":"product_brand","embeddable":true,"href":"https:\/\/prodental.hu\/shop\/wp-json\/wp\/v2\/product_brand?post=8317"},{"taxonomy":"product_cat","embeddable":true,"href":"https:\/\/prodental.hu\/shop\/wp-json\/wp\/v2\/product_cat?post=8317"},{"taxonomy":"product_tag","embeddable":true,"href":"https:\/\/prodental.hu\/shop\/wp-json\/wp\/v2\/product_tag?post=8317"}],"curies":[{"name":"wp","href":"https:\/\/api.w.org\/{rel}","templated":true}]}}