{"id":12896,"date":"2026-03-17T14:24:33","date_gmt":"2026-03-17T14:24:33","guid":{"rendered":"https:\/\/prodental.hu\/shop\/?post_type=product&#038;p=12896"},"modified":"2026-03-17T14:33:54","modified_gmt":"2026-03-17T14:33:54","slug":"pola-office-csomag-ajandek-polimerizacios-lampaval","status":"publish","type":"product","link":"https:\/\/prodental.hu\/shop\/product\/pola-office-csomag-ajandek-polimerizacios-lampaval\/","title":{"rendered":"POLA OFFICE+ CSOMAG AJ\u00c1ND\u00c9K POLIMERIZ\u00c1CI\u00d3S L\u00c1MP\u00c1VAL"},"content":{"rendered":"<p>A Pola Office+ egy professzion\u00e1lis, l\u00e1mp\u00e1s, rendel\u0151i fogfeh\u00e9r\u00edt\u0151 rendszer.<\/p>\n<p>F\u0151bb jellemz\u0151i:<\/p>\n<p>37,5 % hidrog\u00e9n-peroxid-tartalom a g\u00e9lben.<br \/>\nA leggyorsabb fogfeh\u00e9r\u00edt\u0151, 3 x 8 perc megvil\u00e1g\u00edt\u00e1st ig\u00e9nyel.<br \/>\nAutomix fecskend\u0151s kiszeler\u00e9s\u0171, azaz a k\u00e9t komponens automatikusan elegyedik felvitelkor.<br \/>\nSemleges pH-\u00e9rt\u00e9k a komfortosabb kezel\u00e9s\u00e9rt \u00e9s kevesebb \u00e9rz\u00e9kenys\u00e9g\u00e9rt.<br \/>\nTartalmaz k\u00e1lium-nitr\u00e1tot (potassium nitrate) az ut\u00f3lagos \u00e9rz\u00e9kenys\u00e9g cs\u00f6kkent\u00e9s\u00e9re.<br \/>\nA k\u00e9szletben \u00ednyv\u00e9d\u0151 anyag is tal\u00e1lhat\u00f3 az \u00edny v\u00e9delm\u00e9re.<\/p>\n<p>Az SDI egy komplett rendszer (Radii Xpert l\u00e1mpa \u00e9s \u00e1llv\u00e1ny) r\u00e9szek\u00e9nt k\u00edn\u00e1lja.<\/p>\n","protected":false},"excerpt":{"rendered":"<p><span style=\"color: #ff0000;\"><strong>V\u00e1s\u00e1roljon 15 doboz, 3 p\u00e1ciens kezel\u00e9s\u00e9re elegend\u0151 Pola Office+ rendel\u0151i fogfeh\u00e9r\u00edt\u0151t (\u00e9rt\u00e9kegyeztet\u00e9ssel Pola Night otthoni feh\u00e9r\u00edt\u0151re cser\u00e9lhet\u0151) \u00e9s aj\u00e1nd\u00e9kba adunk:<\/strong><\/span><\/p>\n<p><span style=\"color: #ff0000;\"><strong>1db Radii Xpert professzion\u00e1lis LED polimeriz\u00e1ci\u00f3s l\u00e1mp\u00e1t<\/strong><\/span><\/p>\n<p><span style=\"color: #ff0000;\"><strong>1db Radii Xpert fogfeh\u00e9r\u00edt\u0151 fejet<\/strong><\/span><\/p>\n<p><span style=\"color: #ff0000;\"><strong>1db Pola Stand \u00e1llv\u00e1nyt<\/strong><\/span><\/p>\n<p><span style=\"color: #ff0000;\"><strong>AZ AJ\u00c1ND\u00c9K \u00c9RT\u00c9KE 1,366,183- Ft.<\/strong><\/span><\/p>\n","protected":false},"featured_media":12013,"comment_status":"open","ping_status":"closed","template":"","meta":{"inline_featured_image":false},"product_brand":[217],"product_cat":[281,98],"product_tag":[],"class_list":{"0":"post-12896","1":"product","2":"type-product","3":"status-publish","4":"has-post-thumbnail","6":"product_brand-sdi","7":"product_cat-akciok","8":"product_cat-fogfeherites","10":"first","11":"instock","12":"taxable","13":"shipping-taxable","14":"purchasable","15":"product-type-simple"},"_links":{"self":[{"href":"https:\/\/prodental.hu\/shop\/wp-json\/wp\/v2\/product\/12896","targetHints":{"allow":["GET"]}}],"collection":[{"href":"https:\/\/prodental.hu\/shop\/wp-json\/wp\/v2\/product"}],"about":[{"href":"https:\/\/prodental.hu\/shop\/wp-json\/wp\/v2\/types\/product"}],"replies":[{"embeddable":true,"href":"https:\/\/prodental.hu\/shop\/wp-json\/wp\/v2\/comments?post=12896"}],"wp:featuredmedia":[{"embeddable":true,"href":"https:\/\/prodental.hu\/shop\/wp-json\/wp\/v2\/media\/12013"}],"wp:attachment":[{"href":"https:\/\/prodental.hu\/shop\/wp-json\/wp\/v2\/media?parent=12896"}],"wp:term":[{"taxonomy":"product_brand","embeddable":true,"href":"https:\/\/prodental.hu\/shop\/wp-json\/wp\/v2\/product_brand?post=12896"},{"taxonomy":"product_cat","embeddable":true,"href":"https:\/\/prodental.hu\/shop\/wp-json\/wp\/v2\/product_cat?post=12896"},{"taxonomy":"product_tag","embeddable":true,"href":"https:\/\/prodental.hu\/shop\/wp-json\/wp\/v2\/product_tag?post=12896"}],"curies":[{"name":"wp","href":"https:\/\/api.w.org\/{rel}","templated":true}]}}