{"id":12880,"date":"2026-03-15T18:01:09","date_gmt":"2026-03-15T18:01:09","guid":{"rendered":"https:\/\/prodental.hu\/shop\/?post_type=product&#038;p=12880"},"modified":"2026-03-17T16:37:58","modified_gmt":"2026-03-17T16:37:58","slug":"radii-xpert-polimerizacios-es-fogfeherito-lampa-csomag-akcio","status":"publish","type":"product","link":"https:\/\/prodental.hu\/shop\/product\/radii-xpert-polimerizacios-es-fogfeherito-lampa-csomag-akcio\/","title":{"rendered":"RADII XPERT POLIMERIZ\u00c1CI\u00d3S \u00c9S FOGFEH\u00c9R\u00cdT\u0150 L\u00c1MPA CSOMAG AKCI\u00d3"},"content":{"rendered":"<p>Nagy teljes\u00edtm\u00e9ny\u0171, professzion\u00e1lis LED polimeriz\u00e1ci\u00f3s l\u00e1mpa<\/p>\n<p>&#8211; Intelligens diz\u00e1jn: sz\u00e1mos polimeriz\u00e1ci\u00f3s fej (fogfeh\u00e9r\u00edt\u0151, orthodonci\u00e1s, diagnosztikai,\u00a0 csatlakoztathat\u00f3 hozz\u00e1, \u00edgy multifunkci\u00f3s l\u00e1mpak\u00e9nt haszn\u00e1lhat\u00f3<br \/>\n&#8211; C\u00e9lz\u00f3 kereszt asszisztens,<br \/>\n&#8211; Egyszer\u0171 haszn\u00e1lhat\u00f3s\u00e1g<br \/>\n&#8211; Ergon\u00f3mikus kik\u00e9pz\u00e9s<\/p>\n","protected":false},"excerpt":{"rendered":"<p><span style=\"color: #ff0000;\"><strong>A k\u00e9szlet erej\u00e9ig el\u00e9rhet\u0151 akci\u00f3s csomag, amely tartalmaz:<\/strong><\/span><\/p>\n<p><span style=\"color: #ff0000;\"><strong>1db Radii Xpert polimeriz\u00e1ci\u00f3s l\u00e1mp\u00e1t (mindennapi haszn\u00e1latra)<\/strong><\/span><\/p>\n<p><span style=\"color: #ff0000;\"><strong>1db Radii Xpert cser\u00e9lhet\u0151 fogfeh\u00e9r\u00edt\u0151 fejet (fogfeh\u00e9r\u00edt\u00e9shez)<\/strong><\/span><\/p>\n<p><span style=\"color: #ff0000;\"><strong>1db Pola Whitening Stand \u00e1llv\u00e1nyt<\/strong><\/span><\/p>\n<p><span style=\"color: #ff0000;\"><strong>A\u00a0 rendszer seg\u00edts\u00e9g\u00e9vel a jelenleg piacon el\u00e9rhet\u0151 leggyorsabb (3&#215;8 perc) \u00e9s legeladottabb fogfeh\u00e9r\u00edt\u0151t, a Pola Office-t haszn\u00e1lhatja rendel\u0151j\u00e9ben p\u00e1cienseinek legnagyobb megel\u00e9ged\u00e9s\u00e9re.\u00a0<\/strong><\/span><\/p>\n<p>&nbsp;<\/p>\n","protected":false},"featured_media":12024,"comment_status":"open","ping_status":"closed","template":"","meta":{"inline_featured_image":false},"product_brand":[217],"product_cat":[281,98,219],"product_tag":[],"class_list":{"0":"post-12880","1":"product","2":"type-product","3":"status-publish","4":"has-post-thumbnail","6":"product_brand-sdi","7":"product_cat-akciok","8":"product_cat-fogfeherites","9":"product_cat-polimerizacios-lampa-kisgepek","11":"first","12":"instock","13":"sale","14":"taxable","15":"shipping-taxable","16":"purchasable","17":"product-type-simple"},"_links":{"self":[{"href":"https:\/\/prodental.hu\/shop\/wp-json\/wp\/v2\/product\/12880","targetHints":{"allow":["GET"]}}],"collection":[{"href":"https:\/\/prodental.hu\/shop\/wp-json\/wp\/v2\/product"}],"about":[{"href":"https:\/\/prodental.hu\/shop\/wp-json\/wp\/v2\/types\/product"}],"replies":[{"embeddable":true,"href":"https:\/\/prodental.hu\/shop\/wp-json\/wp\/v2\/comments?post=12880"}],"wp:featuredmedia":[{"embeddable":true,"href":"https:\/\/prodental.hu\/shop\/wp-json\/wp\/v2\/media\/12024"}],"wp:attachment":[{"href":"https:\/\/prodental.hu\/shop\/wp-json\/wp\/v2\/media?parent=12880"}],"wp:term":[{"taxonomy":"product_brand","embeddable":true,"href":"https:\/\/prodental.hu\/shop\/wp-json\/wp\/v2\/product_brand?post=12880"},{"taxonomy":"product_cat","embeddable":true,"href":"https:\/\/prodental.hu\/shop\/wp-json\/wp\/v2\/product_cat?post=12880"},{"taxonomy":"product_tag","embeddable":true,"href":"https:\/\/prodental.hu\/shop\/wp-json\/wp\/v2\/product_tag?post=12880"}],"curies":[{"name":"wp","href":"https:\/\/api.w.org\/{rel}","templated":true}]}}