{"id":12815,"date":"2026-02-08T14:31:21","date_gmt":"2026-02-08T14:31:21","guid":{"rendered":"https:\/\/prodental.hu\/shop\/?post_type=product&#038;p=12815"},"modified":"2026-04-01T07:59:31","modified_gmt":"2026-04-01T07:59:31","slug":"sdr-plus-31-akcio","status":"publish","type":"product","link":"https:\/\/prodental.hu\/shop\/product\/sdr-plus-31-akcio\/","title":{"rendered":"SDR PLUS &#8211; 3+1 AKCI\u00d3"},"content":{"rendered":"<p>4 mm egyben<br \/>\nKiv\u00e1l\u00f3 adapt\u00e1ci\u00f3 az \u00fcreg fal\u00e1hoz<br \/>\nA legalacsonyabb stressz \u00e9rt\u00e9k\u0171 t\u00f6m\u0151anyag<br \/>\nMegb\u00edzhat\u00f3 m\u00e9g a magas C-faktor eset\u00e9n is<br \/>\nKiv\u00e1l\u00f3 adhezi\u00f3 a dentinhez a magas C-Factor\u00fa trepan\u00e1ci\u00f3s \u00fcregekben is.<\/p>\n<p><strong>Indik\u00e1ci\u00f3k<\/strong><\/p>\n<p>I. \u00e9s II. oszt\u00e1ly\u00fa helyre\u00e1ll\u00edt\u00e1sok eset\u00e9n 4 mm-es r\u00e9tegvastags\u00e1gban<br \/>\nTejfogak eset\u00e9n fed\u0151kompozit n\u00e9lk\u00fcl<br \/>\nPoszt endodonciai koron\u00e1lis lez\u00e1r\u00e1sra &#8211; 0% a csatorn\u00e1ba t\u00f6rt\u00e9n\u0151 sziv\u00e1rg\u00e1s<br \/>\nI. oszt\u00e1ly\u00fa helyre\u00e1ll\u00edt\u00e1sok est\u00e9n fed\u0151 kompozit n\u00e9lk\u00fcl<br \/>\nBar\u00e1zdaz\u00e1r\u00e1s<br \/>\nCsonkfel\u00e9p\u00edt\u00e9s<\/p>\n","protected":false},"excerpt":{"rendered":"<p><span style=\"color: #ff0000;\"><strong>3 doboz kapszul\u00e1s kiszerel\u00e9s\u0171, 15 db-os SDR Plus ut\u00e1nt\u00f6lt\u0151 egyidej\u0171 megv\u00e1s\u00e1rl\u00e1sa eset\u00e9n egy 15 db-os Universalis sz\u00edn\u0171 ut\u00e1nt\u00f6lt\u0151 az aj\u00e1nd\u00e9k. Az aj\u00e1nd\u00e9kot a gy\u00e1rt\u00f3 k\u00f6zvetlen\u00fcl \u00d6nnek k\u00fcldi el, miut\u00e1n bemutattuk a v\u00e1s\u00e1rl\u00e1st igazol\u00f3 sz\u00e1ml\u00e1t. K\u00e9rj\u00fck a 3 doboz sz\u00edn\u00e9t (A1, A2, A3, U) a rendel\u00e9skor megjegyz\u00e9sben megjel\u00f6lni!<\/strong><\/span><\/p>\n","protected":false},"featured_media":12836,"comment_status":"open","ping_status":"closed","template":"","meta":{"inline_featured_image":false},"product_brand":[222],"product_cat":[281,127,220],"product_tag":[],"class_list":{"0":"post-12815","1":"product","2":"type-product","3":"status-publish","4":"has-post-thumbnail","6":"product_brand-dentsply-sirona","7":"product_cat-akciok","8":"product_cat-alabelelok","9":"product_cat-uvegionomer-tomoanyagok","11":"first","12":"instock","13":"taxable","14":"shipping-taxable","15":"purchasable","16":"product-type-simple"},"_links":{"self":[{"href":"https:\/\/prodental.hu\/shop\/wp-json\/wp\/v2\/product\/12815","targetHints":{"allow":["GET"]}}],"collection":[{"href":"https:\/\/prodental.hu\/shop\/wp-json\/wp\/v2\/product"}],"about":[{"href":"https:\/\/prodental.hu\/shop\/wp-json\/wp\/v2\/types\/product"}],"replies":[{"embeddable":true,"href":"https:\/\/prodental.hu\/shop\/wp-json\/wp\/v2\/comments?post=12815"}],"wp:featuredmedia":[{"embeddable":true,"href":"https:\/\/prodental.hu\/shop\/wp-json\/wp\/v2\/media\/12836"}],"wp:attachment":[{"href":"https:\/\/prodental.hu\/shop\/wp-json\/wp\/v2\/media?parent=12815"}],"wp:term":[{"taxonomy":"product_brand","embeddable":true,"href":"https:\/\/prodental.hu\/shop\/wp-json\/wp\/v2\/product_brand?post=12815"},{"taxonomy":"product_cat","embeddable":true,"href":"https:\/\/prodental.hu\/shop\/wp-json\/wp\/v2\/product_cat?post=12815"},{"taxonomy":"product_tag","embeddable":true,"href":"https:\/\/prodental.hu\/shop\/wp-json\/wp\/v2\/product_tag?post=12815"}],"curies":[{"name":"wp","href":"https:\/\/api.w.org\/{rel}","templated":true}]}}