{"id":12773,"date":"2026-01-11T21:10:54","date_gmt":"2026-01-11T21:10:54","guid":{"rendered":"https:\/\/prodental.hu\/shop\/?post_type=product&#038;p=12773"},"modified":"2026-01-11T21:10:54","modified_gmt":"2026-01-11T21:10:54","slug":"heydent-lezeres-fogfeherito","status":"publish","type":"product","link":"https:\/\/prodental.hu\/shop\/product\/heydent-lezeres-fogfeherito\/","title":{"rendered":"HEYDENT L\u00c9ZERES FOGFEH\u00c9R\u00cdT\u0150"},"content":{"rendered":"<p>A legmodernebb leggyorsabb fogfeh\u00e9r\u00edt\u00e9si elj\u00e1r\u00e1s. A Heydent JW fogfeh\u00e9r\u00edt\u0151 g\u00e9lt kifejezetten 810 nmm \u00e9s 980 nm hull\u00e1mhossz\u00fas\u00e1g\u00fa di\u00f3dal\u00e9zerek sz\u00e1m\u00e1ra fejlesztett\u00e9k ki. A l\u00e9zer egy speci\u00e1lis k\u00e9zidarab seg\u00edts\u00e9g\u00e9vel a megadott hull\u00e1mhossz\u00fas\u00e1gon aktiv\u00e1lja a feh\u00e9r\u00edt\u0151 g\u00e9lt. Biztons\u00e1gos \u00e9s hat\u00e9kony elj\u00e1r\u00e1s, amely t\u00f6k\u00e9letes eszk\u00f6z a s\u00f6t\u00e9t sz\u00edn\u0171 \u00e9s elsz\u00ednez\u0151d\u00f6tt fogak feh\u00e9r\u00edt\u00e9s\u00e9re. A feh\u00e9r\u00edt\u00e9s m\u00e9rt\u00e9ke p\u00e1ciensenk\u00e9nt v\u00e1ltozhat, de sz\u00ednkulcs alapj\u00e1n legal\u00e1bb 6-12 \u00e1rnyalat. A di\u00f3da l\u00e9zerrel t\u00f6rt\u00e9n\u0151 m\u00e9lyfeh\u00e9r\u00edt\u00e9s a Plazma \u00e9s Led l\u00e1mp\u00e1s technol\u00f3gi\u00e1t\u00f3l nemcsak hat\u00e9konyabb \u00e9s tart\u00f3sabb, de a f\u00e9ny biostimul\u00e1l\u00f3 hat\u00e1sa miatt a beavatkoz\u00e1st is \u00e9rz\u00e9kenys\u00e9g mentess\u00e9 teszi.<\/p>\n","protected":false},"excerpt":{"rendered":"<p><strong>L\u00e9zeres fogfeh\u00e9r\u00edt\u00f4 k\u00e9szlet.\u00a0<\/strong><\/p>\n<p>A k\u00e9szlet tartalma:<\/p>\n<ul>\n<li>H<sub>2<\/sub>O<sub>2 <\/sub><span style=\"font-size: 1rem;\">tartalm\u00fa fogfeh\u00e9r\u00edt\u0151 g\u00e9l fecskend\u0151s kiszerel\u00e9sben, kever\u0151cs\u0151rrel<\/span><\/li>\n<li>\u00cdnyv\u00e9d\u00f4 g\u00e9l<\/li>\n<li>\u00c9rz\u00e9kenys\u00e9g cs\u00f6kkent\u00f4<\/li>\n<li>Applik\u00e1torok<\/li>\n<\/ul>\n","protected":false},"featured_media":12777,"comment_status":"open","ping_status":"closed","template":"","meta":{"inline_featured_image":false},"product_brand":[],"product_cat":[98],"product_tag":[],"class_list":{"0":"post-12773","1":"product","2":"type-product","3":"status-publish","4":"has-post-thumbnail","6":"product_cat-fogfeherites","8":"first","9":"instock","10":"taxable","11":"shipping-taxable","12":"purchasable","13":"product-type-simple"},"_links":{"self":[{"href":"https:\/\/prodental.hu\/shop\/wp-json\/wp\/v2\/product\/12773","targetHints":{"allow":["GET"]}}],"collection":[{"href":"https:\/\/prodental.hu\/shop\/wp-json\/wp\/v2\/product"}],"about":[{"href":"https:\/\/prodental.hu\/shop\/wp-json\/wp\/v2\/types\/product"}],"replies":[{"embeddable":true,"href":"https:\/\/prodental.hu\/shop\/wp-json\/wp\/v2\/comments?post=12773"}],"wp:featuredmedia":[{"embeddable":true,"href":"https:\/\/prodental.hu\/shop\/wp-json\/wp\/v2\/media\/12777"}],"wp:attachment":[{"href":"https:\/\/prodental.hu\/shop\/wp-json\/wp\/v2\/media?parent=12773"}],"wp:term":[{"taxonomy":"product_brand","embeddable":true,"href":"https:\/\/prodental.hu\/shop\/wp-json\/wp\/v2\/product_brand?post=12773"},{"taxonomy":"product_cat","embeddable":true,"href":"https:\/\/prodental.hu\/shop\/wp-json\/wp\/v2\/product_cat?post=12773"},{"taxonomy":"product_tag","embeddable":true,"href":"https:\/\/prodental.hu\/shop\/wp-json\/wp\/v2\/product_tag?post=12773"}],"curies":[{"name":"wp","href":"https:\/\/api.w.org\/{rel}","templated":true}]}}