{"id":12558,"date":"2025-12-14T15:32:20","date_gmt":"2025-12-14T15:32:20","guid":{"rendered":"https:\/\/prodental.hu\/shop\/?post_type=product&#038;p=12558"},"modified":"2026-02-05T20:14:07","modified_gmt":"2026-02-05T20:14:07","slug":"endo-extractor-betort-muszer-eltavolito","status":"publish","type":"product","link":"https:\/\/prodental.hu\/shop\/product\/endo-extractor-betort-muszer-eltavolito\/","title":{"rendered":"ENDO EXTRACTOR &#8211; Bet\u00f6rt m\u0171szer elt\u00e1vol\u00edt\u00f3"},"content":{"rendered":"<div class=\"embed-container\"><iframe title=\"\ud835\udc04\ud835\udc27\ud835\udc1d\ud835\udc28 \ud835\udc04\ud835\udc31\ud835\udc2d\ud835\udc2b\ud835\udc1a\ud835\udc1c\ud835\udc2d\ud835\udc28\ud835\udc2b \ud835\udc12\ud835\udc32\ud835\udc2c\ud835\udc2d\ud835\udc1e\ud835\udc26\u2014\ud835\udc04-\ud835\udc0b\ud835\udc08\ud835\udc13\ud835\udc04 \ud835\udc04\ud835\udc12\" width=\"600\" height=\"338\" src=\"https:\/\/www.youtube.com\/embed\/fiAIaIyVvxI?start=16&#038;feature=oembed\" frameborder=\"0\" allow=\"accelerometer; autoplay; clipboard-write; encrypted-media; gyroscope; picture-in-picture; web-share\" referrerpolicy=\"strict-origin-when-cross-origin\" allowfullscreen><\/iframe><\/div>\n","protected":false},"excerpt":{"rendered":"<p>Nagy seg\u00edts\u00e9g lehet a bet\u00f6rt m\u0171szer gy\u00f6k\u00e9rcstorn\u00e1b\u00f3l elt\u00e1vol\u00edt\u00e1s\u00e1ban.<\/p>\n<p>https:\/\/www.youtube.com\/watch?v=fiAIaIyVvxI<\/p>\n<p>https:\/\/www.youtube.com\/shorts\/3fE1gEG0d_M<\/p>\n","protected":false},"featured_media":12559,"comment_status":"open","ping_status":"closed","template":"","meta":{"inline_featured_image":false},"product_brand":[225],"product_cat":[138,240,244],"product_tag":[],"class_list":{"0":"post-12558","1":"product","2":"type-product","3":"status-publish","4":"has-post-thumbnail","6":"product_brand-rogin-dental","7":"product_cat-endodoncia-gyokerkezeles","8":"product_cat-gyokerkezelo-gepek-keszulekek","9":"product_cat-kiegeszitok-gyokerkezeleshez","11":"first","12":"instock","13":"taxable","14":"shipping-taxable","15":"purchasable","16":"product-type-simple"},"_links":{"self":[{"href":"https:\/\/prodental.hu\/shop\/wp-json\/wp\/v2\/product\/12558","targetHints":{"allow":["GET"]}}],"collection":[{"href":"https:\/\/prodental.hu\/shop\/wp-json\/wp\/v2\/product"}],"about":[{"href":"https:\/\/prodental.hu\/shop\/wp-json\/wp\/v2\/types\/product"}],"replies":[{"embeddable":true,"href":"https:\/\/prodental.hu\/shop\/wp-json\/wp\/v2\/comments?post=12558"}],"wp:featuredmedia":[{"embeddable":true,"href":"https:\/\/prodental.hu\/shop\/wp-json\/wp\/v2\/media\/12559"}],"wp:attachment":[{"href":"https:\/\/prodental.hu\/shop\/wp-json\/wp\/v2\/media?parent=12558"}],"wp:term":[{"taxonomy":"product_brand","embeddable":true,"href":"https:\/\/prodental.hu\/shop\/wp-json\/wp\/v2\/product_brand?post=12558"},{"taxonomy":"product_cat","embeddable":true,"href":"https:\/\/prodental.hu\/shop\/wp-json\/wp\/v2\/product_cat?post=12558"},{"taxonomy":"product_tag","embeddable":true,"href":"https:\/\/prodental.hu\/shop\/wp-json\/wp\/v2\/product_tag?post=12558"}],"curies":[{"name":"wp","href":"https:\/\/api.w.org\/{rel}","templated":true}]}}