{"id":12550,"date":"2025-12-13T14:49:59","date_gmt":"2025-12-13T14:49:59","guid":{"rendered":"https:\/\/prodental.hu\/shop\/?post_type=product&#038;p=12550"},"modified":"2025-12-28T18:42:21","modified_gmt":"2025-12-28T18:42:21","slug":"tri-hawk-koronafelvago","status":"publish","type":"product","link":"https:\/\/prodental.hu\/shop\/product\/tri-hawk-koronafelvago\/","title":{"rendered":"TRI HAWK koronafelv\u00e1g\u00f3"},"content":{"rendered":"<p>Nemesf\u00e9mek , \u00f6tv\u00f6zetek vagy ak\u00e1r porcel\u00e1n felsz\u00ednekn\u00e9l is alkalmazhat\u00f3.<\/p>\n<p>A t\u00f6k\u00e9letes kidolgoz\u00e1s probl\u00e9mamentes, vibr\u00e1ci\u00f3 n\u00e9lk\u00fcli fut\u00e1st garant\u00e1l.<\/p>\n<p>Maximum fordulatsz\u00e1m: 450.000 -ig<\/p>\n<p>Aj\u00e1nlott fordulatsz\u00e1m: 70.000 &#8211; 220.000 -ig, <strong>c\u00e9lszer\u0171 gyors\u00edt\u00f3ba fogni!<\/strong><\/p>\n","protected":false},"excerpt":{"rendered":"<p>Nemesf\u00e9mek , \u00f6tv\u00f6zetek vagy ak\u00e1r porcel\u00e1n felsz\u00ednekn\u00e9l is alkalmazhat\u00f3.<\/p>\n<p>A t\u00f6k\u00e9letes kidolgoz\u00e1s probl\u00e9mamentes, vibr\u00e1ci\u00f3 n\u00e9lk\u00fcli fut\u00e1st garant\u00e1l.<\/p>\n<p>Maximum fordulatsz\u00e1m: 450.000 -ig<\/p>\n<p>Aj\u00e1nlott fordulatsz\u00e1m: 70.000 &#8211; 220.000 -ig, <strong>c\u00e9lszer\u0171 gyors\u00edt\u00f3ba fogni!<\/strong><\/p>\n","protected":false},"featured_media":12700,"comment_status":"open","ping_status":"closed","template":"","meta":{"inline_featured_image":false},"product_brand":[286],"product_cat":[271,282],"product_tag":[],"class_list":{"0":"post-12550","1":"product","2":"type-product","3":"status-publish","4":"has-post-thumbnail","6":"product_brand-tri-hawk","7":"product_cat-fogpotlas","8":"product_cat-koronafelvago","10":"first","11":"instock","12":"taxable","13":"shipping-taxable","14":"purchasable","15":"product-type-simple"},"_links":{"self":[{"href":"https:\/\/prodental.hu\/shop\/wp-json\/wp\/v2\/product\/12550","targetHints":{"allow":["GET"]}}],"collection":[{"href":"https:\/\/prodental.hu\/shop\/wp-json\/wp\/v2\/product"}],"about":[{"href":"https:\/\/prodental.hu\/shop\/wp-json\/wp\/v2\/types\/product"}],"replies":[{"embeddable":true,"href":"https:\/\/prodental.hu\/shop\/wp-json\/wp\/v2\/comments?post=12550"}],"wp:featuredmedia":[{"embeddable":true,"href":"https:\/\/prodental.hu\/shop\/wp-json\/wp\/v2\/media\/12700"}],"wp:attachment":[{"href":"https:\/\/prodental.hu\/shop\/wp-json\/wp\/v2\/media?parent=12550"}],"wp:term":[{"taxonomy":"product_brand","embeddable":true,"href":"https:\/\/prodental.hu\/shop\/wp-json\/wp\/v2\/product_brand?post=12550"},{"taxonomy":"product_cat","embeddable":true,"href":"https:\/\/prodental.hu\/shop\/wp-json\/wp\/v2\/product_cat?post=12550"},{"taxonomy":"product_tag","embeddable":true,"href":"https:\/\/prodental.hu\/shop\/wp-json\/wp\/v2\/product_tag?post=12550"}],"curies":[{"name":"wp","href":"https:\/\/api.w.org\/{rel}","templated":true}]}}