{"id":12327,"date":"2025-11-22T18:15:26","date_gmt":"2025-11-22T18:15:26","guid":{"rendered":"https:\/\/prodental.hu\/shop\/?post_type=product&#038;p=12327"},"modified":"2025-11-24T14:39:46","modified_gmt":"2025-11-24T14:39:46","slug":"spot-on-cordfree","status":"publish","type":"product","link":"https:\/\/prodental.hu\/shop\/product\/spot-on-cordfree\/","title":{"rendered":"SPOT-ON CORDFREE"},"content":{"rendered":"<p>Spot-on Cordfree \u2013 m\u00e1rkaf\u00fcggetlen vezet\u00e9k n\u00e9lk\u00fcli vil\u00e1g\u00edt\u00e1s lup\u00e9kra<\/p>\n<p>Az Orangedental kiv\u00e1l\u00f3 min\u0151s\u00e9g\u0171 vil\u00e1g\u00edt\u00e1sa a felhaszn\u00e1l\u00f3i k\u00e9nyelmet, a teljes\u00edtm\u00e9nyt \u00e9s a pontoss\u00e1got szolg\u00e1lja. Ide\u00e1lis kieg\u00e9sz\u00edt\u0151je b\u00e1rmilyen gy\u00e1rtm\u00e1ny\u00fa nagy\u00edt\u00f3 szem\u00fcvegnek.<\/p>\n<p>&#8211; K\u00e1belmentes kialak\u00edt\u00e1s a teljes mozg\u00e1sszabads\u00e1g\u00e9rt<br \/>\n&#8211; K\u00f6nny\u0171 (csak 18 g) \u00e9s rendk\u00edv\u00fcl k\u00e9nyelmes viselet<br \/>\n&#8211; Gyors m\u00e1gneses elemcsere \u2013 nincs sz\u00fcks\u00e9g a szem\u00fcveg lev\u00e9tel\u00e9re<br \/>\n&#8211; H\u00e1rom f\u00e9nyer\u0151szint: 10 000 \/ 15 000 \/ 20 000 lux<br \/>\n&#8211; Akkumul\u00e1tor \u00fczemid\u0151: ak\u00e1r 2 \u00f3ra, t\u00f6lt\u00e9si id\u0151: 1 \u00f3ra<br \/>\n&#8211; Intelligens d\u0151l\u00e9s\u00e9rz\u00e9kel\u0151 az automatikus be- \u00e9s kikapcsol\u00e1shoz<br \/>\n&#8211; Nappali min\u0151s\u00e9g\u0171 megvil\u00e1g\u00edt\u00e1s (CRI 90 \/ 5700K)<br \/>\n&#8211; Fix vagy m\u00e1gneses r\u00f6gz\u00edt\u00e9si lehet\u0151s\u00e9gek<br \/>\n&#8211; Opcion\u00e1lis narancss\u00e1rga sz\u0171r\u0151 a f\u00e9nyk\u00f6t\u00e9s k\u00e9sleltet\u00e9s\u00e9hez<\/p>\n<p>K\u00c9RJEN AJ\u00c1NLATOT!<\/p>\n","protected":false},"excerpt":{"rendered":"<p>Spot-on Cordfree \u2013 m\u00e1rkaf\u00fcggetlen vezet\u00e9k n\u00e9lk\u00fcli vil\u00e1g\u00edt\u00e1s lup\u00e9kra<\/p>\n<p>Az Orangedental kiv\u00e1l\u00f3 min\u0151s\u00e9g\u0171 vil\u00e1g\u00edt\u00e1sa a felhaszn\u00e1l\u00f3i k\u00e9nyelmet, a teljes\u00edtm\u00e9nyt \u00e9s a pontoss\u00e1got szolg\u00e1lja. Ide\u00e1lis kieg\u00e9sz\u00edt\u0151je b\u00e1rmilyen gy\u00e1rtm\u00e1ny\u00fa nagy\u00edt\u00f3 szem\u00fcvegnek.<\/p>\n","protected":false},"featured_media":12323,"comment_status":"open","ping_status":"closed","template":"","meta":{"inline_featured_image":false},"product_brand":[279],"product_cat":[280],"product_tag":[],"class_list":{"0":"post-12327","1":"product","2":"type-product","3":"status-publish","4":"has-post-thumbnail","6":"product_brand-orangedental","7":"product_cat-nagyito-szemuvegek","9":"first","10":"instock","11":"taxable","12":"shipping-taxable","13":"purchasable","14":"product-type-simple"},"_links":{"self":[{"href":"https:\/\/prodental.hu\/shop\/wp-json\/wp\/v2\/product\/12327","targetHints":{"allow":["GET"]}}],"collection":[{"href":"https:\/\/prodental.hu\/shop\/wp-json\/wp\/v2\/product"}],"about":[{"href":"https:\/\/prodental.hu\/shop\/wp-json\/wp\/v2\/types\/product"}],"replies":[{"embeddable":true,"href":"https:\/\/prodental.hu\/shop\/wp-json\/wp\/v2\/comments?post=12327"}],"wp:featuredmedia":[{"embeddable":true,"href":"https:\/\/prodental.hu\/shop\/wp-json\/wp\/v2\/media\/12323"}],"wp:attachment":[{"href":"https:\/\/prodental.hu\/shop\/wp-json\/wp\/v2\/media?parent=12327"}],"wp:term":[{"taxonomy":"product_brand","embeddable":true,"href":"https:\/\/prodental.hu\/shop\/wp-json\/wp\/v2\/product_brand?post=12327"},{"taxonomy":"product_cat","embeddable":true,"href":"https:\/\/prodental.hu\/shop\/wp-json\/wp\/v2\/product_cat?post=12327"},{"taxonomy":"product_tag","embeddable":true,"href":"https:\/\/prodental.hu\/shop\/wp-json\/wp\/v2\/product_tag?post=12327"}],"curies":[{"name":"wp","href":"https:\/\/api.w.org\/{rel}","templated":true}]}}