{"id":12309,"date":"2025-11-22T17:24:21","date_gmt":"2025-11-22T17:24:21","guid":{"rendered":"https:\/\/prodental.hu\/shop\/?post_type=product&#038;p=12309"},"modified":"2026-01-02T14:24:29","modified_gmt":"2026-01-02T14:24:29","slug":"dento-prep-microblaster-homokfuvo","status":"publish","type":"product","link":"https:\/\/prodental.hu\/shop\/product\/dento-prep-microblaster-homokfuvo\/","title":{"rendered":"DENTO-PREP MICROBLASTER HOMOKF\u00daV\u00d3"},"content":{"rendered":"<p>Homokf\u00fav\u00f3 az optim\u00e1lisabb bond hat\u00e1s el\u00e9r\u00e9s\u00e9hez!<\/p>\n<p>Egyar\u00e1nt haszn\u00e1lhat\u00f3 intra or\u00e1lis \u00e9s extra or\u00e1lis esetekhez.<br \/>\nHaszn\u00e1lhat\u00f3 f\u00e9mek finom tiszt\u00edt\u00e1s\u00e1ra \u00e9s ker\u00e1mi\u00e1k, kompozitok ragaszt\u00e1s\u00e1nak el\u0151k\u00e9sz\u00edt\u00e9s\u00e9hez.<br \/>\nAlum\u00ednium Oxiddal haszn\u00e1land\u00f3 intra \u00e9s extra or\u00e1lis esetekben.<\/p>\n<p>Pr\u00e9mium min\u0151s\u00e9g, kompakt diz\u00e1jn, rozsdamentes ac\u00e9l szerkezet.<br \/>\n&#8211; Ujjal k\u00f6nnyen haszn\u00e1lhat\u00f3 szelep gomb<br \/>\n&#8211; K\u00f6nnyen csatlakoztathat\u00f3 a gyors kuplunggal<br \/>\n&#8211; Rozsdamentes ac\u00e9l szerkezet<br \/>\n&#8211; Autokl\u00e1vozhat\u00f3<br \/>\n&#8211; Alum\u00ednium \u00e9s szil\u00edcium oxid por 20-80 mikron k\u00f6z\u00f6tt<br \/>\n&#8211; Javasolt a Dust-Cabinet haszn\u00e1lata hozz\u00e1<\/p>\n<p>Dento-Prep Dust-Cabinet (Homokf\u00fav\u00f3 kamra)<\/p>\n<p>Be\u00e9p\u00edtett l\u00e1mp\u00e1k \u00e9s sz\u00edv\u00f3 rendszer<br \/>\nKiemelked\u0151 min\u0151s\u00e9g\u0171 anyagok \u00e9s tervez\u00e9s<br \/>\nJ\u00f3l beilleszthet\u0151 a rendel\u0151 diz\u00e1jnj\u00e1ba<br \/>\n&#8211; A doboz homokf\u00fajt ac\u00e9lb\u00f3l van nagy m\u0171anyag-\u00fcveg ablakokkal<br \/>\n&#8211; M\u00e9retek: M 780mm-SZ 222mm M 298mm<br \/>\n&#8211; Ventill\u00e1torral \u00e9s sz\u0171r\u0151vel<\/p>\n","protected":false},"excerpt":{"rendered":"<p>Homokf\u00fav\u00f3 az optim\u00e1lisabb bond hat\u00e1s el\u00e9r\u00e9s\u00e9hez!<\/p>\n<p>Egyar\u00e1nt haszn\u00e1lhat\u00f3 intra or\u00e1lis \u00e9s extra or\u00e1lis esetekhez.<br \/>\nHaszn\u00e1lhat\u00f3 f\u00e9mek finom tiszt\u00edt\u00e1s\u00e1ra \u00e9s ker\u00e1mi\u00e1k, kompozitok ragaszt\u00e1s\u00e1nak el\u0151k\u00e9sz\u00edt\u00e9s\u00e9hez.<br \/>\nAlum\u00ednium Oxiddal haszn\u00e1land\u00f3 intra \u00e9s extra or\u00e1lis esetekben.<\/p>\n","protected":false},"featured_media":12279,"comment_status":"open","ping_status":"closed","template":"","meta":{"inline_featured_image":false},"product_brand":[223],"product_cat":[271,274,219],"product_tag":[],"class_list":{"0":"post-12309","1":"product","2":"type-product","3":"status-publish","4":"has-post-thumbnail","6":"product_brand-ronvig","7":"product_cat-fogpotlas","8":"product_cat-kiegeszitok-ragasztashoz","9":"product_cat-polimerizacios-lampa-kisgepek","11":"first","12":"instock","13":"taxable","14":"shipping-taxable","15":"purchasable","16":"product-type-variable"},"_links":{"self":[{"href":"https:\/\/prodental.hu\/shop\/wp-json\/wp\/v2\/product\/12309","targetHints":{"allow":["GET"]}}],"collection":[{"href":"https:\/\/prodental.hu\/shop\/wp-json\/wp\/v2\/product"}],"about":[{"href":"https:\/\/prodental.hu\/shop\/wp-json\/wp\/v2\/types\/product"}],"replies":[{"embeddable":true,"href":"https:\/\/prodental.hu\/shop\/wp-json\/wp\/v2\/comments?post=12309"}],"wp:featuredmedia":[{"embeddable":true,"href":"https:\/\/prodental.hu\/shop\/wp-json\/wp\/v2\/media\/12279"}],"wp:attachment":[{"href":"https:\/\/prodental.hu\/shop\/wp-json\/wp\/v2\/media?parent=12309"}],"wp:term":[{"taxonomy":"product_brand","embeddable":true,"href":"https:\/\/prodental.hu\/shop\/wp-json\/wp\/v2\/product_brand?post=12309"},{"taxonomy":"product_cat","embeddable":true,"href":"https:\/\/prodental.hu\/shop\/wp-json\/wp\/v2\/product_cat?post=12309"},{"taxonomy":"product_tag","embeddable":true,"href":"https:\/\/prodental.hu\/shop\/wp-json\/wp\/v2\/product_tag?post=12309"}],"curies":[{"name":"wp","href":"https:\/\/api.w.org\/{rel}","templated":true}]}}