{"id":12299,"date":"2025-11-22T17:11:28","date_gmt":"2025-11-22T17:11:28","guid":{"rendered":"https:\/\/prodental.hu\/shop\/?post_type=product&#038;p=12299"},"modified":"2026-01-16T12:04:22","modified_gmt":"2026-01-16T12:04:22","slug":"ease-it-kompozitmelegito","status":"publish","type":"product","link":"https:\/\/prodental.hu\/shop\/product\/ease-it-kompozitmelegito\/","title":{"rendered":"EASE-IT KOMPOZITMELEG\u00cdT\u0150"},"content":{"rendered":"","protected":false},"excerpt":{"rendered":"<p>Kompozitmeleg\u00edt\u0151 k\u00e9sz\u00fcl\u00e9k, mely k\u00f6nnyebb adagol\u00e1st biztos\u00edt illetve a kisebb kavit\u00e1sokban is minimaliz\u00e1lja a bubor\u00e9kok kialakul\u00e1s\u00e1t.<\/p>\n<p>Ease-IT Meleg\u00edt\u0151 egys\u00e9g<br \/>\n&#8211; Meleg\u00edt\u00e9s elektronikus h\u0151m\u00e9rs\u00e9klet-szab\u00e1lyoz\u00e1ssal<br \/>\n&#8211; V\u00e1laszthat\u00f3 h\u0151m\u00e9rs\u00e9klet 40-60 C fok k\u00f6z\u00f6tt<br \/>\n&#8211; Be\u00e9p\u00edtett LED: amikor s\u00e1rg\u00e1r\u00f3l z\u00f6ldre v\u00e1lt akkor \u00e9ri el a k\u00edv\u00e1nt h\u0151m\u00e9rs\u00e9kletet<br \/>\n&#8211; Semmilyen negat\u00edv hat\u00e1sa sincs a kompoz\u00edtokra<\/p>\n","protected":false},"featured_media":12281,"comment_status":"open","ping_status":"closed","template":"","meta":{"inline_featured_image":false},"product_brand":[223],"product_cat":[264,263,215,219],"product_tag":[],"class_list":{"0":"post-12299","1":"product","2":"type-product","3":"status-publish","4":"has-post-thumbnail","6":"product_brand-ronvig","7":"product_cat-kiegeszitok-tomeshez","8":"product_cat-tomeskeszites","9":"product_cat-kiegeszitok","10":"product_cat-polimerizacios-lampa-kisgepek","12":"first","13":"instock","14":"taxable","15":"shipping-taxable","16":"purchasable","17":"product-type-variable"},"_links":{"self":[{"href":"https:\/\/prodental.hu\/shop\/wp-json\/wp\/v2\/product\/12299","targetHints":{"allow":["GET"]}}],"collection":[{"href":"https:\/\/prodental.hu\/shop\/wp-json\/wp\/v2\/product"}],"about":[{"href":"https:\/\/prodental.hu\/shop\/wp-json\/wp\/v2\/types\/product"}],"replies":[{"embeddable":true,"href":"https:\/\/prodental.hu\/shop\/wp-json\/wp\/v2\/comments?post=12299"}],"wp:featuredmedia":[{"embeddable":true,"href":"https:\/\/prodental.hu\/shop\/wp-json\/wp\/v2\/media\/12281"}],"wp:attachment":[{"href":"https:\/\/prodental.hu\/shop\/wp-json\/wp\/v2\/media?parent=12299"}],"wp:term":[{"taxonomy":"product_brand","embeddable":true,"href":"https:\/\/prodental.hu\/shop\/wp-json\/wp\/v2\/product_brand?post=12299"},{"taxonomy":"product_cat","embeddable":true,"href":"https:\/\/prodental.hu\/shop\/wp-json\/wp\/v2\/product_cat?post=12299"},{"taxonomy":"product_tag","embeddable":true,"href":"https:\/\/prodental.hu\/shop\/wp-json\/wp\/v2\/product_tag?post=12299"}],"curies":[{"name":"wp","href":"https:\/\/api.w.org\/{rel}","templated":true}]}}