{"id":12294,"date":"2025-11-22T16:58:58","date_gmt":"2025-11-22T16:58:58","guid":{"rendered":"https:\/\/prodental.hu\/shop\/?post_type=product&#038;p=12294"},"modified":"2025-11-24T14:29:51","modified_gmt":"2025-11-24T14:29:51","slug":"compo-ject","status":"publish","type":"product","link":"https:\/\/prodental.hu\/shop\/product\/compo-ject\/","title":{"rendered":"COMPO-JECT"},"content":{"rendered":"","protected":false},"excerpt":{"rendered":"<p>Kompozitadagol\u00f3 pisztoly kapszul\u00e1k r\u00e9sz\u00e9re.<\/p>\n<p>&#8211; K\u00f6nny\u0171 kezelhet\u0151s\u00e9g<br \/>\n&#8211; Nincs visszah\u00fazand\u00f3 dugatty\u00fa<br \/>\n&#8211; A kapszul\u00e1k elforgathat\u00f3ak minden ir\u00e1nyban \u2013 biztons\u00e1gosan r\u00f6gz\u00edthet\u0151ek<br \/>\n&#8211; Minden univerz\u00e1lis unit-dose kapszul\u00e1hoz haszn\u00e1lhat\u00f3<br \/>\n&#8211; Egyszer\u0171, k\u00e9nyelmes, nincs cs\u00fasz\u00e1s<br \/>\n&#8211; Kiemelked\u0151 min\u0151s\u00e9g\u0171 ac\u00e9l szerkezet<br \/>\n&#8211; Autokl\u00e1vban steriliz\u00e1lhat\u00f3<\/p>\n<p>5 \u00e9v garancia<\/p>\n","protected":false},"featured_media":12298,"comment_status":"open","ping_status":"closed","template":"","meta":{"inline_featured_image":false},"product_brand":[223],"product_cat":[264,263],"product_tag":[],"class_list":{"0":"post-12294","1":"product","2":"type-product","3":"status-publish","4":"has-post-thumbnail","6":"product_brand-ronvig","7":"product_cat-kiegeszitok-tomeshez","8":"product_cat-tomeskeszites","10":"first","11":"instock","12":"taxable","13":"shipping-taxable","14":"purchasable","15":"product-type-simple"},"_links":{"self":[{"href":"https:\/\/prodental.hu\/shop\/wp-json\/wp\/v2\/product\/12294","targetHints":{"allow":["GET"]}}],"collection":[{"href":"https:\/\/prodental.hu\/shop\/wp-json\/wp\/v2\/product"}],"about":[{"href":"https:\/\/prodental.hu\/shop\/wp-json\/wp\/v2\/types\/product"}],"replies":[{"embeddable":true,"href":"https:\/\/prodental.hu\/shop\/wp-json\/wp\/v2\/comments?post=12294"}],"wp:featuredmedia":[{"embeddable":true,"href":"https:\/\/prodental.hu\/shop\/wp-json\/wp\/v2\/media\/12298"}],"wp:attachment":[{"href":"https:\/\/prodental.hu\/shop\/wp-json\/wp\/v2\/media?parent=12294"}],"wp:term":[{"taxonomy":"product_brand","embeddable":true,"href":"https:\/\/prodental.hu\/shop\/wp-json\/wp\/v2\/product_brand?post=12294"},{"taxonomy":"product_cat","embeddable":true,"href":"https:\/\/prodental.hu\/shop\/wp-json\/wp\/v2\/product_cat?post=12294"},{"taxonomy":"product_tag","embeddable":true,"href":"https:\/\/prodental.hu\/shop\/wp-json\/wp\/v2\/product_tag?post=12294"}],"curies":[{"name":"wp","href":"https:\/\/api.w.org\/{rel}","templated":true}]}}