{"id":12291,"date":"2025-11-22T16:55:21","date_gmt":"2025-11-22T16:55:21","guid":{"rendered":"https:\/\/prodental.hu\/shop\/?post_type=product&#038;p=12291"},"modified":"2025-11-24T14:33:16","modified_gmt":"2025-11-24T14:33:16","slug":"aspiject","status":"publish","type":"product","link":"https:\/\/prodental.hu\/shop\/product\/aspiject\/","title":{"rendered":"ASPIJECT"},"content":{"rendered":"","protected":false},"excerpt":{"rendered":"<p>\u0150nvisszasz\u00edv\u00f3 fecskend\u0151 \u00e9rz\u00e9stelen\u00edt\u00e9shez.<\/p>\n<p>Az ergonomikus tervez\u00e9s biztos\u00edtja az optim\u00e1lis egyens\u00falyt az injekci\u00f3 adagol\u00e1s\u00e1n\u00e1l.<br \/>\nAz \u00f6nvisszasz\u00edv\u00e1s minim\u00e1lisra cs\u00f6kkenti a t\u0171 elmozdul\u00e1s\u00e1nak a lehet\u0151s\u00e9g\u00e9t.<br \/>\n&#8211; Sav \u00e9s h\u0151\u00e1ll\u00f3 ac\u00e9l \u00e9s polymer szerkezet<br \/>\n&#8211; Autokl\u00e1vban steriliz\u00e1lhat\u00f3<br \/>\n&#8211; 5 \u00e9v garancia<\/p>\n","protected":false},"featured_media":12292,"comment_status":"open","ping_status":"closed","template":"","meta":{"inline_featured_image":false},"product_brand":[223],"product_cat":[278],"product_tag":[],"class_list":{"0":"post-12291","1":"product","2":"type-product","3":"status-publish","4":"has-post-thumbnail","6":"product_brand-ronvig","7":"product_cat-erzestelenites","9":"first","10":"instock","11":"taxable","12":"shipping-taxable","13":"purchasable","14":"product-type-simple"},"_links":{"self":[{"href":"https:\/\/prodental.hu\/shop\/wp-json\/wp\/v2\/product\/12291","targetHints":{"allow":["GET"]}}],"collection":[{"href":"https:\/\/prodental.hu\/shop\/wp-json\/wp\/v2\/product"}],"about":[{"href":"https:\/\/prodental.hu\/shop\/wp-json\/wp\/v2\/types\/product"}],"replies":[{"embeddable":true,"href":"https:\/\/prodental.hu\/shop\/wp-json\/wp\/v2\/comments?post=12291"}],"wp:featuredmedia":[{"embeddable":true,"href":"https:\/\/prodental.hu\/shop\/wp-json\/wp\/v2\/media\/12292"}],"wp:attachment":[{"href":"https:\/\/prodental.hu\/shop\/wp-json\/wp\/v2\/media?parent=12291"}],"wp:term":[{"taxonomy":"product_brand","embeddable":true,"href":"https:\/\/prodental.hu\/shop\/wp-json\/wp\/v2\/product_brand?post=12291"},{"taxonomy":"product_cat","embeddable":true,"href":"https:\/\/prodental.hu\/shop\/wp-json\/wp\/v2\/product_cat?post=12291"},{"taxonomy":"product_tag","embeddable":true,"href":"https:\/\/prodental.hu\/shop\/wp-json\/wp\/v2\/product_tag?post=12291"}],"curies":[{"name":"wp","href":"https:\/\/api.w.org\/{rel}","templated":true}]}}