{"id":12285,"date":"2025-11-22T16:48:49","date_gmt":"2025-11-22T16:48:49","guid":{"rendered":"https:\/\/prodental.hu\/shop\/?post_type=product&#038;p=12285"},"modified":"2026-01-02T14:23:21","modified_gmt":"2026-01-02T14:23:21","slug":"conta-guard","status":"publish","type":"product","link":"https:\/\/prodental.hu\/shop\/product\/conta-guard\/","title":{"rendered":"CONTA-GUARD"},"content":{"rendered":"","protected":false},"excerpt":{"rendered":"<p>V\u00e9delem az injekci\u00f3s t\u0171 \u00e1ltal okozott esetleges sz\u00far\u00e1sokkal szemben.<\/p>\n<p>Az eldobhat\u00f3 Conta-Guard f\u00f3lia megv\u00e9di a m\u00e1r haszn\u00e1lt injekci\u00f3s t\u0171 \u00e1ltal okozott s\u00e9r\u00fcl\u00e9sekt\u0151l.<br \/>\n&#8211; A f\u00f3lia minden standard t\u0171 eset\u00e9ben haszn\u00e1lhat\u00f3<br \/>\n&#8211; K\u00f6nnyen haszn\u00e1lhat\u00f3 \u00e9s beintegr\u00e1lhat\u00f3 a mindennapi rutinba<br \/>\n&#8211; A t\u00f6k\u00e9letes eredm\u00e9ny el\u00e9r\u00e9s\u00e9hez v\u00e1lassza mell\u00e9 a Conta-Guard Stand \u00e1llv\u00e1nyt is.<br \/>\n&#8211; Kiszerel\u00e9s: 200 db f\u00f3lia \/ doboz<\/p>\n","protected":false},"featured_media":12286,"comment_status":"open","ping_status":"closed","template":"","meta":{"inline_featured_image":false},"product_brand":[223],"product_cat":[278],"product_tag":[],"class_list":{"0":"post-12285","1":"product","2":"type-product","3":"status-publish","4":"has-post-thumbnail","6":"product_brand-ronvig","7":"product_cat-erzestelenites","9":"first","10":"instock","11":"taxable","12":"shipping-taxable","13":"purchasable","14":"product-type-variable"},"_links":{"self":[{"href":"https:\/\/prodental.hu\/shop\/wp-json\/wp\/v2\/product\/12285","targetHints":{"allow":["GET"]}}],"collection":[{"href":"https:\/\/prodental.hu\/shop\/wp-json\/wp\/v2\/product"}],"about":[{"href":"https:\/\/prodental.hu\/shop\/wp-json\/wp\/v2\/types\/product"}],"replies":[{"embeddable":true,"href":"https:\/\/prodental.hu\/shop\/wp-json\/wp\/v2\/comments?post=12285"}],"wp:featuredmedia":[{"embeddable":true,"href":"https:\/\/prodental.hu\/shop\/wp-json\/wp\/v2\/media\/12286"}],"wp:attachment":[{"href":"https:\/\/prodental.hu\/shop\/wp-json\/wp\/v2\/media?parent=12285"}],"wp:term":[{"taxonomy":"product_brand","embeddable":true,"href":"https:\/\/prodental.hu\/shop\/wp-json\/wp\/v2\/product_brand?post=12285"},{"taxonomy":"product_cat","embeddable":true,"href":"https:\/\/prodental.hu\/shop\/wp-json\/wp\/v2\/product_cat?post=12285"},{"taxonomy":"product_tag","embeddable":true,"href":"https:\/\/prodental.hu\/shop\/wp-json\/wp\/v2\/product_tag?post=12285"}],"curies":[{"name":"wp","href":"https:\/\/api.w.org\/{rel}","templated":true}]}}