{"id":12277,"date":"2025-11-22T16:30:46","date_gmt":"2025-11-22T16:30:46","guid":{"rendered":"https:\/\/prodental.hu\/shop\/?post_type=product&#038;p=12277"},"modified":"2025-11-24T14:37:49","modified_gmt":"2025-11-24T14:37:49","slug":"calajet","status":"publish","type":"product","link":"https:\/\/prodental.hu\/shop\/product\/calajet\/","title":{"rendered":"CALAJECT"},"content":{"rendered":"","protected":false},"excerpt":{"rendered":"<p>Computer \u00e1ltal szab\u00e1lyozott \u00e9rz\u00e9stelen\u00edt\u0151 rendszer.<\/p>\n<p>&#8211; Egyed\u00fcl \u00e1ll\u00f3an gyeng\u00e9d \u00e9s f\u00e1jdalom mentes \u00e9rz\u00e9stelen\u00edt\u00e9s paciensei sz\u00e1m\u00e1ra<br \/>\n&#8211; Mindez tov\u00e1bb n\u00f6veli a paciens bizalm\u00e1t orvosa fel\u00e9<br \/>\n&#8211; Ergonomikus, k\u00e9nyelmes kezelhet\u0151s\u00e9g<br \/>\n&#8211; K\u00f6nny\u0171 \u00e9s praktikus haszn\u00e1lat<br \/>\n&#8211; B\u00e1rmelyik carpule t\u0171 rendszerrel kompatibilis<\/p>\n<p>&nbsp;<\/p>\n<p>Tov\u00e1bbi inform\u00e1ci\u00f3kkal kapcsolatban keressen benn\u00fcnket bizalommal!<\/p>\n","protected":false},"featured_media":12283,"comment_status":"open","ping_status":"closed","template":"","meta":{"inline_featured_image":false},"product_brand":[223],"product_cat":[278,219],"product_tag":[],"class_list":{"0":"post-12277","1":"product","2":"type-product","3":"status-publish","4":"has-post-thumbnail","6":"product_brand-ronvig","7":"product_cat-erzestelenites","8":"product_cat-polimerizacios-lampa-kisgepek","10":"first","11":"instock","12":"taxable","13":"shipping-taxable","14":"purchasable","15":"product-type-simple"},"_links":{"self":[{"href":"https:\/\/prodental.hu\/shop\/wp-json\/wp\/v2\/product\/12277","targetHints":{"allow":["GET"]}}],"collection":[{"href":"https:\/\/prodental.hu\/shop\/wp-json\/wp\/v2\/product"}],"about":[{"href":"https:\/\/prodental.hu\/shop\/wp-json\/wp\/v2\/types\/product"}],"replies":[{"embeddable":true,"href":"https:\/\/prodental.hu\/shop\/wp-json\/wp\/v2\/comments?post=12277"}],"wp:featuredmedia":[{"embeddable":true,"href":"https:\/\/prodental.hu\/shop\/wp-json\/wp\/v2\/media\/12283"}],"wp:attachment":[{"href":"https:\/\/prodental.hu\/shop\/wp-json\/wp\/v2\/media?parent=12277"}],"wp:term":[{"taxonomy":"product_brand","embeddable":true,"href":"https:\/\/prodental.hu\/shop\/wp-json\/wp\/v2\/product_brand?post=12277"},{"taxonomy":"product_cat","embeddable":true,"href":"https:\/\/prodental.hu\/shop\/wp-json\/wp\/v2\/product_cat?post=12277"},{"taxonomy":"product_tag","embeddable":true,"href":"https:\/\/prodental.hu\/shop\/wp-json\/wp\/v2\/product_tag?post=12277"}],"curies":[{"name":"wp","href":"https:\/\/api.w.org\/{rel}","templated":true}]}}