{"id":12274,"date":"2025-11-22T16:25:45","date_gmt":"2025-11-22T16:25:45","guid":{"rendered":"https:\/\/prodental.hu\/shop\/?post_type=product&#038;p=12274"},"modified":"2025-11-22T16:25:45","modified_gmt":"2025-11-22T16:25:45","slug":"ah-26","status":"publish","type":"product","link":"https:\/\/prodental.hu\/shop\/product\/ah-26\/","title":{"rendered":"AH 26"},"content":{"rendered":"","protected":false},"excerpt":{"rendered":"<p>Az AH 26 Resin radiopaque gy\u00f6k\u00e9rcsatorna sealer ez\u00fcst tartalm\u00fa formula. Minden t\u00f6m\u00e9si technika mellett alkalmazhat\u00f3, Kiv\u00e1l\u00f3 foly\u00e1si tulajdons\u00e1gokkal rendelkezik. Teljes lez\u00e1r\u00e1s \u00e9s kiv\u00e1l\u00f3 volumen stabilit\u00e1s kombin\u00e1ci\u00f3ja.<\/p>\n<p>Gy\u00f6k\u00e9rt\u00f6m\u0151 anyag, norm\u00e1l kivitelben &#8211; ez\u00fcst tartalommal.<\/p>\n<p>Minden t\u00f6m\u00e9si technik\u00e1val alkalmazhat\u00f3, kit\u0171n\u0151 foly\u00e1si tulajdons\u00e1gokkal rendelkezik, tot\u00e1lisan z\u00e1r.<\/p>\n<p>Kiszerel\u00e9s: 8+10 g<\/p>\n","protected":false},"featured_media":12275,"comment_status":"open","ping_status":"closed","template":"","meta":{"inline_featured_image":false},"product_brand":[222],"product_cat":[277,138],"product_tag":[],"class_list":{"0":"post-12274","1":"product","2":"type-product","3":"status-publish","4":"has-post-thumbnail","6":"product_brand-dentsply-sirona","7":"product_cat-gyokertomo-anyagok","8":"product_cat-endodoncia-gyokerkezeles","10":"first","11":"instock","12":"taxable","13":"shipping-taxable","14":"purchasable","15":"product-type-simple"},"_links":{"self":[{"href":"https:\/\/prodental.hu\/shop\/wp-json\/wp\/v2\/product\/12274","targetHints":{"allow":["GET"]}}],"collection":[{"href":"https:\/\/prodental.hu\/shop\/wp-json\/wp\/v2\/product"}],"about":[{"href":"https:\/\/prodental.hu\/shop\/wp-json\/wp\/v2\/types\/product"}],"replies":[{"embeddable":true,"href":"https:\/\/prodental.hu\/shop\/wp-json\/wp\/v2\/comments?post=12274"}],"wp:featuredmedia":[{"embeddable":true,"href":"https:\/\/prodental.hu\/shop\/wp-json\/wp\/v2\/media\/12275"}],"wp:attachment":[{"href":"https:\/\/prodental.hu\/shop\/wp-json\/wp\/v2\/media?parent=12274"}],"wp:term":[{"taxonomy":"product_brand","embeddable":true,"href":"https:\/\/prodental.hu\/shop\/wp-json\/wp\/v2\/product_brand?post=12274"},{"taxonomy":"product_cat","embeddable":true,"href":"https:\/\/prodental.hu\/shop\/wp-json\/wp\/v2\/product_cat?post=12274"},{"taxonomy":"product_tag","embeddable":true,"href":"https:\/\/prodental.hu\/shop\/wp-json\/wp\/v2\/product_tag?post=12274"}],"curies":[{"name":"wp","href":"https:\/\/api.w.org\/{rel}","templated":true}]}}