{"id":12269,"date":"2025-11-22T16:17:41","date_gmt":"2025-11-22T16:17:41","guid":{"rendered":"https:\/\/prodental.hu\/shop\/?post_type=product&#038;p=12269"},"modified":"2025-11-22T16:19:12","modified_gmt":"2025-11-22T16:19:12","slug":"ah-plus-jet","status":"publish","type":"product","link":"https:\/\/prodental.hu\/shop\/product\/ah-plus-jet\/","title":{"rendered":"AH PLUS JET"},"content":{"rendered":"<p>AH Plus Jet epoxid-amin-polimer b\u00e1zis\u00fa, paszta\/paszta t\u00edpus\u00fa, r\u00f6ntgen\u00e1rny\u00e9kot ad\u00f3 gy\u00f6k\u00e9rt\u00f6m\u0151 anyag, automatikusan keverhet\u0151 dupla fecskend\u0151s (A \u00e9s B paszta) kiszerel\u00e9sben, direkt intraor\u00e1lis aplik\u00e1ci\u00f3ra. Marad\u00f3 fogak gy\u00f6k\u00e9rcsatorn\u00e1j\u00e1nak t\u00f6m\u00e9s\u00e9re haszn\u00e1lhat\u00f3 sealer, guttapercha-, ez\u00fcst-, vagy tit\u00e1n pointtal kombin\u00e1lva.<\/p>\n<p>Hossz\u00fa t\u00e1von kiv\u00e1l\u00f3 min\u0151s\u00e9g\u0171 hermetikus z\u00e1r\u00e1st biztos\u00edt, megfelel\u0151 konzisztenci\u00e1j\u00fa, nem zsugorod\u00f3, k\u00e9miailag \u00e9s biol\u00f3giailag stabil anyag.<\/p>\n<p>K\u00f6nnyen bevihet\u0151 \u00e9s elt\u00e1vol\u00edthat\u00f3, a csatorna fal\u00e1hoz j\u00f3l tapad, t\u00e1rol\u00e1sa egyszer\u0171. Kever\u00e9s ut\u00e1n 23 Celsius fokon 4 \u00f3r\u00e1n kereszt\u00fcl haszn\u00e1lhat\u00f3 fel, 37 Celsius fokon k\u00f6t\u00e9si ideje 8 \u00f3ra.<\/p>\n<p>Az anyag az ISO 6876:2001 (E) standardnak megfelel.<\/p>\n","protected":false},"excerpt":{"rendered":"<p>AH Plus Jet r\u00f6ntgen\u00e1rny\u00e9kot ad\u00f3 gy\u00f6k\u00e9rt\u00f6m\u0151 anyag fecskend\u0151s kiszerel\u00e9sben<span style=\"font-size: 1rem;\">.<\/span><\/p>\n<p>AH Plus Jet epoxid-amin-polimer b\u00e1zis\u00fa, paszta\/paszta t\u00edpus\u00fa, r\u00f6ntgen\u00e1rny\u00e9kot ad\u00f3 gy\u00f6k\u00e9rt\u00f6m\u0151 anyag, automatikusan keverhet\u0151 dupla fecskend\u0151s (A \u00e9s B paszta) kiszerel\u00e9sben, direkt intraor\u00e1lis aplik\u00e1ci\u00f3ra. Marad\u00f3 fogak gy\u00f6k\u00e9rcsatorn\u00e1j\u00e1nak t\u00f6m\u00e9s\u00e9re haszn\u00e1lhat\u00f3 sealer, guttapercha-, ez\u00fcst-, vagy tit\u00e1n pointtal kombin\u00e1lva.<\/p>\n","protected":false},"featured_media":12266,"comment_status":"open","ping_status":"closed","template":"","meta":{"inline_featured_image":false},"product_brand":[222],"product_cat":[277,138],"product_tag":[],"class_list":{"0":"post-12269","1":"product","2":"type-product","3":"status-publish","4":"has-post-thumbnail","6":"product_brand-dentsply-sirona","7":"product_cat-gyokertomo-anyagok","8":"product_cat-endodoncia-gyokerkezeles","10":"first","11":"instock","12":"taxable","13":"shipping-taxable","14":"purchasable","15":"product-type-variable"},"_links":{"self":[{"href":"https:\/\/prodental.hu\/shop\/wp-json\/wp\/v2\/product\/12269","targetHints":{"allow":["GET"]}}],"collection":[{"href":"https:\/\/prodental.hu\/shop\/wp-json\/wp\/v2\/product"}],"about":[{"href":"https:\/\/prodental.hu\/shop\/wp-json\/wp\/v2\/types\/product"}],"replies":[{"embeddable":true,"href":"https:\/\/prodental.hu\/shop\/wp-json\/wp\/v2\/comments?post=12269"}],"wp:featuredmedia":[{"embeddable":true,"href":"https:\/\/prodental.hu\/shop\/wp-json\/wp\/v2\/media\/12266"}],"wp:attachment":[{"href":"https:\/\/prodental.hu\/shop\/wp-json\/wp\/v2\/media?parent=12269"}],"wp:term":[{"taxonomy":"product_brand","embeddable":true,"href":"https:\/\/prodental.hu\/shop\/wp-json\/wp\/v2\/product_brand?post=12269"},{"taxonomy":"product_cat","embeddable":true,"href":"https:\/\/prodental.hu\/shop\/wp-json\/wp\/v2\/product_cat?post=12269"},{"taxonomy":"product_tag","embeddable":true,"href":"https:\/\/prodental.hu\/shop\/wp-json\/wp\/v2\/product_tag?post=12269"}],"curies":[{"name":"wp","href":"https:\/\/api.w.org\/{rel}","templated":true}]}}