{"id":12255,"date":"2025-11-22T15:31:48","date_gmt":"2025-11-22T15:31:48","guid":{"rendered":"https:\/\/prodental.hu\/shop\/?post_type=product&#038;p=12255"},"modified":"2025-11-22T15:31:48","modified_gmt":"2025-11-22T15:31:48","slug":"dycal","status":"publish","type":"product","link":"https:\/\/prodental.hu\/shop\/product\/dycal\/","title":{"rendered":"DYCAL"},"content":{"rendered":"<p>Dycal Ivory r\u00f6ntgen\u00e1rny\u00e9kot ad\u00f3 k\u00e1lcium-hidroxid paszta. Aj\u00e1nlott direkt \u00e9s indirekt pulpasapk\u00e1z\u00e1sra, valamint t\u00f6m\u00e9sek al\u00e1b\u00e9lel\u00e9s\u00e9re.<\/p>\n<p>Stimul\u00e1lja a tercier dentin k\u00e9pz\u0151d\u00e9st.<br \/>\nA savakkal szembeni ellen\u00e1ll\u00f3k\u00e9pess\u00e9ge magas.<br \/>\nAz akril vagy kompozit anyagok polimeriz\u00e1ci\u00f3j\u00e1t nem zavarja.<\/p>\n","protected":false},"excerpt":{"rendered":"<p>Dycal r\u00f6ntgen\u00e1rny\u00e9kot ad\u00f3 k\u00e1lcium-hidroxid paszta, 13 g b\u00e1zis + 11 g kataliz\u00e1tor.<\/p>\n<p>Aj\u00e1nlott direkt \u00e9s indirekt pulpasapk\u00e1z\u00e1sra, valamint t\u00f6m\u00e9sek al\u00e1b\u00e9lel\u00e9s\u00e9re.<\/p>\n","protected":false},"featured_media":12256,"comment_status":"open","ping_status":"closed","template":"","meta":{"inline_featured_image":false},"product_brand":[222],"product_cat":[127,263],"product_tag":[],"class_list":{"0":"post-12255","1":"product","2":"type-product","3":"status-publish","4":"has-post-thumbnail","6":"product_brand-dentsply-sirona","7":"product_cat-alabelelok","8":"product_cat-tomeskeszites","10":"first","11":"instock","12":"taxable","13":"shipping-taxable","14":"purchasable","15":"product-type-variable"},"_links":{"self":[{"href":"https:\/\/prodental.hu\/shop\/wp-json\/wp\/v2\/product\/12255","targetHints":{"allow":["GET"]}}],"collection":[{"href":"https:\/\/prodental.hu\/shop\/wp-json\/wp\/v2\/product"}],"about":[{"href":"https:\/\/prodental.hu\/shop\/wp-json\/wp\/v2\/types\/product"}],"replies":[{"embeddable":true,"href":"https:\/\/prodental.hu\/shop\/wp-json\/wp\/v2\/comments?post=12255"}],"wp:featuredmedia":[{"embeddable":true,"href":"https:\/\/prodental.hu\/shop\/wp-json\/wp\/v2\/media\/12256"}],"wp:attachment":[{"href":"https:\/\/prodental.hu\/shop\/wp-json\/wp\/v2\/media?parent=12255"}],"wp:term":[{"taxonomy":"product_brand","embeddable":true,"href":"https:\/\/prodental.hu\/shop\/wp-json\/wp\/v2\/product_brand?post=12255"},{"taxonomy":"product_cat","embeddable":true,"href":"https:\/\/prodental.hu\/shop\/wp-json\/wp\/v2\/product_cat?post=12255"},{"taxonomy":"product_tag","embeddable":true,"href":"https:\/\/prodental.hu\/shop\/wp-json\/wp\/v2\/product_tag?post=12255"}],"curies":[{"name":"wp","href":"https:\/\/api.w.org\/{rel}","templated":true}]}}