{"id":12248,"date":"2025-11-22T15:10:36","date_gmt":"2025-11-22T15:10:36","guid":{"rendered":"https:\/\/prodental.hu\/shop\/?post_type=product&#038;p=12248"},"modified":"2025-11-22T15:11:31","modified_gmt":"2025-11-22T15:11:31","slug":"palodent-v3-gyuruk-es-eszkozok","status":"publish","type":"product","link":"https:\/\/prodental.hu\/shop\/product\/palodent-v3-gyuruk-es-eszkozok\/","title":{"rendered":"PALODENT V3 GY\u0170R\u0170K \u00c9S ESZK\u00d6Z\u00d6K"},"content":{"rendered":"<p>A Palodent V3 r\u00e9szleges matricarendszer seg\u00edts\u00e9g\u00e9vel anat\u00f3miailag korrekt kontakpontok alak\u00edthat\u00f3k ki gyorsan \u00e9s biztosan a II. oszt\u00e1ly\u00fa restaur\u00e1ci\u00f3k k\u00e9sz\u00edt\u00e9se sor\u00e1n. A szoros gingiv\u00e1lis z\u00e1r\u00e1snak k\u00f6sz\u00f6nhet\u0151en kevesebb az anyagfelesleg, \u00edgy kisebb a fin\u00edroz\u00e1si sz\u00fcks\u00e9glet.<\/p>\n<p>A matricarendszer a k\u00f6vetkez\u0151 elemekb\u0151l \u00e1ll:<br \/>\nNikkel-Tit\u00e1n gy\u0171r\u0171k (2 m\u00e9ret: univerz\u00e1lis, kicsi),<br \/>\nanat\u00f3miailag kialak\u00edtott \u00e9kek (kicsi, k\u00f6zepes, nagy),<br \/>\nWedgeGuard a szomsz\u00e9dos fog approxim\u00e1lis v\u00e9delm\u00e9re a prepar\u00e1ci\u00f3 sor\u00e1n (kicsi, k\u00f6zepes, nagy),<br \/>\nel\u0151form\u00e1zott matric\u00e1k gingiv\u00e1lis k\u00f6t\u00e9nnyel, valamint gy\u0171r\u0171vel a biztos megfog\u00e1shoz behelyez\u00e9skor \u00e9s elt\u00e1vol\u00edt\u00e1skor (5 m\u00e9ret),<br \/>\nspeci\u00e1lis csipesz a matrica gy\u0171r\u0171j\u00e9nek, illetve az \u00e9keknek biztos megfog\u00e1s\u00e1ra,<br \/>\napplik\u00e1ci\u00f3s fog\u00f3 lehajl\u00edtott v\u00e9ggel a gy\u0171r\u0171k biztos tart\u00e1s\u00e1ra.<br \/>\nA rendszer komponensei egym\u00e1shoz illeszkednek \u00e9s egyszer\u0171 haszn\u00e1latot, valamint megb\u00edzhat\u00f3 eredm\u00e9nyt biztos\u00edtanak.<\/p>\n","protected":false},"excerpt":{"rendered":"<p>A Palodent V3 r\u00e9szleges matricarendszer seg\u00edts\u00e9g\u00e9vel anat\u00f3miailag korrekt kontakpontok alak\u00edthat\u00f3k ki gyorsan \u00e9s biztosan a II. oszt\u00e1ly\u00fa restaur\u00e1ci\u00f3k k\u00e9sz\u00edt\u00e9se sor\u00e1n. A szoros gingiv\u00e1lis z\u00e1r\u00e1snak k\u00f6sz\u00f6nhet\u0151en kevesebb az anyagfelesleg, \u00edgy kisebb a fin\u00edroz\u00e1si sz\u00fcks\u00e9glet.<\/p>\n","protected":false},"featured_media":12199,"comment_status":"open","ping_status":"closed","template":"","meta":{"inline_featured_image":false},"product_brand":[222],"product_cat":[264,263,215],"product_tag":[],"class_list":{"0":"post-12248","1":"product","2":"type-product","3":"status-publish","4":"has-post-thumbnail","6":"product_brand-dentsply-sirona","7":"product_cat-kiegeszitok-tomeshez","8":"product_cat-tomeskeszites","9":"product_cat-kiegeszitok","11":"first","12":"instock","13":"taxable","14":"shipping-taxable","15":"purchasable","16":"product-type-variable"},"_links":{"self":[{"href":"https:\/\/prodental.hu\/shop\/wp-json\/wp\/v2\/product\/12248","targetHints":{"allow":["GET"]}}],"collection":[{"href":"https:\/\/prodental.hu\/shop\/wp-json\/wp\/v2\/product"}],"about":[{"href":"https:\/\/prodental.hu\/shop\/wp-json\/wp\/v2\/types\/product"}],"replies":[{"embeddable":true,"href":"https:\/\/prodental.hu\/shop\/wp-json\/wp\/v2\/comments?post=12248"}],"wp:featuredmedia":[{"embeddable":true,"href":"https:\/\/prodental.hu\/shop\/wp-json\/wp\/v2\/media\/12199"}],"wp:attachment":[{"href":"https:\/\/prodental.hu\/shop\/wp-json\/wp\/v2\/media?parent=12248"}],"wp:term":[{"taxonomy":"product_brand","embeddable":true,"href":"https:\/\/prodental.hu\/shop\/wp-json\/wp\/v2\/product_brand?post=12248"},{"taxonomy":"product_cat","embeddable":true,"href":"https:\/\/prodental.hu\/shop\/wp-json\/wp\/v2\/product_cat?post=12248"},{"taxonomy":"product_tag","embeddable":true,"href":"https:\/\/prodental.hu\/shop\/wp-json\/wp\/v2\/product_tag?post=12248"}],"curies":[{"name":"wp","href":"https:\/\/api.w.org\/{rel}","templated":true}]}}