{"id":12243,"date":"2025-11-22T14:59:45","date_gmt":"2025-11-22T14:59:45","guid":{"rendered":"https:\/\/prodental.hu\/shop\/?post_type=product&#038;p=12243"},"modified":"2025-11-22T15:00:02","modified_gmt":"2025-11-22T15:00:02","slug":"palodent-v3-wedgwguard","status":"publish","type":"product","link":"https:\/\/prodental.hu\/shop\/product\/palodent-v3-wedgwguard\/","title":{"rendered":"PALODENT V3 WEDGEGUARD"},"content":{"rendered":"","protected":false},"excerpt":{"rendered":"<p>A WedgeGuard a szomsz\u00e9dos fog approxim\u00e1lis v\u00e9delm\u00e9re szolg\u00e1l a prepar\u00e1ci\u00f3 sor\u00e1n 3 m\u00e9retben (kicsi, k\u00f6zepes, nagy) el\u00e9rhet\u0151.<\/p>\n","protected":false},"featured_media":12199,"comment_status":"open","ping_status":"closed","template":"","meta":{"inline_featured_image":false},"product_brand":[222],"product_cat":[264,263,215],"product_tag":[],"class_list":{"0":"post-12243","1":"product","2":"type-product","3":"status-publish","4":"has-post-thumbnail","6":"product_brand-dentsply-sirona","7":"product_cat-kiegeszitok-tomeshez","8":"product_cat-tomeskeszites","9":"product_cat-kiegeszitok","11":"first","12":"instock","13":"taxable","14":"shipping-taxable","15":"purchasable","16":"product-type-variable"},"_links":{"self":[{"href":"https:\/\/prodental.hu\/shop\/wp-json\/wp\/v2\/product\/12243","targetHints":{"allow":["GET"]}}],"collection":[{"href":"https:\/\/prodental.hu\/shop\/wp-json\/wp\/v2\/product"}],"about":[{"href":"https:\/\/prodental.hu\/shop\/wp-json\/wp\/v2\/types\/product"}],"replies":[{"embeddable":true,"href":"https:\/\/prodental.hu\/shop\/wp-json\/wp\/v2\/comments?post=12243"}],"wp:featuredmedia":[{"embeddable":true,"href":"https:\/\/prodental.hu\/shop\/wp-json\/wp\/v2\/media\/12199"}],"wp:attachment":[{"href":"https:\/\/prodental.hu\/shop\/wp-json\/wp\/v2\/media?parent=12243"}],"wp:term":[{"taxonomy":"product_brand","embeddable":true,"href":"https:\/\/prodental.hu\/shop\/wp-json\/wp\/v2\/product_brand?post=12243"},{"taxonomy":"product_cat","embeddable":true,"href":"https:\/\/prodental.hu\/shop\/wp-json\/wp\/v2\/product_cat?post=12243"},{"taxonomy":"product_tag","embeddable":true,"href":"https:\/\/prodental.hu\/shop\/wp-json\/wp\/v2\/product_tag?post=12243"}],"curies":[{"name":"wp","href":"https:\/\/api.w.org\/{rel}","templated":true}]}}