{"id":12222,"date":"2025-11-22T14:38:43","date_gmt":"2025-11-22T14:38:43","guid":{"rendered":"https:\/\/prodental.hu\/shop\/?post_type=product&#038;p=12222"},"modified":"2025-11-22T14:52:58","modified_gmt":"2025-11-22T14:52:58","slug":"palodent-v3-ez-coat-matricak","status":"publish","type":"product","link":"https:\/\/prodental.hu\/shop\/product\/palodent-v3-ez-coat-matricak\/","title":{"rendered":"PALODENT V3 EZ COAT MATRIC\u00c1K"},"content":{"rendered":"","protected":false},"excerpt":{"rendered":"<p>A V3 matric\u00e1n\u00e1l kont\u00farozottabb, \u00edgy egyszer\u0171bben \u00e9s gyorsabban alak\u00edthat\u00f3 ki a t\u00f6m\u00e9s vele. A matric\u00e1k m\u00e9ret szerint sz\u00ednk\u00f3doltak. Tapad\u00e1smentes bevonat biztos\u00edtja a k\u00f6nnyebb elt\u00e1vol\u00edt\u00e1st. Az occluz\u00e1lis sz\u00e9l g\u00f6rb\u00fclet\u00e9nek k\u00f6sz\u00f6nhet\u0151en minim\u00e1lis fin\u00edroz\u00e1s sz\u00fcks\u00e9ges. A gingiv\u00e1lis sz\u00e9l speci\u00e1lis kialak\u00edt\u00e1sa megel\u0151zi a r\u00e9sk\u00e9pz\u0151d\u00e9st a kavit\u00e1s axi\u00e1lis sz\u00f6glet\u00e9ben.<\/p>\n","protected":false},"featured_media":12203,"comment_status":"open","ping_status":"closed","template":"","meta":{"inline_featured_image":false},"product_brand":[222],"product_cat":[264,263,215],"product_tag":[],"class_list":{"0":"post-12222","1":"product","2":"type-product","3":"status-publish","4":"has-post-thumbnail","6":"product_brand-dentsply-sirona","7":"product_cat-kiegeszitok-tomeshez","8":"product_cat-tomeskeszites","9":"product_cat-kiegeszitok","11":"first","12":"instock","13":"taxable","14":"shipping-taxable","15":"purchasable","16":"product-type-variable"},"_links":{"self":[{"href":"https:\/\/prodental.hu\/shop\/wp-json\/wp\/v2\/product\/12222","targetHints":{"allow":["GET"]}}],"collection":[{"href":"https:\/\/prodental.hu\/shop\/wp-json\/wp\/v2\/product"}],"about":[{"href":"https:\/\/prodental.hu\/shop\/wp-json\/wp\/v2\/types\/product"}],"replies":[{"embeddable":true,"href":"https:\/\/prodental.hu\/shop\/wp-json\/wp\/v2\/comments?post=12222"}],"wp:featuredmedia":[{"embeddable":true,"href":"https:\/\/prodental.hu\/shop\/wp-json\/wp\/v2\/media\/12203"}],"wp:attachment":[{"href":"https:\/\/prodental.hu\/shop\/wp-json\/wp\/v2\/media?parent=12222"}],"wp:term":[{"taxonomy":"product_brand","embeddable":true,"href":"https:\/\/prodental.hu\/shop\/wp-json\/wp\/v2\/product_brand?post=12222"},{"taxonomy":"product_cat","embeddable":true,"href":"https:\/\/prodental.hu\/shop\/wp-json\/wp\/v2\/product_cat?post=12222"},{"taxonomy":"product_tag","embeddable":true,"href":"https:\/\/prodental.hu\/shop\/wp-json\/wp\/v2\/product_tag?post=12222"}],"curies":[{"name":"wp","href":"https:\/\/api.w.org\/{rel}","templated":true}]}}