{"id":12175,"date":"2025-11-22T13:50:20","date_gmt":"2025-11-22T13:50:20","guid":{"rendered":"https:\/\/prodental.hu\/shop\/?post_type=product&#038;p=12175"},"modified":"2025-11-22T13:50:20","modified_gmt":"2025-11-22T13:50:20","slug":"kapszulakinyomo-pisztoly","status":"publish","type":"product","link":"https:\/\/prodental.hu\/shop\/product\/kapszulakinyomo-pisztoly\/","title":{"rendered":"KAPSZULAKINYOM\u00d3 PISZTOLY"},"content":{"rendered":"","protected":false},"excerpt":{"rendered":"<p>SDR PLUS \u00e9s DYRACT XP t\u00f6m\u0151anyagok kinyom\u00e1s\u00e1hoz. Emellett haszn\u00e1lhat\u00f3 m\u00e1n gy\u00e1rt\u00f3k (3M, GC, VOCO) kapszul\u00e1s kiszerel\u00e9s\u0171 kompozitjainak kinyom\u00e1s\u00e1hoz.<\/p>\n","protected":false},"featured_media":12176,"comment_status":"open","ping_status":"closed","template":"","meta":{"inline_featured_image":false},"product_brand":[222],"product_cat":[264,263,215],"product_tag":[],"class_list":{"0":"post-12175","1":"product","2":"type-product","3":"status-publish","4":"has-post-thumbnail","6":"product_brand-dentsply-sirona","7":"product_cat-kiegeszitok-tomeshez","8":"product_cat-tomeskeszites","9":"product_cat-kiegeszitok","11":"first","12":"instock","13":"taxable","14":"shipping-taxable","15":"purchasable","16":"product-type-simple"},"_links":{"self":[{"href":"https:\/\/prodental.hu\/shop\/wp-json\/wp\/v2\/product\/12175","targetHints":{"allow":["GET"]}}],"collection":[{"href":"https:\/\/prodental.hu\/shop\/wp-json\/wp\/v2\/product"}],"about":[{"href":"https:\/\/prodental.hu\/shop\/wp-json\/wp\/v2\/types\/product"}],"replies":[{"embeddable":true,"href":"https:\/\/prodental.hu\/shop\/wp-json\/wp\/v2\/comments?post=12175"}],"wp:featuredmedia":[{"embeddable":true,"href":"https:\/\/prodental.hu\/shop\/wp-json\/wp\/v2\/media\/12176"}],"wp:attachment":[{"href":"https:\/\/prodental.hu\/shop\/wp-json\/wp\/v2\/media?parent=12175"}],"wp:term":[{"taxonomy":"product_brand","embeddable":true,"href":"https:\/\/prodental.hu\/shop\/wp-json\/wp\/v2\/product_brand?post=12175"},{"taxonomy":"product_cat","embeddable":true,"href":"https:\/\/prodental.hu\/shop\/wp-json\/wp\/v2\/product_cat?post=12175"},{"taxonomy":"product_tag","embeddable":true,"href":"https:\/\/prodental.hu\/shop\/wp-json\/wp\/v2\/product_tag?post=12175"}],"curies":[{"name":"wp","href":"https:\/\/api.w.org\/{rel}","templated":true}]}}