{"id":12158,"date":"2025-11-22T12:55:26","date_gmt":"2025-11-22T12:55:26","guid":{"rendered":"https:\/\/prodental.hu\/shop\/?post_type=product&#038;p=12158"},"modified":"2025-11-22T12:56:48","modified_gmt":"2025-11-22T12:56:48","slug":"dyract-flow-2-x-18-g","status":"publish","type":"product","link":"https:\/\/prodental.hu\/shop\/product\/dyract-flow-2-x-18-g\/","title":{"rendered":"DYRACT FLOW  &#8211; 2 x 1,8 g"},"content":{"rendered":"<p>Dyract flow univerz\u00e1lis f\u00e9nyrek\u00f6t\u0151 kompomer t\u00edpus\u00fa foly\u00e9kony t\u00f6m\u0151anyag, k\u00e9tf\u00e9le sz\u00ednben (A2, A3). A Dyract flow \u00faj lehet\u0151s\u00e9geket ny\u00fajt a minim\u00e1l invaz\u00edv elj\u00e1r\u00e1sokn\u00e1l &#8211; kicsi, r\u00e1g\u00f3terhet nem visel\u0151 t\u00f6m\u00e9sekn\u00e9l I., II. \u00e9s V. oszt\u00e1lyn\u00e1l. Aj\u00e1nlott t\u00f6m\u00e9sek sz\u00e9li z\u00e1r\u00f3d\u00e1s\u00e1nak jav\u00edt\u00e1s\u00e1ra, al\u00e1b\u00e9lel\u00e9sre, bar\u00e1zda z\u00e1r\u00e1sra, inlay\/onlay adhez\u00edv r\u00f6gz\u00edt\u00e9s\u00e9re.<\/p>\n<p>Egyszer\u0171en kezelhet\u0151, mini fecskend\u0151s kiszerel\u00e9s\u0171. Id\u0151- \u00e9s anyagtakar\u00e9kos &#8211; a kavit\u00e1s fal\u00e1hoz k\u00f6nnyen adapt\u00e1lhat\u00f3. Hossz\u00fa t\u00e1von ad le fluoridot.<\/p>\n","protected":false},"excerpt":{"rendered":"<p>Dyract flow kompomer t\u00edpus\u00fa foly\u00e9kony t\u00f6m\u0151anyag ut\u00e1nt\u00f6lt\u0151, 2&#215;1,8 g fecskend\u0151ben.<\/p>\n","protected":false},"featured_media":12161,"comment_status":"open","ping_status":"closed","template":"","meta":{"inline_featured_image":false},"product_brand":[222],"product_cat":[276,263],"product_tag":[],"class_list":{"0":"post-12158","1":"product","2":"type-product","3":"status-publish","4":"has-post-thumbnail","6":"product_brand-dentsply-sirona","7":"product_cat-kompomerek","8":"product_cat-tomeskeszites","10":"first","11":"instock","12":"taxable","13":"shipping-taxable","14":"purchasable","15":"product-type-variable"},"_links":{"self":[{"href":"https:\/\/prodental.hu\/shop\/wp-json\/wp\/v2\/product\/12158","targetHints":{"allow":["GET"]}}],"collection":[{"href":"https:\/\/prodental.hu\/shop\/wp-json\/wp\/v2\/product"}],"about":[{"href":"https:\/\/prodental.hu\/shop\/wp-json\/wp\/v2\/types\/product"}],"replies":[{"embeddable":true,"href":"https:\/\/prodental.hu\/shop\/wp-json\/wp\/v2\/comments?post=12158"}],"wp:featuredmedia":[{"embeddable":true,"href":"https:\/\/prodental.hu\/shop\/wp-json\/wp\/v2\/media\/12161"}],"wp:attachment":[{"href":"https:\/\/prodental.hu\/shop\/wp-json\/wp\/v2\/media?parent=12158"}],"wp:term":[{"taxonomy":"product_brand","embeddable":true,"href":"https:\/\/prodental.hu\/shop\/wp-json\/wp\/v2\/product_brand?post=12158"},{"taxonomy":"product_cat","embeddable":true,"href":"https:\/\/prodental.hu\/shop\/wp-json\/wp\/v2\/product_cat?post=12158"},{"taxonomy":"product_tag","embeddable":true,"href":"https:\/\/prodental.hu\/shop\/wp-json\/wp\/v2\/product_tag?post=12158"}],"curies":[{"name":"wp","href":"https:\/\/api.w.org\/{rel}","templated":true}]}}