{"id":12151,"date":"2025-11-22T10:04:28","date_gmt":"2025-11-22T10:04:28","guid":{"rendered":"https:\/\/prodental.hu\/shop\/?post_type=product&#038;p=12151"},"modified":"2025-11-22T12:47:36","modified_gmt":"2025-11-22T12:47:36","slug":"dyract-xp-20-db-kapszula","status":"publish","type":"product","link":"https:\/\/prodental.hu\/shop\/product\/dyract-xp-20-db-kapszula\/","title":{"rendered":"DYRACT XP &#8211; 20 db kapszula"},"content":{"rendered":"<p>Dyract XP kompomer t\u00edpus\u00fa t\u00f6m\u0151anyag eXtra figyelmet ig\u00e9nyl\u0151 p\u00e1ciensek sz\u00e1m\u00e1ra. Magas caries rizik\u00f3j\u00fa p\u00e1ciensekn\u00e9l (id\u0151sek, gyerekek, alacsony sz\u00e1jhigi\u00e9ni\u00e1j\u00fa csoportok) a gyakorlatban \u00e9s klinikailag is igazolt kiv\u00e1l\u00f3 tulajdons\u00e1g\u00fa t\u00f6m\u0151anyag. A Dyract XP alkalmas valamennyi t\u00edpus\u00fa kavit\u00e1s ell\u00e1t\u00e1s\u00e1ra a front \u00e9s a mol\u00e1ris r\u00e9gi\u00f3ban is.<\/p>\n<p>Haszn\u00e1lata gyors \u00e9s egyszer\u0171. Klinikailag igazolt, hogy ak\u00e1r nem \u00f6nk\u00f6t\u0151 adhez\u00edv rendszerekkel k\u00e9sz\u00edtett t\u00f6m\u00e9sek is kiv\u00e1l\u00f3 eredm\u00e9nyt ny\u00fajtanak, m\u00e9g a cervik\u00e1lis r\u00e9gi\u00f3ban is.<\/p>\n<p>A Dyract XP caries megel\u0151z\u0151 egyedi tulajdons\u00e1gait annak k\u00f6sz\u00f6nheti, hogy az \u00fcveg t\u00f6lt\u0151anyagb\u00f3l folyamatosan fluor szabadul fel, valamint a modifik\u00e1lt monomerek pufferk\u00e9nt m\u0171k\u00f6dnek a t\u00f6m\u00e9ssz\u00e9l \u00e9s a fogsz\u00f6vet hat\u00e1r\u00e1n.<\/p>\n<p>T\u00f6bb mint 170 milli\u00f3 eladott kapszula (Compule), 45 klinikai vizsg\u00e1lati eredm\u00e9ny, 440 szakmai publik\u00e1ci\u00f3 \u00e9s 15 \u00e9v gyakorlati tapasztalat igazolja a Dyract XP univerz\u00e1lis felhaszn\u00e1l\u00e1s\u00e1t, ellen\u00e1ll\u00f3 k\u00e9pess\u00e9g\u00e9t, k\u00f6nny\u0171 aplik\u00e1ci\u00f3j\u00e1t, valamint a kompomer anyagok profilaktikus hat\u00e1s\u00e1t.<\/p>\n","protected":false},"excerpt":{"rendered":"<p>Dyract XP kompomer t\u00edpus\u00fa t\u00f6m\u0151anyag ut\u00e1nt\u00f6lt\u0151, 0,25g \/ kapszula.<\/p>\n","protected":false},"featured_media":12156,"comment_status":"open","ping_status":"closed","template":"","meta":{"inline_featured_image":false},"product_brand":[222],"product_cat":[276,263],"product_tag":[],"class_list":{"0":"post-12151","1":"product","2":"type-product","3":"status-publish","4":"has-post-thumbnail","6":"product_brand-dentsply-sirona","7":"product_cat-kompomerek","8":"product_cat-tomeskeszites","10":"first","11":"instock","12":"taxable","13":"shipping-taxable","14":"purchasable","15":"product-type-variable"},"_links":{"self":[{"href":"https:\/\/prodental.hu\/shop\/wp-json\/wp\/v2\/product\/12151","targetHints":{"allow":["GET"]}}],"collection":[{"href":"https:\/\/prodental.hu\/shop\/wp-json\/wp\/v2\/product"}],"about":[{"href":"https:\/\/prodental.hu\/shop\/wp-json\/wp\/v2\/types\/product"}],"replies":[{"embeddable":true,"href":"https:\/\/prodental.hu\/shop\/wp-json\/wp\/v2\/comments?post=12151"}],"wp:featuredmedia":[{"embeddable":true,"href":"https:\/\/prodental.hu\/shop\/wp-json\/wp\/v2\/media\/12156"}],"wp:attachment":[{"href":"https:\/\/prodental.hu\/shop\/wp-json\/wp\/v2\/media?parent=12151"}],"wp:term":[{"taxonomy":"product_brand","embeddable":true,"href":"https:\/\/prodental.hu\/shop\/wp-json\/wp\/v2\/product_brand?post=12151"},{"taxonomy":"product_cat","embeddable":true,"href":"https:\/\/prodental.hu\/shop\/wp-json\/wp\/v2\/product_cat?post=12151"},{"taxonomy":"product_tag","embeddable":true,"href":"https:\/\/prodental.hu\/shop\/wp-json\/wp\/v2\/product_tag?post=12151"}],"curies":[{"name":"wp","href":"https:\/\/api.w.org\/{rel}","templated":true}]}}