{"id":12101,"date":"2025-11-14T21:52:50","date_gmt":"2025-11-14T21:52:50","guid":{"rendered":"https:\/\/prodental.hu\/shop\/?post_type=product&#038;p=12101"},"modified":"2025-11-14T21:53:17","modified_gmt":"2025-11-14T21:53:17","slug":"keverolapok","status":"publish","type":"product","link":"https:\/\/prodental.hu\/shop\/product\/keverolapok\/","title":{"rendered":"KEVER\u0150LAPOK"},"content":{"rendered":"","protected":false},"excerpt":{"rendered":"<p>F\u00e9nyes, v\u00edz\u00e1ll\u00f3 fel\u00fclettel, k\u00e9tf\u00e9le m\u00e9retben.<\/p>\n","protected":false},"featured_media":12104,"comment_status":"open","ping_status":"closed","template":"","meta":{"inline_featured_image":false},"product_brand":[88],"product_cat":[271,274,264,263,215],"product_tag":[],"class_list":{"0":"post-12101","1":"product","2":"type-product","3":"status-publish","4":"has-post-thumbnail","6":"product_brand-i-dental","7":"product_cat-fogpotlas","8":"product_cat-kiegeszitok-ragasztashoz","9":"product_cat-kiegeszitok-tomeshez","10":"product_cat-tomeskeszites","11":"product_cat-kiegeszitok","13":"first","14":"instock","15":"taxable","16":"shipping-taxable","17":"purchasable","18":"product-type-variable"},"_links":{"self":[{"href":"https:\/\/prodental.hu\/shop\/wp-json\/wp\/v2\/product\/12101","targetHints":{"allow":["GET"]}}],"collection":[{"href":"https:\/\/prodental.hu\/shop\/wp-json\/wp\/v2\/product"}],"about":[{"href":"https:\/\/prodental.hu\/shop\/wp-json\/wp\/v2\/types\/product"}],"replies":[{"embeddable":true,"href":"https:\/\/prodental.hu\/shop\/wp-json\/wp\/v2\/comments?post=12101"}],"wp:featuredmedia":[{"embeddable":true,"href":"https:\/\/prodental.hu\/shop\/wp-json\/wp\/v2\/media\/12104"}],"wp:attachment":[{"href":"https:\/\/prodental.hu\/shop\/wp-json\/wp\/v2\/media?parent=12101"}],"wp:term":[{"taxonomy":"product_brand","embeddable":true,"href":"https:\/\/prodental.hu\/shop\/wp-json\/wp\/v2\/product_brand?post=12101"},{"taxonomy":"product_cat","embeddable":true,"href":"https:\/\/prodental.hu\/shop\/wp-json\/wp\/v2\/product_cat?post=12101"},{"taxonomy":"product_tag","embeddable":true,"href":"https:\/\/prodental.hu\/shop\/wp-json\/wp\/v2\/product_tag?post=12101"}],"curies":[{"name":"wp","href":"https:\/\/api.w.org\/{rel}","templated":true}]}}