{"id":12088,"date":"2025-11-14T21:28:37","date_gmt":"2025-11-14T21:28:37","guid":{"rendered":"https:\/\/prodental.hu\/shop\/?post_type=product&#038;p=12088"},"modified":"2025-11-14T21:28:37","modified_gmt":"2025-11-14T21:28:37","slug":"i-oil-univerzalis-kezidarab-olajozo-spray-500-ml","status":"publish","type":"product","link":"https:\/\/prodental.hu\/shop\/product\/i-oil-univerzalis-kezidarab-olajozo-spray-500-ml\/","title":{"rendered":"i-OIL  &#8211; Univerz\u00e1lis k\u00e9zidarab-olajoz\u00f3 spray, 500 ml"},"content":{"rendered":"<p>Javallatok<\/p>\n<p>Fog\u00e1szati \u200b\u200bk\u00e9zidarabok \u00e9s l\u00e9gmotorok bels\u0151 mechanizmusaihoz , valamint a k\u00e9zidarabok \u00e1ltal\u00e1nos karbantart\u00e1s\u00e1hoz .\u200b<\/p>\n<p>El\u0151ny\u00f6k<\/p>\n<p>egyetemes;<br \/>\nkiv\u00e1l\u00f3 ken\u00e9s;<br \/>\nmagas anyagkompatibilit\u00e1s;<br \/>\nuniverz\u00e1lis f\u00fav\u00f3ka.<\/p>\n<p>Haszn\u00e1lati utas\u00edt\u00e1s<\/p>\n<p>Tartsa a flakont f\u00fcgg\u0151leges helyzetben. Minden haszn\u00e1lat ut\u00e1n \u00e9s steriliz\u00e1l\u00e1s el\u0151tt permetezzen egy m\u00e1sodpercig a k\u00e9zidarab alj\u00e1ra. Tiszt\u00edtsa meg a k\u00e9zidarabot pap\u00edrt\u00f6rl\u0151vel.<\/p>\n","protected":false},"excerpt":{"rendered":"<p>Fog\u00e1szati \u200b\u200bk\u00e9zidarabok \u00e9s l\u00e9gmotorok bels\u0151 mechanizmusaihoz , valamint a k\u00e9zidarabok \u00e1ltal\u00e1nos karbantart\u00e1s\u00e1hoz .\u200b<\/p>\n","protected":false},"featured_media":12089,"comment_status":"open","ping_status":"closed","template":"","meta":{"inline_featured_image":false},"product_brand":[88],"product_cat":[215],"product_tag":[],"class_list":{"0":"post-12088","1":"product","2":"type-product","3":"status-publish","4":"has-post-thumbnail","6":"product_brand-i-dental","7":"product_cat-kiegeszitok","9":"first","10":"instock","11":"taxable","12":"shipping-taxable","13":"purchasable","14":"product-type-simple"},"_links":{"self":[{"href":"https:\/\/prodental.hu\/shop\/wp-json\/wp\/v2\/product\/12088","targetHints":{"allow":["GET"]}}],"collection":[{"href":"https:\/\/prodental.hu\/shop\/wp-json\/wp\/v2\/product"}],"about":[{"href":"https:\/\/prodental.hu\/shop\/wp-json\/wp\/v2\/types\/product"}],"replies":[{"embeddable":true,"href":"https:\/\/prodental.hu\/shop\/wp-json\/wp\/v2\/comments?post=12088"}],"wp:featuredmedia":[{"embeddable":true,"href":"https:\/\/prodental.hu\/shop\/wp-json\/wp\/v2\/media\/12089"}],"wp:attachment":[{"href":"https:\/\/prodental.hu\/shop\/wp-json\/wp\/v2\/media?parent=12088"}],"wp:term":[{"taxonomy":"product_brand","embeddable":true,"href":"https:\/\/prodental.hu\/shop\/wp-json\/wp\/v2\/product_brand?post=12088"},{"taxonomy":"product_cat","embeddable":true,"href":"https:\/\/prodental.hu\/shop\/wp-json\/wp\/v2\/product_cat?post=12088"},{"taxonomy":"product_tag","embeddable":true,"href":"https:\/\/prodental.hu\/shop\/wp-json\/wp\/v2\/product_tag?post=12088"}],"curies":[{"name":"wp","href":"https:\/\/api.w.org\/{rel}","templated":true}]}}