{"id":12072,"date":"2025-11-14T17:00:26","date_gmt":"2025-11-14T17:00:26","guid":{"rendered":"https:\/\/prodental.hu\/shop\/?post_type=product&#038;p=12072"},"modified":"2026-01-26T12:59:07","modified_gmt":"2026-01-26T12:59:07","slug":"pola-night","status":"publish","type":"product","link":"https:\/\/prodental.hu\/shop\/product\/pola-night\/","title":{"rendered":"POLA NIGHT"},"content":{"rendered":"","protected":false},"excerpt":{"rendered":"<p>16% karbamid-peroxid tartalm\u00fa otthoni fogfeh\u00e9r\u00edt\u0151 g\u00e9l.<\/p>\n<p>A g\u00e9l magas v\u00edztartalma cs\u00f6kkenti a zom\u00e1nc kisz\u00e1rad\u00e1s\u00e1t \u00e9s a p\u00e1ciens \u00e9rz\u00e9kenys\u00e9g\u00e9t.<\/p>\n<p>A fluorid hozz\u00e1ad\u00e1sa remineraliz\u00e1lja a fogfelsz\u00ednt, ami seg\u00edt cs\u00f6kkenteni a kezel\u00e9s ut\u00e1ni \u00e9rz\u00e9kenys\u00e9get.<\/p>\n<p>A Pola Night g\u00e9l \u00e9rz\u00e9kenys\u00e9gcs\u00f6kkent\u0151 anyagot tartalmaz, amely az idegv\u00e9gz\u0151d\u00e9sekre hat, \u00e9s \u00e9rz\u00e9ketlenn\u00e9 teszi azokat a pulpa-dentin hat\u00e1r\u00e1n, ez\u00e1ltal minimaliz\u00e1lva az \u00e9rz\u00e9kenys\u00e9get \u00e9s maximaliz\u00e1lva a p\u00e1ciens k\u00e9nyelm\u00e9t.<\/p>\n<p>Semleges pH-\u00e9rt\u00e9ke biztos\u00edtja a peroxid teljes felszabadul\u00e1s\u00e1t a beteg k\u00e9nyelm\u00e9nek vesz\u00e9lyeztet\u00e9se n\u00e9lk\u00fcl.<\/p>\n","protected":false},"featured_media":12082,"comment_status":"open","ping_status":"closed","template":"","meta":{"inline_featured_image":false},"product_brand":[217],"product_cat":[98],"product_tag":[],"class_list":{"0":"post-12072","1":"product","2":"type-product","3":"status-publish","4":"has-post-thumbnail","6":"product_brand-sdi","7":"product_cat-fogfeherites","9":"first","10":"instock","11":"taxable","12":"shipping-taxable","13":"purchasable","14":"product-type-variable"},"_links":{"self":[{"href":"https:\/\/prodental.hu\/shop\/wp-json\/wp\/v2\/product\/12072","targetHints":{"allow":["GET"]}}],"collection":[{"href":"https:\/\/prodental.hu\/shop\/wp-json\/wp\/v2\/product"}],"about":[{"href":"https:\/\/prodental.hu\/shop\/wp-json\/wp\/v2\/types\/product"}],"replies":[{"embeddable":true,"href":"https:\/\/prodental.hu\/shop\/wp-json\/wp\/v2\/comments?post=12072"}],"wp:featuredmedia":[{"embeddable":true,"href":"https:\/\/prodental.hu\/shop\/wp-json\/wp\/v2\/media\/12082"}],"wp:attachment":[{"href":"https:\/\/prodental.hu\/shop\/wp-json\/wp\/v2\/media?parent=12072"}],"wp:term":[{"taxonomy":"product_brand","embeddable":true,"href":"https:\/\/prodental.hu\/shop\/wp-json\/wp\/v2\/product_brand?post=12072"},{"taxonomy":"product_cat","embeddable":true,"href":"https:\/\/prodental.hu\/shop\/wp-json\/wp\/v2\/product_cat?post=12072"},{"taxonomy":"product_tag","embeddable":true,"href":"https:\/\/prodental.hu\/shop\/wp-json\/wp\/v2\/product_tag?post=12072"}],"curies":[{"name":"wp","href":"https:\/\/api.w.org\/{rel}","templated":true}]}}