{"id":12069,"date":"2025-11-14T16:42:29","date_gmt":"2025-11-14T16:42:29","guid":{"rendered":"https:\/\/prodental.hu\/shop\/?post_type=product&#038;p=12069"},"modified":"2026-03-23T16:48:52","modified_gmt":"2026-03-23T16:48:52","slug":"zipbond","status":"publish","type":"product","link":"https:\/\/prodental.hu\/shop\/product\/zipbond\/","title":{"rendered":"ZIPBOND"},"content":{"rendered":"","protected":false},"excerpt":{"rendered":"<p>Univerz\u00e1lis adhez\u00edv, minden savaz\u00e1si technik\u00e1val (no etch, total etch, selektive etch) haszn\u00e1lhat\u00f3.<\/p>\n<p>&#8211; MDP monomert tartalmaz.<br \/>\n&#8211; BPA \u00e9s HEMA mentes.<br \/>\n&#8211; Magas eszt\u00e9tikai hat\u00e1s a t\u00f6k\u00e9letes sz\u00e9li z\u00e1r\u00e1snak k\u00f6sz\u00f6nhet\u0151en.<br \/>\n&#8211; Kellemes \u00edz.<br \/>\n&#8211; Fluorid lead\u00e1s.<br \/>\n&#8211; Dentinhez \u00e9s zom\u00e1nchoz is egyar\u00e1nt haszn\u00e1lhat\u00f3.<\/p>\n<p>Kiszerel\u00e9s: 5 ml<\/p>\n","protected":false},"featured_media":12070,"comment_status":"open","ping_status":"closed","template":"","meta":{"inline_featured_image":false},"product_brand":[217],"product_cat":[126,263],"product_tag":[],"class_list":{"0":"post-12069","1":"product","2":"type-product","3":"status-publish","4":"has-post-thumbnail","6":"product_brand-sdi","7":"product_cat-bondok","8":"product_cat-tomeskeszites","10":"first","11":"instock","12":"sale","13":"taxable","14":"shipping-taxable","15":"purchasable","16":"product-type-simple"},"_links":{"self":[{"href":"https:\/\/prodental.hu\/shop\/wp-json\/wp\/v2\/product\/12069","targetHints":{"allow":["GET"]}}],"collection":[{"href":"https:\/\/prodental.hu\/shop\/wp-json\/wp\/v2\/product"}],"about":[{"href":"https:\/\/prodental.hu\/shop\/wp-json\/wp\/v2\/types\/product"}],"replies":[{"embeddable":true,"href":"https:\/\/prodental.hu\/shop\/wp-json\/wp\/v2\/comments?post=12069"}],"wp:featuredmedia":[{"embeddable":true,"href":"https:\/\/prodental.hu\/shop\/wp-json\/wp\/v2\/media\/12070"}],"wp:attachment":[{"href":"https:\/\/prodental.hu\/shop\/wp-json\/wp\/v2\/media?parent=12069"}],"wp:term":[{"taxonomy":"product_brand","embeddable":true,"href":"https:\/\/prodental.hu\/shop\/wp-json\/wp\/v2\/product_brand?post=12069"},{"taxonomy":"product_cat","embeddable":true,"href":"https:\/\/prodental.hu\/shop\/wp-json\/wp\/v2\/product_cat?post=12069"},{"taxonomy":"product_tag","embeddable":true,"href":"https:\/\/prodental.hu\/shop\/wp-json\/wp\/v2\/product_tag?post=12069"}],"curies":[{"name":"wp","href":"https:\/\/api.w.org\/{rel}","templated":true}]}}