{"id":12046,"date":"2025-11-14T13:27:33","date_gmt":"2025-11-14T13:27:33","guid":{"rendered":"https:\/\/prodental.hu\/shop\/?post_type=product&#038;p=12046"},"modified":"2025-11-24T12:17:06","modified_gmt":"2025-11-24T12:17:06","slug":"riva-self-cure","status":"publish","type":"product","link":"https:\/\/prodental.hu\/shop\/product\/riva-self-cure\/","title":{"rendered":"RIVA SELF CURE (HV)"},"content":{"rendered":"","protected":false},"excerpt":{"rendered":"<p>Bulk fill \u00f6nk\u00f6t\u0151 \u00fcvegionomer t\u00f6m\u0151anyag<\/p>\n<p>&#8211; Az SDI \u00e1ltal szabadalmazott \u201eionglass\u201d t\u00f6lt\u0151anyaggal.<br \/>\n&#8211; BPA mentes.<br \/>\n&#8211; Fluorid lead\u00f3.<br \/>\n&#8211; Savrezisztens.<br \/>\n&#8211; R\u00f6ntgen \u00e1rny\u00e9kot ad.<\/p>\n<p>El\u00e9rhet\u0151 kapszul\u00e1s (45 db) \u00e9s por (15 g) + folyad\u00e9k (7 ml) kiszerel\u00e9sben, valamint A1, A2, A3, A3,5 sz\u00ednben.<\/p>\n<p>A kapszul\u00e1s kiszerel\u00e9s HV (High Viscosity) konzisztenci\u00e1j\u00fa, \u00edgy kit\u0171n\u0151 foly\u00e1si tulajdons\u00e1gokkal rendelkezik.<\/p>\n","protected":false},"featured_media":12059,"comment_status":"open","ping_status":"closed","template":"","meta":{"inline_featured_image":false},"product_brand":[217],"product_cat":[263,220],"product_tag":[],"class_list":{"0":"post-12046","1":"product","2":"type-product","3":"status-publish","4":"has-post-thumbnail","6":"product_brand-sdi","7":"product_cat-tomeskeszites","8":"product_cat-uvegionomer-tomoanyagok","10":"first","11":"instock","12":"taxable","13":"shipping-taxable","14":"purchasable","15":"product-type-variable"},"_links":{"self":[{"href":"https:\/\/prodental.hu\/shop\/wp-json\/wp\/v2\/product\/12046","targetHints":{"allow":["GET"]}}],"collection":[{"href":"https:\/\/prodental.hu\/shop\/wp-json\/wp\/v2\/product"}],"about":[{"href":"https:\/\/prodental.hu\/shop\/wp-json\/wp\/v2\/types\/product"}],"replies":[{"embeddable":true,"href":"https:\/\/prodental.hu\/shop\/wp-json\/wp\/v2\/comments?post=12046"}],"wp:featuredmedia":[{"embeddable":true,"href":"https:\/\/prodental.hu\/shop\/wp-json\/wp\/v2\/media\/12059"}],"wp:attachment":[{"href":"https:\/\/prodental.hu\/shop\/wp-json\/wp\/v2\/media?parent=12046"}],"wp:term":[{"taxonomy":"product_brand","embeddable":true,"href":"https:\/\/prodental.hu\/shop\/wp-json\/wp\/v2\/product_brand?post=12046"},{"taxonomy":"product_cat","embeddable":true,"href":"https:\/\/prodental.hu\/shop\/wp-json\/wp\/v2\/product_cat?post=12046"},{"taxonomy":"product_tag","embeddable":true,"href":"https:\/\/prodental.hu\/shop\/wp-json\/wp\/v2\/product_tag?post=12046"}],"curies":[{"name":"wp","href":"https:\/\/api.w.org\/{rel}","templated":true}]}}