{"id":12040,"date":"2025-11-14T13:23:00","date_gmt":"2025-11-14T13:23:00","guid":{"rendered":"https:\/\/prodental.hu\/shop\/?post_type=product&#038;p=12040"},"modified":"2025-11-24T12:41:35","modified_gmt":"2025-11-24T12:41:35","slug":"riva-luting","status":"publish","type":"product","link":"https:\/\/prodental.hu\/shop\/product\/riva-luting\/","title":{"rendered":"RIVA LUTING"},"content":{"rendered":"","protected":false},"excerpt":{"rendered":"<p>\u00dcvegionomer ragaszt\u00f3cement<\/p>\n<p>&#8211; SDI \u00e1ltal szabadalmazott \u201eionglass\u201d t\u00f6lt\u0151anyaggal.<br \/>\n&#8211; Alacsony filmvastags\u00e1g.<br \/>\n&#8211; Magas fluorid lead\u00e1s.<br \/>\n&#8211; BPA \u00e9s HEMA mentes.<br \/>\n&#8211; K\u00e9miailag k\u00f6t a foghoz \u00e9s f\u00e9mhez egyar\u00e1nt.<br \/>\n&#8211; Koron\u00e1khoz, hidakhoz, f\u00e9m csapokhoz, othodonciai bracketekhez, implantokhoz is haszn\u00e1lhat\u00f3.<\/p>\n<p>Kaphat\u00f3 kapszul\u00e1s (50 db) \u00e9s por (35 g) + foylad\u00e9k (24 ml) kiszerel\u00e9sben.<\/p>\n<p>A FUJI I alternat\u00edv\u00e1ja.<\/p>\n","protected":false},"featured_media":12041,"comment_status":"open","ping_status":"closed","template":"","meta":{"inline_featured_image":false},"product_brand":[217],"product_cat":[271,214],"product_tag":[],"class_list":{"0":"post-12040","1":"product","2":"type-product","3":"status-publish","4":"has-post-thumbnail","6":"product_brand-sdi","7":"product_cat-fogpotlas","8":"product_cat-ragasztocementek","10":"first","11":"instock","12":"taxable","13":"shipping-taxable","14":"purchasable","15":"product-type-variable"},"_links":{"self":[{"href":"https:\/\/prodental.hu\/shop\/wp-json\/wp\/v2\/product\/12040","targetHints":{"allow":["GET"]}}],"collection":[{"href":"https:\/\/prodental.hu\/shop\/wp-json\/wp\/v2\/product"}],"about":[{"href":"https:\/\/prodental.hu\/shop\/wp-json\/wp\/v2\/types\/product"}],"replies":[{"embeddable":true,"href":"https:\/\/prodental.hu\/shop\/wp-json\/wp\/v2\/comments?post=12040"}],"wp:featuredmedia":[{"embeddable":true,"href":"https:\/\/prodental.hu\/shop\/wp-json\/wp\/v2\/media\/12041"}],"wp:attachment":[{"href":"https:\/\/prodental.hu\/shop\/wp-json\/wp\/v2\/media?parent=12040"}],"wp:term":[{"taxonomy":"product_brand","embeddable":true,"href":"https:\/\/prodental.hu\/shop\/wp-json\/wp\/v2\/product_brand?post=12040"},{"taxonomy":"product_cat","embeddable":true,"href":"https:\/\/prodental.hu\/shop\/wp-json\/wp\/v2\/product_cat?post=12040"},{"taxonomy":"product_tag","embeddable":true,"href":"https:\/\/prodental.hu\/shop\/wp-json\/wp\/v2\/product_tag?post=12040"}],"curies":[{"name":"wp","href":"https:\/\/api.w.org\/{rel}","templated":true}]}}