{"id":12027,"date":"2025-11-13T11:49:42","date_gmt":"2025-11-13T11:49:42","guid":{"rendered":"https:\/\/prodental.hu\/shop\/?post_type=product&#038;p=12027"},"modified":"2025-11-13T12:18:08","modified_gmt":"2025-11-13T12:18:08","slug":"riva-light-cure-hv","status":"publish","type":"product","link":"https:\/\/prodental.hu\/shop\/product\/riva-light-cure-hv\/","title":{"rendered":"RIVA LIGHT CURE (HV)"},"content":{"rendered":"","protected":false},"excerpt":{"rendered":"<p>M\u0171gyant\u00e1val meger\u0151s\u00edtett, f\u00e9nyre k\u00f6t\u0151 \u00fcvegionomer t\u00f6m\u0151anyag.<\/p>\n<p>&#8211; SDI \u00e1ltal szabadalmazott \u201eionglass\u201d t\u00f6lt\u0151anyagot tartalmaz.<br \/>\n&#8211; Magas rugalmass\u00e1g jellemzi.<br \/>\n&#8211; Nagy mennyis\u00e9g\u0171 fluoridot ad le.<br \/>\n&#8211; A2 \u00e9s A3 sz\u00ednben, valamint kapszul\u00e1s \u00e9s por+folyad\u00e9k kiszerel\u00e9sben is el\u00e9rhet\u0151.<\/p>\n<p>A kapszul\u00e1s kiszerel\u00e9s HV (High Viscosity) konzisztenci\u00e1j\u00fa, \u00edgy kit\u0171n\u0151 foly\u00e1si tulajdons\u00e1gokkal rendelkezik.<\/p>\n","protected":false},"featured_media":12029,"comment_status":"open","ping_status":"closed","template":"","meta":{"inline_featured_image":false},"product_brand":[217],"product_cat":[272,263,220],"product_tag":[],"class_list":{"0":"post-12027","1":"product","2":"type-product","3":"status-publish","4":"has-post-thumbnail","6":"product_brand-sdi","7":"product_cat-csonkfelepites","8":"product_cat-tomeskeszites","9":"product_cat-uvegionomer-tomoanyagok","11":"first","12":"instock","13":"taxable","14":"shipping-taxable","15":"purchasable","16":"product-type-variable"},"_links":{"self":[{"href":"https:\/\/prodental.hu\/shop\/wp-json\/wp\/v2\/product\/12027","targetHints":{"allow":["GET"]}}],"collection":[{"href":"https:\/\/prodental.hu\/shop\/wp-json\/wp\/v2\/product"}],"about":[{"href":"https:\/\/prodental.hu\/shop\/wp-json\/wp\/v2\/types\/product"}],"replies":[{"embeddable":true,"href":"https:\/\/prodental.hu\/shop\/wp-json\/wp\/v2\/comments?post=12027"}],"wp:featuredmedia":[{"embeddable":true,"href":"https:\/\/prodental.hu\/shop\/wp-json\/wp\/v2\/media\/12029"}],"wp:attachment":[{"href":"https:\/\/prodental.hu\/shop\/wp-json\/wp\/v2\/media?parent=12027"}],"wp:term":[{"taxonomy":"product_brand","embeddable":true,"href":"https:\/\/prodental.hu\/shop\/wp-json\/wp\/v2\/product_brand?post=12027"},{"taxonomy":"product_cat","embeddable":true,"href":"https:\/\/prodental.hu\/shop\/wp-json\/wp\/v2\/product_cat?post=12027"},{"taxonomy":"product_tag","embeddable":true,"href":"https:\/\/prodental.hu\/shop\/wp-json\/wp\/v2\/product_tag?post=12027"}],"curies":[{"name":"wp","href":"https:\/\/api.w.org\/{rel}","templated":true}]}}