{"id":12023,"date":"2025-11-13T11:22:10","date_gmt":"2025-11-13T11:22:10","guid":{"rendered":"https:\/\/prodental.hu\/shop\/?post_type=product&#038;p=12023"},"modified":"2025-11-13T11:22:38","modified_gmt":"2025-11-13T11:22:38","slug":"radii-xpert-polimerizacios-lampa","status":"publish","type":"product","link":"https:\/\/prodental.hu\/shop\/product\/radii-xpert-polimerizacios-lampa\/","title":{"rendered":"RADII XPERT POLIMERIZ\u00c1CI\u00d3S L\u00c1MPA"},"content":{"rendered":"","protected":false},"excerpt":{"rendered":"<p>Nagy teljes\u00edtm\u00e9ny\u0171, professzion\u00e1lis LED polimeriz\u00e1ci\u00f3s l\u00e1mpa<\/p>\n<p>&#8211; Intelligens diz\u00e1jn: sz\u00e1mos polimeriz\u00e1ci\u00f3s fej (fogfeh\u00e9r\u00edt\u0151, orthodonci\u00e1s, diagnosztikai,\u00a0 csatlakoztathat\u00f3 hozz\u00e1, \u00edgy multifunkci\u00f3s l\u00e1mpak\u00e9nt haszn\u00e1lhat\u00f3<br \/>\n&#8211; C\u00e9lz\u00f3 kereszt asszisztens,<br \/>\n&#8211; Egyszer\u0171 haszn\u00e1lhat\u00f3s\u00e1g<br \/>\n&#8211; Ergon\u00f3mikus kik\u00e9pz\u00e9s<\/p>\n","protected":false},"featured_media":12024,"comment_status":"open","ping_status":"closed","template":"","meta":{"inline_featured_image":false},"product_brand":[217],"product_cat":[219],"product_tag":[],"class_list":{"0":"post-12023","1":"product","2":"type-product","3":"status-publish","4":"has-post-thumbnail","6":"product_brand-sdi","7":"product_cat-polimerizacios-lampa-kisgepek","9":"first","10":"instock","11":"taxable","12":"shipping-taxable","13":"purchasable","14":"product-type-simple"},"_links":{"self":[{"href":"https:\/\/prodental.hu\/shop\/wp-json\/wp\/v2\/product\/12023","targetHints":{"allow":["GET"]}}],"collection":[{"href":"https:\/\/prodental.hu\/shop\/wp-json\/wp\/v2\/product"}],"about":[{"href":"https:\/\/prodental.hu\/shop\/wp-json\/wp\/v2\/types\/product"}],"replies":[{"embeddable":true,"href":"https:\/\/prodental.hu\/shop\/wp-json\/wp\/v2\/comments?post=12023"}],"wp:featuredmedia":[{"embeddable":true,"href":"https:\/\/prodental.hu\/shop\/wp-json\/wp\/v2\/media\/12024"}],"wp:attachment":[{"href":"https:\/\/prodental.hu\/shop\/wp-json\/wp\/v2\/media?parent=12023"}],"wp:term":[{"taxonomy":"product_brand","embeddable":true,"href":"https:\/\/prodental.hu\/shop\/wp-json\/wp\/v2\/product_brand?post=12023"},{"taxonomy":"product_cat","embeddable":true,"href":"https:\/\/prodental.hu\/shop\/wp-json\/wp\/v2\/product_cat?post=12023"},{"taxonomy":"product_tag","embeddable":true,"href":"https:\/\/prodental.hu\/shop\/wp-json\/wp\/v2\/product_tag?post=12023"}],"curies":[{"name":"wp","href":"https:\/\/api.w.org\/{rel}","templated":true}]}}