{"id":12018,"date":"2025-11-14T13:03:01","date_gmt":"2025-11-14T13:03:01","guid":{"rendered":"https:\/\/prodental.hu\/shop\/?post_type=product&#038;p=12018"},"modified":"2025-11-24T12:33:01","modified_gmt":"2025-11-24T12:33:01","slug":"riva-luting-plus","status":"publish","type":"product","link":"https:\/\/prodental.hu\/shop\/product\/riva-luting-plus\/","title":{"rendered":"RIVA LUTING PLUS"},"content":{"rendered":"","protected":false},"excerpt":{"rendered":"<p>M\u0171gyant\u00e1val meger\u0151s\u00edtett \u00fcvegionomer ragaszt\u00f3cement<\/p>\n<ul>\n<li>SDI \u00e1ltal szabadalmazott \u201eionglass\u201d t\u00f6lt\u0151anyagot tartalmaz.<\/li>\n<li>BPA \u00e9s HEMA mentes.<\/li>\n<li>Rendk\u00edv\u00fcl er\u0151s k\u00f6t\u0151er\u0151 jellemzi.<\/li>\n<li>Nagy rugalmass\u00e1g\u00fa.<\/li>\n<li>Er\u0151s szak\u00edt\u00f3 szil\u00e1rds\u00e1g jellemzi.<\/li>\n<li>K\u00e9miailag k\u00f6t\u0151dik a foghoz \u00e9s f\u00e9m fel\u00fcletekhez.<\/li>\n<li>Haszn\u00e1lhat\u00f3 koron\u00e1khoz, hidakhoz, f\u00e9m csapokhoz, orthodonciai bracketekhez, implant\u00e1tumokhoz.<\/li>\n<\/ul>\n<p>Kaphat\u00f3 kapszul\u00e1s (50 db) \u00e9s por (25 g) + folyad\u00e9k (9 ml) kiszerel\u00e9sben is.<\/p>\n<p>A Fuji Plus alternat\u00edv\u00e1jak\u00e9nt haszn\u00e1lhat\u00f3.<\/p>\n","protected":false},"featured_media":12037,"comment_status":"open","ping_status":"closed","template":"","meta":{"inline_featured_image":false},"product_brand":[217],"product_cat":[271,214],"product_tag":[],"class_list":{"0":"post-12018","1":"product","2":"type-product","3":"status-publish","4":"has-post-thumbnail","6":"product_brand-sdi","7":"product_cat-fogpotlas","8":"product_cat-ragasztocementek","10":"first","11":"instock","12":"taxable","13":"shipping-taxable","14":"purchasable","15":"product-type-variable"},"_links":{"self":[{"href":"https:\/\/prodental.hu\/shop\/wp-json\/wp\/v2\/product\/12018","targetHints":{"allow":["GET"]}}],"collection":[{"href":"https:\/\/prodental.hu\/shop\/wp-json\/wp\/v2\/product"}],"about":[{"href":"https:\/\/prodental.hu\/shop\/wp-json\/wp\/v2\/types\/product"}],"replies":[{"embeddable":true,"href":"https:\/\/prodental.hu\/shop\/wp-json\/wp\/v2\/comments?post=12018"}],"wp:featuredmedia":[{"embeddable":true,"href":"https:\/\/prodental.hu\/shop\/wp-json\/wp\/v2\/media\/12037"}],"wp:attachment":[{"href":"https:\/\/prodental.hu\/shop\/wp-json\/wp\/v2\/media?parent=12018"}],"wp:term":[{"taxonomy":"product_brand","embeddable":true,"href":"https:\/\/prodental.hu\/shop\/wp-json\/wp\/v2\/product_brand?post=12018"},{"taxonomy":"product_cat","embeddable":true,"href":"https:\/\/prodental.hu\/shop\/wp-json\/wp\/v2\/product_cat?post=12018"},{"taxonomy":"product_tag","embeddable":true,"href":"https:\/\/prodental.hu\/shop\/wp-json\/wp\/v2\/product_tag?post=12018"}],"curies":[{"name":"wp","href":"https:\/\/api.w.org\/{rel}","templated":true}]}}