{"id":12009,"date":"2025-11-11T16:13:12","date_gmt":"2025-11-11T16:13:12","guid":{"rendered":"https:\/\/prodental.hu\/shop\/?post_type=product&#038;p=12009"},"modified":"2025-11-11T16:18:17","modified_gmt":"2025-11-11T16:18:17","slug":"pola-luminate","status":"publish","type":"product","link":"https:\/\/prodental.hu\/shop\/product\/pola-luminate\/","title":{"rendered":"POLA LUMINATE"},"content":{"rendered":"","protected":false},"excerpt":{"rendered":"<p>Ecsetes fogfeh\u00e9r\u00edt\u0151 6% hidrog\u00e9n-peroxid-dal.<\/p>\n<p>&#8211; Nincs sz\u00fcks\u00e9g lenyomat kan\u00e1l haszn\u00e1lat\u00e1ra<br \/>\n&#8211; Gyors \u00e9s egyszer\u0171 felhaszn\u00e1l\u00e1s<br \/>\n&#8211; Professzion\u00e1lis fogfeh\u00e9r\u00edt\u0151<br \/>\n&#8211; 6%-os Hyrog\u00e9n peroxid<br \/>\n&#8211; Csak 30 perc 2x naponta<br \/>\n&#8211; T\u00f6bb mint 60 applik\u00e1l\u00e1sra elegend\u0151<br \/>\n&#8211; Fluorid lead\u00f3<\/p>\n","protected":false},"featured_media":12011,"comment_status":"open","ping_status":"closed","template":"","meta":{"inline_featured_image":false},"product_brand":[217],"product_cat":[98],"product_tag":[],"class_list":{"0":"post-12009","1":"product","2":"type-product","3":"status-publish","4":"has-post-thumbnail","6":"product_brand-sdi","7":"product_cat-fogfeherites","9":"first","10":"instock","11":"taxable","12":"shipping-taxable","13":"purchasable","14":"product-type-simple"},"_links":{"self":[{"href":"https:\/\/prodental.hu\/shop\/wp-json\/wp\/v2\/product\/12009","targetHints":{"allow":["GET"]}}],"collection":[{"href":"https:\/\/prodental.hu\/shop\/wp-json\/wp\/v2\/product"}],"about":[{"href":"https:\/\/prodental.hu\/shop\/wp-json\/wp\/v2\/types\/product"}],"replies":[{"embeddable":true,"href":"https:\/\/prodental.hu\/shop\/wp-json\/wp\/v2\/comments?post=12009"}],"wp:featuredmedia":[{"embeddable":true,"href":"https:\/\/prodental.hu\/shop\/wp-json\/wp\/v2\/media\/12011"}],"wp:attachment":[{"href":"https:\/\/prodental.hu\/shop\/wp-json\/wp\/v2\/media?parent=12009"}],"wp:term":[{"taxonomy":"product_brand","embeddable":true,"href":"https:\/\/prodental.hu\/shop\/wp-json\/wp\/v2\/product_brand?post=12009"},{"taxonomy":"product_cat","embeddable":true,"href":"https:\/\/prodental.hu\/shop\/wp-json\/wp\/v2\/product_cat?post=12009"},{"taxonomy":"product_tag","embeddable":true,"href":"https:\/\/prodental.hu\/shop\/wp-json\/wp\/v2\/product_tag?post=12009"}],"curies":[{"name":"wp","href":"https:\/\/api.w.org\/{rel}","templated":true}]}}