{"id":11773,"date":"2025-11-02T17:36:34","date_gmt":"2025-11-02T17:36:34","guid":{"rendered":"https:\/\/prodental.hu\/shop\/?post_type=product&#038;p=11773"},"modified":"2026-02-05T20:11:06","modified_gmt":"2026-02-05T20:11:06","slug":"tq8-polimerizacios-lampa","status":"publish","type":"product","link":"https:\/\/prodental.hu\/shop\/product\/tq8-polimerizacios-lampa\/","title":{"rendered":"TQ8 polimeriz\u00e1ci\u00f3s l\u00e1mpa"},"content":{"rendered":"","protected":false},"excerpt":{"rendered":"[embed]https:\/\/www.youtube.com\/watch?v=MAXHbRKKQSk[\/embed]\n<p>M\u00e9retek: 250mm*120mm*60mm<br \/>\nS\u00faly: 145g<br \/>\nT\u00e1pell\u00e1t\u00e1s: DC3.6V, 800mAh \u00b110%<br \/>\nLED: 5W nagy teljes\u00edtm\u00e9ny\u0171 k\u00e9k \u200b\u200b\u00e9s lila LED-ek, 385~515nm hull\u00e1mhossz.<br \/>\nF\u00e9nyintenzit\u00e1s: 500mW\/c\u33a1 ~ 2000mW\/c\u33a1<\/p>\n<p>1. 1 m\u00e1sodperces k\u00f6t\u00e9s!<\/p>\n<p>2. F\u00e9m fej a t\u00f6r\u00e9s megel\u0151z\u00e9s\u00e9re!<\/p>\n<p>3. Import\u00e1lt LED, sz\u00e9les spektrum\u00fa k\u00e9k-ibolya f\u00e9ny<\/p>\n<p>4. A fej lapos, hogy el\u00e9rje a sz\u00e1j\u00fcreg nehezen hozz\u00e1f\u00e9rhet\u0151 r\u00e9szeit is,<br \/>\nm\u00e9g a korl\u00e1tozott sz\u00e1jny\u00edl\u00e1s\u00fa p\u00e1ciensek harmadik \u0151rl\u0151fogait is.<\/p>\n<p>5. Be\u00e9p\u00edtett f\u00e9nyintenzit\u00e1s-m\u00e9r\u0151vel<\/p>\n","protected":false},"featured_media":11307,"comment_status":"open","ping_status":"closed","template":"","meta":{"inline_featured_image":false},"product_brand":[225],"product_cat":[219],"product_tag":[],"class_list":{"0":"post-11773","1":"product","2":"type-product","3":"status-publish","4":"has-post-thumbnail","6":"product_brand-rogin-dental","7":"product_cat-polimerizacios-lampa-kisgepek","9":"first","10":"instock","11":"taxable","12":"shipping-taxable","13":"purchasable","14":"product-type-simple"},"_links":{"self":[{"href":"https:\/\/prodental.hu\/shop\/wp-json\/wp\/v2\/product\/11773","targetHints":{"allow":["GET"]}}],"collection":[{"href":"https:\/\/prodental.hu\/shop\/wp-json\/wp\/v2\/product"}],"about":[{"href":"https:\/\/prodental.hu\/shop\/wp-json\/wp\/v2\/types\/product"}],"replies":[{"embeddable":true,"href":"https:\/\/prodental.hu\/shop\/wp-json\/wp\/v2\/comments?post=11773"}],"wp:featuredmedia":[{"embeddable":true,"href":"https:\/\/prodental.hu\/shop\/wp-json\/wp\/v2\/media\/11307"}],"wp:attachment":[{"href":"https:\/\/prodental.hu\/shop\/wp-json\/wp\/v2\/media?parent=11773"}],"wp:term":[{"taxonomy":"product_brand","embeddable":true,"href":"https:\/\/prodental.hu\/shop\/wp-json\/wp\/v2\/product_brand?post=11773"},{"taxonomy":"product_cat","embeddable":true,"href":"https:\/\/prodental.hu\/shop\/wp-json\/wp\/v2\/product_cat?post=11773"},{"taxonomy":"product_tag","embeddable":true,"href":"https:\/\/prodental.hu\/shop\/wp-json\/wp\/v2\/product_tag?post=11773"}],"curies":[{"name":"wp","href":"https:\/\/api.w.org\/{rel}","templated":true}]}}