{"id":11753,"date":"2025-11-02T18:31:32","date_gmt":"2025-11-02T18:31:32","guid":{"rendered":"https:\/\/prodental.hu\/shop\/?post_type=product&#038;p=11753"},"modified":"2025-11-04T20:12:02","modified_gmt":"2025-11-04T20:12:02","slug":"primary-files-blue-gyerekfogak-kezelesehez","status":"publish","type":"product","link":"https:\/\/prodental.hu\/shop\/product\/primary-files-blue-gyerekfogak-kezelesehez\/","title":{"rendered":"Primary Files &#8211; Blue &#8211; Gyerekfogak kezel\u00e9s\u00e9hez"},"content":{"rendered":"","protected":false},"excerpt":{"rendered":"<p>Extrar\u00f6vid g\u00e9pi gy\u00f6k\u00e9rkezel\u0151 eszk\u00f6z\u00f6k gyerekfogak kezel\u00e9s\u00e9hez.<\/p>\n<p>A Blue h\u0151kezel\u00e9si elj\u00e1r\u00e1snak k\u00f6sz\u00f6nhet\u0151en rendk\u00edv\u00fcl hajl\u00e9kony, ellen\u00e1ll a t\u00f6r\u00e9snek, haszn\u00e1lata biztons\u00e1gos.<\/p>\n","protected":false},"featured_media":11802,"comment_status":"open","ping_status":"closed","template":"","meta":{"inline_featured_image":false},"product_brand":[225],"product_cat":[138,239],"product_tag":[250,268],"class_list":{"0":"post-11753","1":"product","2":"type-product","3":"status-publish","4":"has-post-thumbnail","6":"product_brand-rogin-dental","7":"product_cat-endodoncia-gyokerkezeles","8":"product_cat-gepi-gyokertagitas","9":"product_tag-gepi-tagito","10":"product_tag-gyerekfogak-gyokerkezelese","12":"first","13":"instock","14":"taxable","15":"shipping-taxable","16":"purchasable","17":"product-type-variable"},"_links":{"self":[{"href":"https:\/\/prodental.hu\/shop\/wp-json\/wp\/v2\/product\/11753","targetHints":{"allow":["GET"]}}],"collection":[{"href":"https:\/\/prodental.hu\/shop\/wp-json\/wp\/v2\/product"}],"about":[{"href":"https:\/\/prodental.hu\/shop\/wp-json\/wp\/v2\/types\/product"}],"replies":[{"embeddable":true,"href":"https:\/\/prodental.hu\/shop\/wp-json\/wp\/v2\/comments?post=11753"}],"wp:featuredmedia":[{"embeddable":true,"href":"https:\/\/prodental.hu\/shop\/wp-json\/wp\/v2\/media\/11802"}],"wp:attachment":[{"href":"https:\/\/prodental.hu\/shop\/wp-json\/wp\/v2\/media?parent=11753"}],"wp:term":[{"taxonomy":"product_brand","embeddable":true,"href":"https:\/\/prodental.hu\/shop\/wp-json\/wp\/v2\/product_brand?post=11753"},{"taxonomy":"product_cat","embeddable":true,"href":"https:\/\/prodental.hu\/shop\/wp-json\/wp\/v2\/product_cat?post=11753"},{"taxonomy":"product_tag","embeddable":true,"href":"https:\/\/prodental.hu\/shop\/wp-json\/wp\/v2\/product_tag?post=11753"}],"curies":[{"name":"wp","href":"https:\/\/api.w.org\/{rel}","templated":true}]}}