{"id":11744,"date":"2025-11-01T10:02:01","date_gmt":"2025-11-01T10:02:01","guid":{"rendered":"https:\/\/prodental.hu\/shop\/?post_type=product&#038;p=11744"},"modified":"2025-11-01T10:04:09","modified_gmt":"2025-11-01T10:04:09","slug":"retreatment-files","status":"publish","type":"product","link":"https:\/\/prodental.hu\/shop\/product\/retreatment-files\/","title":{"rendered":"Retreatment Files"},"content":{"rendered":"","protected":false},"excerpt":{"rendered":"<p>Gy\u00f6k\u00e9rt\u00f6m\u0151 anyag elt\u00e1vol\u00edt\u00e1s\u00e1ra haszn\u00e1lhat\u00f3 \u00fajrakezel\u00e9s eset\u00e9n.<\/p>\n","protected":false},"featured_media":11745,"comment_status":"open","ping_status":"closed","template":"","meta":{"inline_featured_image":false},"product_brand":[225],"product_cat":[138,239],"product_tag":[250,261,237,262],"class_list":{"0":"post-11744","1":"product","2":"type-product","3":"status-publish","4":"has-post-thumbnail","6":"product_brand-rogin-dental","7":"product_cat-endodoncia-gyokerkezeles","8":"product_cat-gepi-gyokertagitas","9":"product_tag-gepi-tagito","10":"product_tag-gyokercstorna-ujrakezelese","11":"product_tag-gyokerkezeles","12":"product_tag-retreatment-file","14":"first","15":"instock","16":"taxable","17":"shipping-taxable","18":"purchasable","19":"product-type-variable"},"_links":{"self":[{"href":"https:\/\/prodental.hu\/shop\/wp-json\/wp\/v2\/product\/11744","targetHints":{"allow":["GET"]}}],"collection":[{"href":"https:\/\/prodental.hu\/shop\/wp-json\/wp\/v2\/product"}],"about":[{"href":"https:\/\/prodental.hu\/shop\/wp-json\/wp\/v2\/types\/product"}],"replies":[{"embeddable":true,"href":"https:\/\/prodental.hu\/shop\/wp-json\/wp\/v2\/comments?post=11744"}],"wp:featuredmedia":[{"embeddable":true,"href":"https:\/\/prodental.hu\/shop\/wp-json\/wp\/v2\/media\/11745"}],"wp:attachment":[{"href":"https:\/\/prodental.hu\/shop\/wp-json\/wp\/v2\/media?parent=11744"}],"wp:term":[{"taxonomy":"product_brand","embeddable":true,"href":"https:\/\/prodental.hu\/shop\/wp-json\/wp\/v2\/product_brand?post=11744"},{"taxonomy":"product_cat","embeddable":true,"href":"https:\/\/prodental.hu\/shop\/wp-json\/wp\/v2\/product_cat?post=11744"},{"taxonomy":"product_tag","embeddable":true,"href":"https:\/\/prodental.hu\/shop\/wp-json\/wp\/v2\/product_tag?post=11744"}],"curies":[{"name":"wp","href":"https:\/\/api.w.org\/{rel}","templated":true}]}}