{"id":11697,"date":"2025-11-01T09:49:45","date_gmt":"2025-11-01T09:49:45","guid":{"rendered":"https:\/\/prodental.hu\/shop\/?post_type=product&#038;p=11697"},"modified":"2026-03-06T08:20:09","modified_gmt":"2026-03-06T08:20:09","slug":"recip-one-files-blue","status":"publish","type":"product","link":"https:\/\/prodental.hu\/shop\/product\/recip-one-files-blue\/","title":{"rendered":"Recip-One Files Blue"},"content":{"rendered":"","protected":false},"excerpt":{"rendered":"<p><strong><span style=\"color: #ff0000;\">V\u00e1s\u00e1roljon 2 lev\u00e9l b\u00e1rmilyen m\u00e9ret\u0171 Recip-One Files Blue reciprok mozg\u00e1s\u00fa g\u00e9pi gy\u00f6k\u00e9rcstorna t\u00e1g\u00edt\u00f3t a 20 % kedvezm\u00e9ny\u00e9rt!<\/span><\/strong><\/p>\n<p><strong><span style=\"color: #ff0000;\">A kedvezm\u00e9nyt a sz\u00e1ml\u00e1n \u00edrjuk j\u00f3v\u00e1!<\/span><\/strong><\/p>\n<p>A Recip-One File rendszer file-kioszt\u00e1sa megegyezik a VDW Reciproc Blue rendszer\u00e9vel (R25, R40, R50), de lehet\u0151s\u00e9g van tov\u00e1bbi 2 m\u00e9ret (R30 \u00e9s R35) v\u00e1laszt\u00e1s\u00e1ra is!<\/p>\n<p>Egyt\u0171s t\u00e1g\u00edt\u00f3rendszer, k\u00f6nnyen megtanulhat\u00f3 \u00e9s haszn\u00e1lhat\u00f3.<br \/>\nAz S alak\u00fa keresztmetszet maxim\u00e1lis v\u00e1g\u00e1si hat\u00e9konys\u00e1got biztos\u00edt.<\/p>\n<p>A Blue h\u0151kezel\u00e9s fokozza a biztons\u00e1got \u00e9s a hat\u00e9konys\u00e1got, a h\u0151kezel\u00e9snek k\u00f6sz\u00f6nhet\u0151en hajl\u00e9konyabb \u00e9s a t\u00f6r\u00e9ssel szemben ellen\u00e1ll\u00f3bb lesz az eszk\u00f6z.<\/p>\n<p>A reciprok mozg\u00e1s (150\u00b0-30\u00b0) nagyobb ellen\u00e1ll\u00e1st biztos\u00edt a ciklikus f\u00e1rad\u00e1ssal szemben,<br \/>\n\u00e9s cs\u00f6kkenti a dentin reped\u00e9seit az apik\u00e1lis harmadban.<\/p>\n<p>Haszn\u00e1lhat\u00f3 a gy\u00f6k\u00e9rt\u00f6m\u00e9s elt\u00e1vol\u00edt\u00e1s\u00e1ra \u00fajrakezel\u00e9skor.<\/p>\n<p>&nbsp;<\/p>\n","protected":false},"featured_media":12635,"comment_status":"open","ping_status":"closed","template":"","meta":{"inline_featured_image":false},"product_brand":[225],"product_cat":[281,138,239],"product_tag":[250,261,237,260],"class_list":{"0":"post-11697","1":"product","2":"type-product","3":"status-publish","4":"has-post-thumbnail","6":"product_brand-rogin-dental","7":"product_cat-akciok","8":"product_cat-endodoncia-gyokerkezeles","9":"product_cat-gepi-gyokertagitas","10":"product_tag-gepi-tagito","11":"product_tag-gyokercstorna-ujrakezelese","12":"product_tag-gyokerkezeles","13":"product_tag-reciproc-blue","15":"first","16":"instock","17":"taxable","18":"shipping-taxable","19":"purchasable","20":"product-type-variable"},"_links":{"self":[{"href":"https:\/\/prodental.hu\/shop\/wp-json\/wp\/v2\/product\/11697","targetHints":{"allow":["GET"]}}],"collection":[{"href":"https:\/\/prodental.hu\/shop\/wp-json\/wp\/v2\/product"}],"about":[{"href":"https:\/\/prodental.hu\/shop\/wp-json\/wp\/v2\/types\/product"}],"replies":[{"embeddable":true,"href":"https:\/\/prodental.hu\/shop\/wp-json\/wp\/v2\/comments?post=11697"}],"wp:featuredmedia":[{"embeddable":true,"href":"https:\/\/prodental.hu\/shop\/wp-json\/wp\/v2\/media\/12635"}],"wp:attachment":[{"href":"https:\/\/prodental.hu\/shop\/wp-json\/wp\/v2\/media?parent=11697"}],"wp:term":[{"taxonomy":"product_brand","embeddable":true,"href":"https:\/\/prodental.hu\/shop\/wp-json\/wp\/v2\/product_brand?post=11697"},{"taxonomy":"product_cat","embeddable":true,"href":"https:\/\/prodental.hu\/shop\/wp-json\/wp\/v2\/product_cat?post=11697"},{"taxonomy":"product_tag","embeddable":true,"href":"https:\/\/prodental.hu\/shop\/wp-json\/wp\/v2\/product_tag?post=11697"}],"curies":[{"name":"wp","href":"https:\/\/api.w.org\/{rel}","templated":true}]}}