{"id":11671,"date":"2025-10-30T21:08:18","date_gmt":"2025-10-30T21:08:18","guid":{"rendered":"https:\/\/prodental.hu\/shop\/?post_type=product&#038;p=11671"},"modified":"2025-11-01T09:06:37","modified_gmt":"2025-11-01T09:06:37","slug":"sup-taper-next-files-blue-6db","status":"publish","type":"product","link":"https:\/\/prodental.hu\/shop\/product\/sup-taper-next-files-blue-6db\/","title":{"rendered":"Sup-Taper Next Files &#8211; Blue (6db)"},"content":{"rendered":"","protected":false},"excerpt":{"rendered":"<p>A Sup-Taper Files Next rendszer file-kioszt\u00e1sa megegyezik a Protaper Next rendszer file-kioszt\u00e1s\u00e1val.<\/p>\n<p>Kiv\u00e1l\u00f3an haszn\u00e1lhat\u00f3 neh\u00e9z anat\u00f3miai helyzetben (keskeny, er\u0151sen \u00edvelt csatorn\u00e1k) egyedi hull\u00e1mszer\u0171 mozg\u00e1s\u00e1nak \u00e9s a nagyfok\u00fa rugalmass\u00e1gnak k\u00f6sz\u00f6nhet\u0151en, amely a Blue h\u0151kezel\u00e9si technik\u00e1nak k\u00f6sz\u00f6nhet\u0151.<br \/>\nR\u00f6videbb eszk\u00f6z-sorozat \u00e9s hat\u00e9kony v\u00e1g\u00e1si teljes\u00edtm\u00e9ny jellemzi.<br \/>\nHaszn\u00e1lhat\u00f3 b\u00e1rmilyen szabv\u00e1nyos endo-motorral.<br \/>\nA legt\u00f6bb eset 2 f\u00e1jllal megoldhat\u00f3 (X1, X2).<\/p>\n","protected":false},"featured_media":11690,"comment_status":"open","ping_status":"closed","template":"","meta":{"inline_featured_image":false},"product_brand":[225],"product_cat":[138,239],"product_tag":[250,237,259],"class_list":{"0":"post-11671","1":"product","2":"type-product","3":"status-publish","4":"has-post-thumbnail","6":"product_brand-rogin-dental","7":"product_cat-endodoncia-gyokerkezeles","8":"product_cat-gepi-gyokertagitas","9":"product_tag-gepi-tagito","10":"product_tag-gyokerkezeles","11":"product_tag-protaper-next","13":"first","14":"instock","15":"taxable","16":"shipping-taxable","17":"purchasable","18":"product-type-variable"},"_links":{"self":[{"href":"https:\/\/prodental.hu\/shop\/wp-json\/wp\/v2\/product\/11671","targetHints":{"allow":["GET"]}}],"collection":[{"href":"https:\/\/prodental.hu\/shop\/wp-json\/wp\/v2\/product"}],"about":[{"href":"https:\/\/prodental.hu\/shop\/wp-json\/wp\/v2\/types\/product"}],"replies":[{"embeddable":true,"href":"https:\/\/prodental.hu\/shop\/wp-json\/wp\/v2\/comments?post=11671"}],"wp:featuredmedia":[{"embeddable":true,"href":"https:\/\/prodental.hu\/shop\/wp-json\/wp\/v2\/media\/11690"}],"wp:attachment":[{"href":"https:\/\/prodental.hu\/shop\/wp-json\/wp\/v2\/media?parent=11671"}],"wp:term":[{"taxonomy":"product_brand","embeddable":true,"href":"https:\/\/prodental.hu\/shop\/wp-json\/wp\/v2\/product_brand?post=11671"},{"taxonomy":"product_cat","embeddable":true,"href":"https:\/\/prodental.hu\/shop\/wp-json\/wp\/v2\/product_cat?post=11671"},{"taxonomy":"product_tag","embeddable":true,"href":"https:\/\/prodental.hu\/shop\/wp-json\/wp\/v2\/product_tag?post=11671"}],"curies":[{"name":"wp","href":"https:\/\/api.w.org\/{rel}","templated":true}]}}