{"id":11617,"date":"2025-10-26T18:50:28","date_gmt":"2025-10-26T18:50:28","guid":{"rendered":"https:\/\/prodental.hu\/shop\/?post_type=product&#038;p=11617"},"modified":"2025-10-26T18:50:28","modified_gmt":"2025-10-26T18:50:28","slug":"super-flexi-files-aurora","status":"publish","type":"product","link":"https:\/\/prodental.hu\/shop\/product\/super-flexi-files-aurora\/","title":{"rendered":"Super-Flexi Files &#8211; Aurora"},"content":{"rendered":"","protected":false},"excerpt":{"rendered":"<p>Tompa hegy a gy\u00f6k\u00e9rcs\u00facs-penetr\u00e1ci\u00f3 oldalir\u00e1ny\u00fa\u00a0 \u00e9s sz\u00e9th\u00faz\u00e1s\u00e1nak elker\u00fcl\u00e9se \u00e9rdek\u00e9ben.<\/p>\n<p>Keresztmetszet n\u00e9gyzet alak\u00fa \u00e9s hat\u00e9kony v\u00e1g\u00e1s\u00fa, a rugalmas reszel\u0151k igazodnak a gy\u00f6k\u00e9rcsatorna eredeti alakj\u00e1hoz, \u00e9s sima csatornafalat hoznak l\u00e9tre.<\/p>\n<p>A v\u00e1ltoz\u00f3 keresztmetszet\u0171 \u00e9s oszt\u00e1s\u00fa kialak\u00edt\u00e1s\u00fa r\u00e9sz n\u00f6veli a reszel\u0151 t\u00f6r\u00e9s\u00e1ll\u00f3s\u00e1g\u00e1t \u00e9s jav\u00edtja a v\u00e1g\u00e1si t\u00f6rmel\u00e9k elt\u00e1vol\u00edt\u00e1s\u00e1t.<\/p>\n<p>Az Aurora kivitel egy egyedi \u00e9s innovat\u00edv technol\u00f3gi\u00e1t jelent (a Blue \u00e9s a Gold h\u0151kezel\u00e9s \u00f6tv\u00f6z\u00e9se).<br \/>\nA Nano-Ti anyagbevonatnak k\u00f6sz\u00f6nhet\u0151en megjelen\u00e9se sarki f\u00e9nyhez hasonl\u00f3 sz\u00ednt k\u00f6lcs\u00f6n\u00f6z.<br \/>\nJelent\u0151sen jav\u00edtja a NITI g\u00e9pi t\u00e1g\u00edt\u00f3rendszerek k\u00fcl\u00f6nb\u00f6z\u0151 teljes\u00edtm\u00e9ny\u00e9t.<br \/>\n\u00d6tv\u00f6zi a kiv\u00e1l\u00f3 v\u00e1g\u00e1si tulajdons\u00e1got \u00e9s flexibilit\u00e1st, az \u00f6sszteljes\u00edtm\u00e9ny javult, \u00edgy \u00edgy v\u00e1lik egy kiegyens\u00falyozottabb term\u00e9kk\u00e9.<\/p>\n","protected":false},"featured_media":11298,"comment_status":"open","ping_status":"closed","template":"","meta":{"inline_featured_image":false},"product_brand":[225],"product_cat":[138,239],"product_tag":[255,250,254],"class_list":{"0":"post-11617","1":"product","2":"type-product","3":"status-publish","4":"has-post-thumbnail","6":"product_brand-rogin-dental","7":"product_cat-endodoncia-gyokerkezeles","8":"product_cat-gepi-gyokertagitas","9":"product_tag-egyedi-formatervezes","10":"product_tag-gepi-tagito","11":"product_tag-szuperflexibilis","13":"first","14":"instock","15":"taxable","16":"shipping-taxable","17":"purchasable","18":"product-type-variable"},"_links":{"self":[{"href":"https:\/\/prodental.hu\/shop\/wp-json\/wp\/v2\/product\/11617","targetHints":{"allow":["GET"]}}],"collection":[{"href":"https:\/\/prodental.hu\/shop\/wp-json\/wp\/v2\/product"}],"about":[{"href":"https:\/\/prodental.hu\/shop\/wp-json\/wp\/v2\/types\/product"}],"replies":[{"embeddable":true,"href":"https:\/\/prodental.hu\/shop\/wp-json\/wp\/v2\/comments?post=11617"}],"wp:featuredmedia":[{"embeddable":true,"href":"https:\/\/prodental.hu\/shop\/wp-json\/wp\/v2\/media\/11298"}],"wp:attachment":[{"href":"https:\/\/prodental.hu\/shop\/wp-json\/wp\/v2\/media?parent=11617"}],"wp:term":[{"taxonomy":"product_brand","embeddable":true,"href":"https:\/\/prodental.hu\/shop\/wp-json\/wp\/v2\/product_brand?post=11617"},{"taxonomy":"product_cat","embeddable":true,"href":"https:\/\/prodental.hu\/shop\/wp-json\/wp\/v2\/product_cat?post=11617"},{"taxonomy":"product_tag","embeddable":true,"href":"https:\/\/prodental.hu\/shop\/wp-json\/wp\/v2\/product_tag?post=11617"}],"curies":[{"name":"wp","href":"https:\/\/api.w.org\/{rel}","templated":true}]}}